{"id":5726,"date":"2024-07-16T14:42:03","date_gmt":"2024-07-16T11:42:03","guid":{"rendered":"https:\/\/ecoshop.ee\/?post_type=product&#038;p=5726"},"modified":"2025-12-25T19:43:05","modified_gmt":"2025-12-25T16:43:05","slug":"korka-telefona-stativs","status":"publish","type":"product","link":"https:\/\/ecoshop.ee\/lv\/tarvikud\/korgist-telefonialus\/","title":{"rendered":"Kor\u0137a telefona stat\u012bvs"},"content":{"rendered":"<p>M\u016bsu kor\u0137a telefona stat\u012bvs ir ide\u0101ls aksesu\u0101rs j\u016bsu rakst\u0101mgaldam vai naktsskap\u012btim. Izgatavots no dab\u012bg\u0101 kor\u0137a 100%, \u0161is tur\u0113t\u0101js atbalsta j\u016bsu t\u0101lruni perfekt\u0101 skata le\u0146\u0137\u012b, kas ir ide\u0101li piem\u0113rots videozvaniem, multivides skat\u012b\u0161anai vai pazi\u0146ojumu p\u0101rbaudei.<\/p>\n<p>Kor\u0137a materi\u0101ls ir ilgtsp\u0113j\u012bgs un nodro\u0161ina nesl\u012bdo\u0161u virsmu, kas dro\u0161i notur j\u016bsu ier\u012bci sav\u0101 viet\u0101. Minim\u0101listiskais dizains un kompaktais izm\u0113rs padara to par praktisku papildin\u0101jumu jebkurai telpai, savuk\u0101rt kor\u0137is pie\u0161\u0137ir dabisku stilu.<\/p>\n<p>&nbsp;<\/p>\n<p><strong>Izm\u0113ri:<\/strong><\/p>\n<ul>\n<li>Garums: 13 cm<\/li>\n<li>Platums: 8 cm<\/li>\n<li>Augstums: 2 cm<\/li>\n<\/ul>","protected":false},"excerpt":{"rendered":"<p>Meie korgist telefonialus on ideaalne aksessuaar teie lauale v\u00f5i \u00f6\u00f6kapile. Valmistatud 100% looduslikust korgist, see hoidik toetab telefoni ideaalse vaatenurga all, sobides&hellip;<\/p>","protected":false},"featured_media":5727,"comment_status":"open","ping_status":"closed","template":"","meta":{"wprm-recipe-roundup-name":"","wprm-recipe-roundup-description":""},"product_brand":[],"product_cat":[245],"product_tag":[252],"class_list":{"0":"post-5726","1":"product","2":"type-product","3":"status-publish","4":"has-post-thumbnail","6":"product_cat-tarvikud","7":"product_tag-telefonialus","9":"first","10":"instock","11":"taxable","12":"shipping-taxable","13":"purchasable","14":"product-type-simple"},"supplier_id":9159,"supplier_sku":"","barcode":null,"atum_controlled":true,"out_stock_date":null,"out_stock_threshold":null,"inheritable":false,"inbound_stock":0,"stock_on_hold":0,"sold_today":0,"sales_last_days":0,"reserved_stock":0,"customer_returns":0,"warehouse_damage":0,"lost_in_post":0,"other_logs":0,"out_stock_days":0,"lost_sales":0,"has_location":false,"update_date":"2026-03-07T01:16:09","atum_locations":[],"atum_stock_status":"instock","restock_status":false,"low_stock_amount":"","sales_update_date":"2026-03-07T01:16:09","calc_backorders":null,"aioseo_notices":[],"_links":{"self":[{"href":"https:\/\/ecoshop.ee\/lv\/wp-json\/wp\/v2\/product\/5726","targetHints":{"allow":["GET"]}}],"collection":[{"href":"https:\/\/ecoshop.ee\/lv\/wp-json\/wp\/v2\/product"}],"about":[{"href":"https:\/\/ecoshop.ee\/lv\/wp-json\/wp\/v2\/types\/product"}],"replies":[{"embeddable":true,"href":"https:\/\/ecoshop.ee\/lv\/wp-json\/wp\/v2\/comments?post=5726"}],"version-history":[{"count":0,"href":"https:\/\/ecoshop.ee\/lv\/wp-json\/wp\/v2\/product\/5726\/revisions"}],"wp:featuredmedia":[{"embeddable":true,"href":"https:\/\/ecoshop.ee\/lv\/wp-json\/wp\/v2\/media\/5727"}],"wp:attachment":[{"href":"https:\/\/ecoshop.ee\/lv\/wp-json\/wp\/v2\/media?parent=5726"}],"wp:term":[{"taxonomy":"product_brand","embeddable":true,"href":"https:\/\/ecoshop.ee\/lv\/wp-json\/wp\/v2\/product_brand?post=5726"},{"taxonomy":"product_cat","embeddable":true,"href":"https:\/\/ecoshop.ee\/lv\/wp-json\/wp\/v2\/product_cat?post=5726"},{"taxonomy":"product_tag","embeddable":true,"href":"https:\/\/ecoshop.ee\/lv\/wp-json\/wp\/v2\/product_tag?post=5726"}],"curies":[{"name":"wp","href":"https:\/\/api.w.org\/{rel}","templated":true}]}}