{"id":5732,"date":"2024-07-16T15:03:44","date_gmt":"2024-07-16T12:03:44","guid":{"rendered":"https:\/\/ecoshop.ee\/?post_type=product&#038;p=5732"},"modified":"2025-12-25T19:36:48","modified_gmt":"2025-12-25T16:36:48","slug":"klasiska-viriesu-korka-josta-bez-caurumiem","status":"publish","type":"product","link":"https:\/\/ecoshop.ee\/lv\/rihmad\/klassikaline-meeste-auguvaba-korgist-puksirihm\/","title":{"rendered":"Klasiska v\u012brie\u0161u kor\u0137a josta bez caurumiem"},"content":{"rendered":"<p>Klasiska kor\u0137a josta bez caurumiem - m\u016b\u017e\u012bgas elegances un inovat\u012bvas funkcionalit\u0101tes apvienojums. Jostai nav caurumu, un tai ir vieds regul\u0113\u0161anas meh\u0101nisms aizmugur\u0113, kas \u013cauj prec\u012bzi regul\u0113t garumu l\u012bdz 23 cm.<\/p>\n<p>Garuma regul\u0113\u0161ana ir vienk\u0101r\u0161a: atveriet stil\u012bgo melno spr\u0101dzi, noregul\u0113jiet siksnu un piestipriniet to ar klik\u0161\u0137i. \u0160is dizains nodro\u0161ina komfortu un piel\u0101gojas viduk\u013ca apk\u0101rtm\u0113ra izmai\u0146\u0101m. Divpus\u0113jais greznais melnais kor\u0137is laika gait\u0101 saglab\u0101s savu skaistumu. Izv\u0113lieties m\u016bsu kor\u0137a bik\u0161u jostas, ja nov\u0113rt\u0113jat ilgtsp\u0113j\u012bgu un stil\u012bgu meistar\u012bbu!<\/p>\n<p>&nbsp;<\/p>\n<p><strong>Lielsused:<\/strong><\/p>\n<ul>\n<li>Garums: 120 cm<\/li>\n<li>Platums: 3,5 cm<\/li>\n<\/ul>","protected":false},"excerpt":{"rendered":"<p>Klassikaline auguvaba korgist p\u00fcksirihm \u2013 ajatu elegantsi ja uuendusliku funktsionaalsuse kooslus. V\u00f6\u00f6l puuduvad augud ja selle tagak\u00fcljel on nutikas reguleerimismehhanism, mis v\u00f5imaldab&hellip;<\/p>","protected":false},"featured_media":5733,"comment_status":"open","ping_status":"closed","template":"","meta":{"wprm-recipe-roundup-name":"","wprm-recipe-roundup-description":""},"product_brand":[],"product_cat":[244],"product_tag":[],"class_list":{"0":"post-5732","1":"product","2":"type-product","3":"status-publish","4":"has-post-thumbnail","6":"product_cat-rihmad","8":"first","9":"instock","10":"taxable","11":"shipping-taxable","12":"purchasable","13":"product-type-simple"},"supplier_id":9159,"supplier_sku":"","barcode":null,"atum_controlled":true,"out_stock_date":null,"out_stock_threshold":null,"inheritable":false,"inbound_stock":0,"stock_on_hold":0,"sold_today":0,"sales_last_days":0,"reserved_stock":0,"customer_returns":0,"warehouse_damage":0,"lost_in_post":0,"other_logs":0,"out_stock_days":0,"lost_sales":0,"has_location":false,"update_date":"2026-03-07T01:16:09","atum_locations":[],"atum_stock_status":"instock","restock_status":false,"low_stock_amount":"","sales_update_date":"2026-03-07T01:16:09","calc_backorders":null,"aioseo_notices":[],"_links":{"self":[{"href":"https:\/\/ecoshop.ee\/lv\/wp-json\/wp\/v2\/product\/5732","targetHints":{"allow":["GET"]}}],"collection":[{"href":"https:\/\/ecoshop.ee\/lv\/wp-json\/wp\/v2\/product"}],"about":[{"href":"https:\/\/ecoshop.ee\/lv\/wp-json\/wp\/v2\/types\/product"}],"replies":[{"embeddable":true,"href":"https:\/\/ecoshop.ee\/lv\/wp-json\/wp\/v2\/comments?post=5732"}],"version-history":[{"count":0,"href":"https:\/\/ecoshop.ee\/lv\/wp-json\/wp\/v2\/product\/5732\/revisions"}],"wp:featuredmedia":[{"embeddable":true,"href":"https:\/\/ecoshop.ee\/lv\/wp-json\/wp\/v2\/media\/5733"}],"wp:attachment":[{"href":"https:\/\/ecoshop.ee\/lv\/wp-json\/wp\/v2\/media?parent=5732"}],"wp:term":[{"taxonomy":"product_brand","embeddable":true,"href":"https:\/\/ecoshop.ee\/lv\/wp-json\/wp\/v2\/product_brand?post=5732"},{"taxonomy":"product_cat","embeddable":true,"href":"https:\/\/ecoshop.ee\/lv\/wp-json\/wp\/v2\/product_cat?post=5732"},{"taxonomy":"product_tag","embeddable":true,"href":"https:\/\/ecoshop.ee\/lv\/wp-json\/wp\/v2\/product_tag?post=5732"}],"curies":[{"name":"wp","href":"https:\/\/api.w.org\/{rel}","templated":true}]}}