{"id":5992,"date":"2024-07-18T13:59:20","date_gmt":"2024-07-18T10:59:20","guid":{"rendered":"https:\/\/ecoshop.ee\/?post_type=product&#038;p=5992"},"modified":"2024-11-09T01:31:31","modified_gmt":"2024-11-08T22:31:31","slug":"stiligs-dabiga-korka-pulkstenis-davanu-kastite-2","status":"publish","type":"product","link":"https:\/\/ecoshop.ee\/lv\/kaekellad-ja-ehted\/naturaalsest-korgist-stiilne-kaekell-kinkekarbis-2\/","title":{"rendered":"Stil\u012bgs pulkstenis no dab\u012bg\u0101 kor\u0137a d\u0101vanu kast\u012bt\u0113"},"content":{"rendered":"<p>\u0160is stil\u012bgais pulkstenis ir lieliska d\u0101vana sev vai saviem m\u012b\u013cajiem. Pulkstenim ir divas main\u0101mas siksni\u0146as \u2013 viena izgatavota no dab\u012bg\u0101 kor\u0137a, bet otra \u2013 no tum\u0161\u0101 kor\u0137a. Dab\u012bgais kor\u0137is nodro\u0161ina vieglumu un komfortu, savuk\u0101rt unik\u0101lais kor\u0137a raksts un kr\u0101sa pie\u0161\u0137ir stilu. Pulkste\u0146a m\u016b\u017e\u012bgais un univers\u0101lais dizains ir lieliski piem\u0113rots gan ikdienas valk\u0101\u0161anai, gan svin\u012bg\u0101kiem gad\u012bjumiem. \u0160is daudzpus\u012bgais un videi draudz\u012bgais aksesu\u0101rs ir lieliska izv\u0113le, kas piem\u0113rota gan v\u012brie\u0161iem, gan sieviet\u0113m.<\/p>\n<p>&nbsp;<\/p>\n<p><strong>Lielsused:<\/strong><\/p>\n<ul>\n<li>Garums: 23 cm<\/li>\n<li>Ciparn\u012bcas platums: 4 cm<\/li>\n<li>Siksni\u0146as platums: 1,8 cm<\/li>\n<\/ul>","protected":false},"excerpt":{"rendered":"<p>See stiilne k\u00e4ekell on t\u00e4iuslik kingitus nii iseendale kui l\u00e4hedastele. Kellaga on kaasas kaks vahetatavat rihma \u2013 \u00fcks naturaalse v\u00e4rvusega korgist ja&hellip;<\/p>","protected":false},"featured_media":5993,"comment_status":"open","ping_status":"closed","template":"","meta":{"wprm-recipe-roundup-name":"","wprm-recipe-roundup-description":""},"product_brand":[],"product_cat":[243],"product_tag":[222],"class_list":{"0":"post-5992","1":"product","2":"type-product","3":"status-publish","4":"has-post-thumbnail","6":"product_cat-kaekellad-ja-ehted","7":"product_tag-kell","9":"first","10":"instock","11":"taxable","12":"shipping-taxable","13":"purchasable","14":"product-type-simple"},"supplier_id":9159,"supplier_sku":"","barcode":null,"atum_controlled":true,"out_stock_date":null,"out_stock_threshold":null,"inheritable":false,"inbound_stock":0,"stock_on_hold":0,"sold_today":0,"sales_last_days":0,"reserved_stock":0,"customer_returns":0,"warehouse_damage":0,"lost_in_post":0,"other_logs":0,"out_stock_days":0,"lost_sales":0,"has_location":false,"update_date":"2026-03-07T01:16:01","atum_locations":[],"atum_stock_status":"instock","restock_status":false,"low_stock_amount":"","sales_update_date":"2026-03-07T01:16:01","calc_backorders":null,"aioseo_notices":[],"_links":{"self":[{"href":"https:\/\/ecoshop.ee\/lv\/wp-json\/wp\/v2\/product\/5992","targetHints":{"allow":["GET"]}}],"collection":[{"href":"https:\/\/ecoshop.ee\/lv\/wp-json\/wp\/v2\/product"}],"about":[{"href":"https:\/\/ecoshop.ee\/lv\/wp-json\/wp\/v2\/types\/product"}],"replies":[{"embeddable":true,"href":"https:\/\/ecoshop.ee\/lv\/wp-json\/wp\/v2\/comments?post=5992"}],"version-history":[{"count":0,"href":"https:\/\/ecoshop.ee\/lv\/wp-json\/wp\/v2\/product\/5992\/revisions"}],"wp:featuredmedia":[{"embeddable":true,"href":"https:\/\/ecoshop.ee\/lv\/wp-json\/wp\/v2\/media\/5993"}],"wp:attachment":[{"href":"https:\/\/ecoshop.ee\/lv\/wp-json\/wp\/v2\/media?parent=5992"}],"wp:term":[{"taxonomy":"product_brand","embeddable":true,"href":"https:\/\/ecoshop.ee\/lv\/wp-json\/wp\/v2\/product_brand?post=5992"},{"taxonomy":"product_cat","embeddable":true,"href":"https:\/\/ecoshop.ee\/lv\/wp-json\/wp\/v2\/product_cat?post=5992"},{"taxonomy":"product_tag","embeddable":true,"href":"https:\/\/ecoshop.ee\/lv\/wp-json\/wp\/v2\/product_tag?post=5992"}],"curies":[{"name":"wp","href":"https:\/\/api.w.org\/{rel}","templated":true}]}}