{"id":6075,"date":"2024-07-18T21:17:37","date_gmt":"2024-07-18T18:17:37","guid":{"rendered":"https:\/\/ecoshop.ee\/?post_type=product&#038;p=6075"},"modified":"2025-12-25T19:43:06","modified_gmt":"2025-12-25T16:43:06","slug":"korka-un-nerusejosa-terauda-majdzivnieku-blodas","status":"publish","type":"product","link":"https:\/\/ecoshop.ee\/lv\/tarvikud\/korgist-ja-roostevabast-terasest-lemmiklooma-soogikausid\/","title":{"rendered":"Kor\u0137a un ner\u016bs\u0113jo\u0161\u0101 t\u0113rauda m\u0101jdz\u012bvnieku b\u013codas"},"content":{"rendered":"<p>M\u0101jdz\u012bvnieku bar\u012bbas papl\u0101te ar v\u0101ku un ner\u016bs\u0113jo\u0161\u0101 t\u0113rauda b\u013codi\u0146\u0101m ir perfekti praktiska un stil\u012bga izv\u0113le j\u016bsu m\u0101j\u0101m un m\u0101jdz\u012bvniekam.<\/p>\n<p>Pamatne ir izgatavota no 100% dab\u012bg\u0101 kor\u0137a granul\u0101m un nodro\u0161ina stabilu un videi draudz\u012bgu bar\u012bbas papl\u0101ti j\u016bsu m\u0101jdz\u012bvniekam. Kor\u0137is ir ne tikai ilgtsp\u0113j\u012bgs, bet ar\u012b dabiski mitrumiztur\u012bgs un smaku iztur\u012bgs, nodro\u0161inot ilgsto\u0161u un higi\u0113nisku \u0113\u0161anas vietu j\u016bsu lab\u0101kajam draugam.<\/p>\n<p>&nbsp;<\/p>\n<p><strong>Izm\u0113ri:<\/strong><\/p>\n<ul>\n<li>Garums: 30 cm<\/li>\n<li>Platums: 17 cm<\/li>\n<li>Augstums: 5 cm<\/li>\n<\/ul>","protected":false},"excerpt":{"rendered":"<p>Korkalusega ja roostevabast terasest kaussidega s\u00f6\u00f6gialus on ideaalselt praktiline ja stiilne valik sinu koju ja lemmikloomale. P\u00f5hi on valmistatud 100% looduslikest korkgraanulitest&hellip;<\/p>","protected":false},"featured_media":6076,"comment_status":"open","ping_status":"closed","template":"","meta":{"wprm-recipe-roundup-name":"","wprm-recipe-roundup-description":""},"product_brand":[],"product_cat":[245],"product_tag":[],"class_list":{"0":"post-6075","1":"product","2":"type-product","3":"status-publish","4":"has-post-thumbnail","6":"product_cat-tarvikud","8":"first","9":"instock","10":"taxable","11":"shipping-taxable","12":"purchasable","13":"product-type-simple"},"supplier_id":9159,"supplier_sku":"","barcode":null,"atum_controlled":true,"out_stock_date":null,"out_stock_threshold":null,"inheritable":false,"inbound_stock":0,"stock_on_hold":0,"sold_today":0,"sales_last_days":0,"reserved_stock":0,"customer_returns":0,"warehouse_damage":0,"lost_in_post":0,"other_logs":0,"out_stock_days":0,"lost_sales":0,"has_location":false,"update_date":"2026-03-07T01:16:09","atum_locations":[],"atum_stock_status":"instock","restock_status":false,"low_stock_amount":"","sales_update_date":"2026-03-07T01:16:09","calc_backorders":null,"aioseo_notices":[],"_links":{"self":[{"href":"https:\/\/ecoshop.ee\/lv\/wp-json\/wp\/v2\/product\/6075","targetHints":{"allow":["GET"]}}],"collection":[{"href":"https:\/\/ecoshop.ee\/lv\/wp-json\/wp\/v2\/product"}],"about":[{"href":"https:\/\/ecoshop.ee\/lv\/wp-json\/wp\/v2\/types\/product"}],"replies":[{"embeddable":true,"href":"https:\/\/ecoshop.ee\/lv\/wp-json\/wp\/v2\/comments?post=6075"}],"version-history":[{"count":0,"href":"https:\/\/ecoshop.ee\/lv\/wp-json\/wp\/v2\/product\/6075\/revisions"}],"wp:featuredmedia":[{"embeddable":true,"href":"https:\/\/ecoshop.ee\/lv\/wp-json\/wp\/v2\/media\/6076"}],"wp:attachment":[{"href":"https:\/\/ecoshop.ee\/lv\/wp-json\/wp\/v2\/media?parent=6075"}],"wp:term":[{"taxonomy":"product_brand","embeddable":true,"href":"https:\/\/ecoshop.ee\/lv\/wp-json\/wp\/v2\/product_brand?post=6075"},{"taxonomy":"product_cat","embeddable":true,"href":"https:\/\/ecoshop.ee\/lv\/wp-json\/wp\/v2\/product_cat?post=6075"},{"taxonomy":"product_tag","embeddable":true,"href":"https:\/\/ecoshop.ee\/lv\/wp-json\/wp\/v2\/product_tag?post=6075"}],"curies":[{"name":"wp","href":"https:\/\/api.w.org\/{rel}","templated":true}]}}