{"id":6081,"date":"2024-07-18T21:56:15","date_gmt":"2024-07-18T18:56:15","guid":{"rendered":"https:\/\/ecoshop.ee\/?post_type=product&#038;p=6081"},"modified":"2025-12-25T19:40:50","modified_gmt":"2025-12-25T16:40:50","slug":"korka-rokassoma-ikdienas-lietosanai","status":"publish","type":"product","link":"https:\/\/ecoshop.ee\/lv\/kotid\/korgist-kaekott-igapaevaseks-kasutamiseks\/","title":{"rendered":"Kor\u0137a rokassoma ikdienas lieto\u0161anai"},"content":{"rendered":"<p>Stil\u012bga un praktiska kor\u0137a rokassoma ikdienas lieto\u0161anai. \u0160ai somai ir viena maza s\u0101nu kabata ar r\u0101v\u0113jsl\u0113dz\u0113ju un viena galven\u0101 atvere ar r\u0101v\u0113jsl\u0113dz\u0113ju, ar ietilp\u012bgu iek\u0161pusi un trim praktisk\u0101m kabat\u0101m. Regul\u0113jama plecu siksna nodro\u0161ina labu atbalstu un komfortu pat garos ce\u013cojumos. Turkl\u0101t soma ir dekor\u0113ta ar apdruk\u0101t\u0101m deta\u013c\u0101m, kas padara to uzman\u012bbu piesaisto\u0161u. N\u0113s\u0101jiet to krusteniski vai k\u0101 rokassomu atkar\u012bb\u0101 no sava ap\u0123\u0113rba un izbaudiet br\u012bni\u0161\u0137\u012bgu dienu!<\/p>\n<p>&nbsp;<\/p>\n<p><strong>Izm\u0113ri:<\/strong><\/p>\n<ul>\n<li>Garums: 31 cm<\/li>\n<li>Platums 23 cm<\/li>\n<li>Biezums: 13 cm<\/li>\n<li>Maza roktura augstums: 18 cm<\/li>\n<li>Siksnas garums: 65\u2013130 cm<\/li>\n<\/ul>","protected":false},"excerpt":{"rendered":"<p>Stiilne ja praktiline korgist k\u00e4ekott igap\u00e4evaseks kasutamiseks. Sellel kotil on \u00fcks v\u00e4ike lukuga k\u00fcljetasku ja \u00fcks peamine lukuga ava, milles avar sisemus&hellip;<\/p>","protected":false},"featured_media":6088,"comment_status":"open","ping_status":"closed","template":"","meta":{"wprm-recipe-roundup-name":"","wprm-recipe-roundup-description":""},"product_brand":[],"product_cat":[242],"product_tag":[202],"class_list":{"0":"post-6081","1":"product","2":"type-product","3":"status-publish","4":"has-post-thumbnail","6":"product_cat-kotid","7":"product_tag-kott","9":"first","10":"instock","11":"taxable","12":"shipping-taxable","13":"purchasable","14":"product-type-variable"},"supplier_id":null,"supplier_sku":"","barcode":null,"atum_controlled":true,"out_stock_date":null,"out_stock_threshold":null,"inheritable":false,"inbound_stock":0,"stock_on_hold":0,"sold_today":0,"sales_last_days":0,"reserved_stock":0,"customer_returns":0,"warehouse_damage":0,"lost_in_post":0,"other_logs":0,"out_stock_days":0,"lost_sales":0,"has_location":false,"update_date":"2026-03-07T01:16:01","atum_locations":[],"atum_stock_status":"instock","restock_status":false,"low_stock_amount":"","sales_update_date":"2026-03-07T01:16:01","calc_backorders":null,"aioseo_notices":[],"_links":{"self":[{"href":"https:\/\/ecoshop.ee\/lv\/wp-json\/wp\/v2\/product\/6081","targetHints":{"allow":["GET"]}}],"collection":[{"href":"https:\/\/ecoshop.ee\/lv\/wp-json\/wp\/v2\/product"}],"about":[{"href":"https:\/\/ecoshop.ee\/lv\/wp-json\/wp\/v2\/types\/product"}],"replies":[{"embeddable":true,"href":"https:\/\/ecoshop.ee\/lv\/wp-json\/wp\/v2\/comments?post=6081"}],"version-history":[{"count":0,"href":"https:\/\/ecoshop.ee\/lv\/wp-json\/wp\/v2\/product\/6081\/revisions"}],"wp:featuredmedia":[{"embeddable":true,"href":"https:\/\/ecoshop.ee\/lv\/wp-json\/wp\/v2\/media\/6088"}],"wp:attachment":[{"href":"https:\/\/ecoshop.ee\/lv\/wp-json\/wp\/v2\/media?parent=6081"}],"wp:term":[{"taxonomy":"product_brand","embeddable":true,"href":"https:\/\/ecoshop.ee\/lv\/wp-json\/wp\/v2\/product_brand?post=6081"},{"taxonomy":"product_cat","embeddable":true,"href":"https:\/\/ecoshop.ee\/lv\/wp-json\/wp\/v2\/product_cat?post=6081"},{"taxonomy":"product_tag","embeddable":true,"href":"https:\/\/ecoshop.ee\/lv\/wp-json\/wp\/v2\/product_tag?post=6081"}],"curies":[{"name":"wp","href":"https:\/\/api.w.org\/{rel}","templated":true}]}}