{"id":61922,"date":"2025-03-09T21:25:48","date_gmt":"2025-03-09T19:25:48","guid":{"rendered":"https:\/\/ecoshop.ee\/?post_type=product&#038;p=61922"},"modified":"2026-04-27T22:05:47","modified_gmt":"2026-04-27T19:05:47","slug":"clearspring-biologiskais-abolu-sidra-etikis-500ml","status":"publish","type":"product","link":"https:\/\/ecoshop.ee\/lv\/piimad-ja-maarded\/clearspring-mahe-ounaaadikas-500ml\/","title":{"rendered":"Clearspring biolo\u0123iskais \u0101bolu sidra eti\u0137is, 500ml"},"content":{"rendered":"<p data-start=\"98\" data-end=\"364\">\u0160o svaigo un aug\u013caino \u0101bolu sidra eti\u0137i ra\u017eo it\u0101\u013cu amatnieki, izmantojot auksti spiestu biolo\u0123isko \u0101bolu sulu. Dabiski ferment\u0113ts, nepasteriz\u0113ts un nefiltr\u0113ts - satur &quot;M\u0101tes&quot; enz\u012bmu, kas pie\u0161\u0137ir tam du\u013c\u0137ainu izskatu un dabiskas nogulsnes.<\/p>\n<p data-start=\"366\" data-end=\"484\" data-is-last-node=\"\" data-is-only-node=\"\">Lieliski piem\u0113rots m\u0113rc\u0113m un sal\u0101tu m\u0113rc\u0113m, vai ar\u012b 2 \u0113damkarotes ar \u016bdeni k\u0101 vesel\u012bgu toniku katru dienu.<\/p>","protected":false},"excerpt":{"rendered":"<p>See v\u00e4rske ja puuviljane \u00f5una\u00e4\u00e4dikas on valmistatud Itaalia meistrite poolt, kasutades k\u00fclmpressitud mahedat \u00f5unamahla. Looduslikult fermenteeritud, past\u00f6riseerimata ja filtreerimata \u2013 sisaldab \u201eEmat\u201c,&hellip;<\/p>","protected":false},"featured_media":61924,"comment_status":"open","ping_status":"closed","template":"","meta":{"wprm-recipe-roundup-name":"","wprm-recipe-roundup-description":""},"product_brand":[12018],"product_cat":[325],"product_tag":[3655,297],"class_list":{"0":"post-61922","1":"product","2":"type-product","3":"status-publish","4":"has-post-thumbnail","6":"product_brand-clearspring","7":"product_cat-piimad-ja-maarded","8":"product_tag-aadikas","9":"product_tag-mahe","10":"j79_wcxd_expiry_type-best-before","12":"first","13":"instock","14":"taxable","15":"shipping-taxable","16":"purchasable","17":"product-type-simple"},"supplier_id":9160,"supplier_sku":"","barcode":"5021554003090","atum_controlled":true,"out_stock_date":null,"out_stock_threshold":null,"inheritable":false,"inbound_stock":0,"stock_on_hold":0,"sold_today":0,"sales_last_days":1,"reserved_stock":0,"customer_returns":0,"warehouse_damage":0,"lost_in_post":0,"other_logs":0,"out_stock_days":0,"lost_sales":0,"has_location":false,"update_date":"2026-04-30T12:07:59","atum_locations":[],"atum_stock_status":"instock","restock_status":true,"low_stock_amount":"","sales_update_date":"2026-04-30T12:07:59","calc_backorders":null,"aioseo_notices":[],"_links":{"self":[{"href":"https:\/\/ecoshop.ee\/lv\/wp-json\/wp\/v2\/product\/61922","targetHints":{"allow":["GET"]}}],"collection":[{"href":"https:\/\/ecoshop.ee\/lv\/wp-json\/wp\/v2\/product"}],"about":[{"href":"https:\/\/ecoshop.ee\/lv\/wp-json\/wp\/v2\/types\/product"}],"replies":[{"embeddable":true,"href":"https:\/\/ecoshop.ee\/lv\/wp-json\/wp\/v2\/comments?post=61922"}],"version-history":[{"count":0,"href":"https:\/\/ecoshop.ee\/lv\/wp-json\/wp\/v2\/product\/61922\/revisions"}],"wp:featuredmedia":[{"embeddable":true,"href":"https:\/\/ecoshop.ee\/lv\/wp-json\/wp\/v2\/media\/61924"}],"wp:attachment":[{"href":"https:\/\/ecoshop.ee\/lv\/wp-json\/wp\/v2\/media?parent=61922"}],"wp:term":[{"taxonomy":"product_brand","embeddable":true,"href":"https:\/\/ecoshop.ee\/lv\/wp-json\/wp\/v2\/product_brand?post=61922"},{"taxonomy":"product_cat","embeddable":true,"href":"https:\/\/ecoshop.ee\/lv\/wp-json\/wp\/v2\/product_cat?post=61922"},{"taxonomy":"product_tag","embeddable":true,"href":"https:\/\/ecoshop.ee\/lv\/wp-json\/wp\/v2\/product_tag?post=61922"}],"curies":[{"name":"wp","href":"https:\/\/api.w.org\/{rel}","templated":true}]}}