{"id":6270,"date":"2024-07-23T00:26:55","date_gmt":"2024-07-22T21:26:55","guid":{"rendered":"https:\/\/ecoshop.ee\/?post_type=product&#038;p=6270"},"modified":"2025-12-25T19:40:50","modified_gmt":"2025-12-25T16:40:50","slug":"sieviesu-rokassoma-no-dabiga-korka-ar-rakstu","status":"publish","type":"product","link":"https:\/\/ecoshop.ee\/lv\/kotid\/mustriga-naturaalsest-korgist-naiste-kaekott\/","title":{"rendered":"Sievie\u0161u rokassoma no dab\u012bg\u0101 kor\u0137a ar rakstu"},"content":{"rendered":"<p>\u0160\u012b grezn\u0101 kor\u0137a rokassoma sieviet\u0113m ir izgatavota no dab\u012bga kor\u0137a materi\u0101la un tai ir regul\u0113jama plecu siksna maksim\u0101lam komfortam. Priek\u0161\u0113j\u0101s un aizmugur\u0113j\u0101s kabatas ir ar r\u0101v\u0113jsl\u0113dz\u0113jiem, kas \u013cauj \u0101tri un dro\u0161i piek\u013c\u016bt mant\u0101m. Somas iek\u0161pus\u0113 ir vair\u0101kas kabatas, lai j\u016bsu mantas b\u016btu sak\u0101rtotas. Kor\u0137a materi\u0101ls ir ilgtsp\u0113j\u012bgs, videi draudz\u012bgs, iztur\u012bgs un viegli kopjams. Ide\u0101li piem\u0113rota ikdienas lieto\u0161anai.<\/p>\n<p>&nbsp;<\/p>\n<p><strong>Izm\u0113ri:<\/strong><\/p>\n<ul>\n<li>Garums: 35 cm<\/li>\n<li>Platums: 25 cm<\/li>\n<li>Biezums: 15 cm<\/li>\n<\/ul>","protected":false},"excerpt":{"rendered":"<p>See luksuslik korgist naiste k\u00e4ekott on valmistatud looduslikust korgimaterjalist ning sellel on reguleeritav \u00f5larihm tagamaks maksimaalse mugavuse. Esi- ja tagataskud on lukuga,&hellip;<\/p>","protected":false},"featured_media":6276,"comment_status":"open","ping_status":"closed","template":"","meta":{"wprm-recipe-roundup-name":"","wprm-recipe-roundup-description":""},"product_brand":[],"product_cat":[242],"product_tag":[202],"class_list":{"0":"post-6270","1":"product","2":"type-product","3":"status-publish","4":"has-post-thumbnail","6":"product_cat-kotid","7":"product_tag-kott","9":"first","10":"instock","11":"taxable","12":"shipping-taxable","13":"purchasable","14":"product-type-variable"},"supplier_id":null,"supplier_sku":"","barcode":null,"atum_controlled":true,"out_stock_date":null,"out_stock_threshold":null,"inheritable":false,"inbound_stock":0,"stock_on_hold":0,"sold_today":0,"sales_last_days":0,"reserved_stock":0,"customer_returns":0,"warehouse_damage":0,"lost_in_post":0,"other_logs":0,"out_stock_days":0,"lost_sales":0,"has_location":false,"update_date":"2026-03-07T01:16:01","atum_locations":[],"atum_stock_status":"instock","restock_status":false,"low_stock_amount":"","sales_update_date":"2026-03-07T01:16:01","calc_backorders":null,"aioseo_notices":[],"_links":{"self":[{"href":"https:\/\/ecoshop.ee\/lv\/wp-json\/wp\/v2\/product\/6270","targetHints":{"allow":["GET"]}}],"collection":[{"href":"https:\/\/ecoshop.ee\/lv\/wp-json\/wp\/v2\/product"}],"about":[{"href":"https:\/\/ecoshop.ee\/lv\/wp-json\/wp\/v2\/types\/product"}],"replies":[{"embeddable":true,"href":"https:\/\/ecoshop.ee\/lv\/wp-json\/wp\/v2\/comments?post=6270"}],"version-history":[{"count":0,"href":"https:\/\/ecoshop.ee\/lv\/wp-json\/wp\/v2\/product\/6270\/revisions"}],"wp:featuredmedia":[{"embeddable":true,"href":"https:\/\/ecoshop.ee\/lv\/wp-json\/wp\/v2\/media\/6276"}],"wp:attachment":[{"href":"https:\/\/ecoshop.ee\/lv\/wp-json\/wp\/v2\/media?parent=6270"}],"wp:term":[{"taxonomy":"product_brand","embeddable":true,"href":"https:\/\/ecoshop.ee\/lv\/wp-json\/wp\/v2\/product_brand?post=6270"},{"taxonomy":"product_cat","embeddable":true,"href":"https:\/\/ecoshop.ee\/lv\/wp-json\/wp\/v2\/product_cat?post=6270"},{"taxonomy":"product_tag","embeddable":true,"href":"https:\/\/ecoshop.ee\/lv\/wp-json\/wp\/v2\/product_tag?post=6270"}],"curies":[{"name":"wp","href":"https:\/\/api.w.org\/{rel}","templated":true}]}}