{"id":6281,"date":"2024-07-23T00:54:43","date_gmt":"2024-07-22T21:54:43","guid":{"rendered":"https:\/\/ecoshop.ee\/?post_type=product&#038;p=6281"},"modified":"2025-12-25T19:40:50","modified_gmt":"2025-12-25T16:40:50","slug":"videi-draudziga-rakstaina-korka-celojumu-soma","status":"publish","type":"product","link":"https:\/\/ecoshop.ee\/lv\/kotid\/keskkonnasobralik-mustriga-korgist-reisikott\/","title":{"rendered":"Videi draudz\u012bga rakstaina kor\u0137a ce\u013cojumu soma"},"content":{"rendered":"<p>Videi draudz\u012bga kor\u0137a ce\u013cojumu soma, kas apvieno dabisko kor\u0137i ar stil\u012bgu dizainu. \u0160ai daudzpus\u012bgajai ce\u013cojumu somai ir vair\u0101kas iek\u0161\u0113j\u0101s kabatas, lai j\u016bsu mantas b\u016btu sak\u0101rtotas. No\u0146emam\u0101, regul\u0113jam\u0101 plecu siksna nodro\u0161ina elast\u012bbu, \u013caujot n\u0113s\u0101t somu gan rok\u0101s, gan p\u0101r plecu. Kor\u0137a materi\u0101ls ir ilgtsp\u0113j\u012bgs, videi draudz\u012bgs, \u016bdensnecaurlaid\u012bgs, iztur\u012bgs un viegli kopjams. Ide\u0101la izv\u0113le ikdienas lieto\u0161anai.<\/p>\n<p>&nbsp;<\/p>\n<p><strong>Izm\u0113ri<\/strong>:<\/p>\n<ul>\n<li>Garums: 30 cm<\/li>\n<li>Platums: 21 cm<\/li>\n<li>Biezums: 12 cm<\/li>\n<li>Siksnas garums: 65\u2013130 cm<\/li>\n<\/ul>","protected":false},"excerpt":{"rendered":"<p>Looduss\u00f5bralik korgist reisikott, mis \u00fchendab endas naturaalse korgi ja stiilse disaini. See mitmek\u00fclgne reisikaaslane on mitme sisemise taskuga, et hoida teie asjad&hellip;<\/p>","protected":false},"featured_media":6286,"comment_status":"open","ping_status":"closed","template":"","meta":{"wprm-recipe-roundup-name":"","wprm-recipe-roundup-description":""},"product_brand":[],"product_cat":[242],"product_tag":[202],"class_list":{"0":"post-6281","1":"product","2":"type-product","3":"status-publish","4":"has-post-thumbnail","6":"product_cat-kotid","7":"product_tag-kott","9":"first","10":"instock","11":"taxable","12":"shipping-taxable","13":"purchasable","14":"product-type-variable"},"supplier_id":null,"supplier_sku":"","barcode":null,"atum_controlled":true,"out_stock_date":null,"out_stock_threshold":null,"inheritable":false,"inbound_stock":0,"stock_on_hold":0,"sold_today":0,"sales_last_days":0,"reserved_stock":0,"customer_returns":0,"warehouse_damage":0,"lost_in_post":0,"other_logs":0,"out_stock_days":0,"lost_sales":0,"has_location":false,"update_date":"2026-03-07T01:16:01","atum_locations":[],"atum_stock_status":"instock","restock_status":false,"low_stock_amount":"","sales_update_date":"2026-03-07T01:16:01","calc_backorders":null,"aioseo_notices":[],"_links":{"self":[{"href":"https:\/\/ecoshop.ee\/lv\/wp-json\/wp\/v2\/product\/6281","targetHints":{"allow":["GET"]}}],"collection":[{"href":"https:\/\/ecoshop.ee\/lv\/wp-json\/wp\/v2\/product"}],"about":[{"href":"https:\/\/ecoshop.ee\/lv\/wp-json\/wp\/v2\/types\/product"}],"replies":[{"embeddable":true,"href":"https:\/\/ecoshop.ee\/lv\/wp-json\/wp\/v2\/comments?post=6281"}],"version-history":[{"count":0,"href":"https:\/\/ecoshop.ee\/lv\/wp-json\/wp\/v2\/product\/6281\/revisions"}],"wp:featuredmedia":[{"embeddable":true,"href":"https:\/\/ecoshop.ee\/lv\/wp-json\/wp\/v2\/media\/6286"}],"wp:attachment":[{"href":"https:\/\/ecoshop.ee\/lv\/wp-json\/wp\/v2\/media?parent=6281"}],"wp:term":[{"taxonomy":"product_brand","embeddable":true,"href":"https:\/\/ecoshop.ee\/lv\/wp-json\/wp\/v2\/product_brand?post=6281"},{"taxonomy":"product_cat","embeddable":true,"href":"https:\/\/ecoshop.ee\/lv\/wp-json\/wp\/v2\/product_cat?post=6281"},{"taxonomy":"product_tag","embeddable":true,"href":"https:\/\/ecoshop.ee\/lv\/wp-json\/wp\/v2\/product_tag?post=6281"}],"curies":[{"name":"wp","href":"https:\/\/api.w.org\/{rel}","templated":true}]}}