{"id":6370,"date":"2024-07-24T19:31:04","date_gmt":"2024-07-24T16:31:04","guid":{"rendered":"https:\/\/ecoshop.ee\/?post_type=product&#038;p=6370"},"modified":"2025-12-25T19:40:48","modified_gmt":"2025-12-25T16:40:48","slug":"eleganta-korka-plecu-soma-ar-platu-austu-siksnu","status":"publish","type":"product","link":"https:\/\/ecoshop.ee\/lv\/kotid\/elegantne-korgist-olakott-laia-kootud-rihmaga\/","title":{"rendered":"Eleganta kor\u0137a plecu soma ar platu austu siksnu"},"content":{"rendered":"<p>Ilgtsp\u0113j\u012bga un eleganta sievie\u0161u kor\u0137a plecu soma ar baltu margrieti\u0146u rakstu. \u0160is stil\u012bgais aksesu\u0101rs apvieno funkcionalit\u0101ti un m\u016b\u017e\u012bgu skaistumu, padarot to par neaizst\u0101jamu papildin\u0101jumu j\u016bsu kolekcijai. Kor\u0137a materi\u0101ls ir ilgtsp\u0113j\u012bgs, videi draudz\u012bgs, iztur\u012bgs un viegli kopjams. Ide\u0101li piem\u0113rota ikdienas lieto\u0161anai.<\/p>\n<p>&nbsp;<\/p>\n<p><strong>Ownused:<\/strong><\/p>\n<ul>\n<li>\u0160iks baltu margrieti\u0146u raksts: Somas \u0101rpus\u0113 ir smalks baltu margrieti\u0146u raksts, kas pie\u0161\u0137ir j\u016bsu t\u0113rpam eleganci.<\/li>\n<li>\u0112rta plata siksna: Plat\u0101 aust\u0101 siksna nodro\u0161ina \u0113rtu un dro\u0161u piegul\u0161anu, \u013caujot n\u0113s\u0101t somu visu dienu bez diskomforta.<\/li>\n<li>Magn\u0113tisk\u0101 aizdare: Soma ir apr\u012bkota ar \u0113rtu magn\u0113tisko aizdari, kas nodro\u0161ina j\u016bsu mantu dro\u0161\u012bbu un \u0113rtu piek\u013cuvi t\u0101m.<\/li>\n<li>Iek\u0161\u0113jais nodal\u012bjums: Iek\u0161pus\u0113 ir labi organiz\u0113ts interjers ar vair\u0101kiem nodal\u012bjumiem, lai j\u016bsu svar\u012bg\u0101kie priek\u0161meti b\u016btu sak\u0101rtoti.<\/li>\n<li>Aizmugur\u0113j\u0101 kabata ar r\u0101v\u0113jsl\u0113dz\u0113ju: Somas aizmugur\u0113 ir kabata ar r\u0101v\u0113jsl\u0113dz\u0113ju papildu uzglab\u0101\u0161anai, nodro\u0161inot dro\u0161u vietu v\u0113rt\u012bg\u0101m mant\u0101m.<\/li>\n<li>Met\u0101la ziedu dekors: Burv\u012bgais met\u0101la ziedu dekors priek\u0161pus\u0113 pie\u0161\u0137ir somai unik\u0101lu un stil\u012bgu akcentu.<\/li>\n<\/ul>\n<p>&nbsp;<\/p>\n<p><strong>Izm\u0113ri:<\/strong><\/p>\n<ul>\n<li>Garums: 24 cm<\/li>\n<li>Platums: 15 cm<\/li>\n<li>Biezums: 7 cm<\/li>\n<\/ul>","protected":false},"excerpt":{"rendered":"<p>J\u00e4tkusuutlik ja elegantne naiste korgist \u00f5lakott valge karikakra mustriga. See stiilne aksessuaar \u00fchendab funktsionaalsuse ja ajatu ilu, olles teie kollektsiooni asendamatu lisa.&hellip;<\/p>","protected":false},"featured_media":6371,"comment_status":"open","ping_status":"closed","template":"","meta":{"wprm-recipe-roundup-name":"","wprm-recipe-roundup-description":""},"product_brand":[],"product_cat":[242],"product_tag":[202],"class_list":{"0":"post-6370","1":"product","2":"type-product","3":"status-publish","4":"has-post-thumbnail","6":"product_cat-kotid","7":"product_tag-kott","9":"first","10":"instock","11":"taxable","12":"shipping-taxable","13":"purchasable","14":"product-type-simple"},"supplier_id":9159,"supplier_sku":"","barcode":null,"atum_controlled":true,"out_stock_date":null,"out_stock_threshold":null,"inheritable":false,"inbound_stock":0,"stock_on_hold":0,"sold_today":0,"sales_last_days":0,"reserved_stock":0,"customer_returns":0,"warehouse_damage":0,"lost_in_post":0,"other_logs":0,"out_stock_days":0,"lost_sales":0,"has_location":false,"update_date":"2026-03-07T01:16:09","atum_locations":[],"atum_stock_status":"instock","restock_status":false,"low_stock_amount":"","sales_update_date":"2026-03-07T01:16:09","calc_backorders":null,"aioseo_notices":[],"_links":{"self":[{"href":"https:\/\/ecoshop.ee\/lv\/wp-json\/wp\/v2\/product\/6370","targetHints":{"allow":["GET"]}}],"collection":[{"href":"https:\/\/ecoshop.ee\/lv\/wp-json\/wp\/v2\/product"}],"about":[{"href":"https:\/\/ecoshop.ee\/lv\/wp-json\/wp\/v2\/types\/product"}],"replies":[{"embeddable":true,"href":"https:\/\/ecoshop.ee\/lv\/wp-json\/wp\/v2\/comments?post=6370"}],"version-history":[{"count":0,"href":"https:\/\/ecoshop.ee\/lv\/wp-json\/wp\/v2\/product\/6370\/revisions"}],"wp:featuredmedia":[{"embeddable":true,"href":"https:\/\/ecoshop.ee\/lv\/wp-json\/wp\/v2\/media\/6371"}],"wp:attachment":[{"href":"https:\/\/ecoshop.ee\/lv\/wp-json\/wp\/v2\/media?parent=6370"}],"wp:term":[{"taxonomy":"product_brand","embeddable":true,"href":"https:\/\/ecoshop.ee\/lv\/wp-json\/wp\/v2\/product_brand?post=6370"},{"taxonomy":"product_cat","embeddable":true,"href":"https:\/\/ecoshop.ee\/lv\/wp-json\/wp\/v2\/product_cat?post=6370"},{"taxonomy":"product_tag","embeddable":true,"href":"https:\/\/ecoshop.ee\/lv\/wp-json\/wp\/v2\/product_tag?post=6370"}],"curies":[{"name":"wp","href":"https:\/\/api.w.org\/{rel}","templated":true}]}}