{"id":6392,"date":"2024-07-24T20:38:26","date_gmt":"2024-07-24T17:38:26","guid":{"rendered":"https:\/\/ecoshop.ee\/?post_type=product&#038;p=6392"},"modified":"2025-12-25T19:43:06","modified_gmt":"2025-12-25T16:43:06","slug":"maza-korka-rotaslietu-kastite","status":"publish","type":"product","link":"https:\/\/ecoshop.ee\/lv\/tarvikud\/vaike-korgist-ehtelaegas\/","title":{"rendered":"Maza kor\u0137a rotaslietu kast\u012bte"},"content":{"rendered":"<p>M\u016bsu daudzpus\u012bg\u0101 un stil\u012bg\u0101 kor\u0137a rotaslietu kast\u012bte ir ide\u0101ls aksesu\u0101rs kaklarotu, gredzenu un rokasspr\u0101d\u017eu glab\u0101\u0161anai un organiz\u0113\u0161anai, atrodoties ce\u013c\u0101. \u0160\u012b rotaslietu kast\u012bte izce\u013cas ar savu unik\u0101lo tekst\u016bru un ir lieliska izv\u0113le videi apzin\u012bgiem ce\u013cot\u0101jiem, jo t\u0101s kompaktais dizains \u013cauj to viegli uzglab\u0101t bag\u0101\u017e\u0101 vai rokassomi\u0146\u0101. Saglab\u0101jiet savas rotaslietas sak\u0101rtotas un aizsarg\u0101tas ar \u0161o b\u016btisko aksesu\u0101ru.<\/p>\n<p>&nbsp;<\/p>\n<p><strong>Izm\u0113ri:<\/strong><\/p>\n<ul>\n<li>Garums: 9,5 cm<\/li>\n<li>Platums: 9,5 cm<\/li>\n<li>Augstums: 5 cm<\/li>\n<\/ul>","protected":false},"excerpt":{"rendered":"<p>Meie mitmek\u00fclgne ja stiilne korgist ehtelaegas on ideaalne aksessuaar kaelakeede, s\u00f5rmuste ja k\u00e4ev\u00f5rude hoiustamiseks ja organiseerimiseks liikvel olles. See ehte\u00fcmbris paistab silma&hellip;<\/p>","protected":false},"featured_media":6398,"comment_status":"open","ping_status":"closed","template":"","meta":{"wprm-recipe-roundup-name":"","wprm-recipe-roundup-description":""},"product_brand":[],"product_cat":[245],"product_tag":[217],"class_list":{"0":"post-6392","1":"product","2":"type-product","3":"status-publish","4":"has-post-thumbnail","6":"product_cat-tarvikud","7":"product_tag-ehtelaegas","9":"first","10":"instock","11":"taxable","12":"shipping-taxable","13":"purchasable","14":"product-type-variable"},"supplier_id":null,"supplier_sku":"","barcode":null,"atum_controlled":true,"out_stock_date":null,"out_stock_threshold":null,"inheritable":false,"inbound_stock":0,"stock_on_hold":0,"sold_today":0,"sales_last_days":0,"reserved_stock":0,"customer_returns":0,"warehouse_damage":0,"lost_in_post":0,"other_logs":0,"out_stock_days":0,"lost_sales":0,"has_location":false,"update_date":"2026-03-07T01:16:09","atum_locations":[],"atum_stock_status":"instock","restock_status":false,"low_stock_amount":"","sales_update_date":"2026-03-07T01:16:09","calc_backorders":null,"aioseo_notices":[],"_links":{"self":[{"href":"https:\/\/ecoshop.ee\/lv\/wp-json\/wp\/v2\/product\/6392","targetHints":{"allow":["GET"]}}],"collection":[{"href":"https:\/\/ecoshop.ee\/lv\/wp-json\/wp\/v2\/product"}],"about":[{"href":"https:\/\/ecoshop.ee\/lv\/wp-json\/wp\/v2\/types\/product"}],"replies":[{"embeddable":true,"href":"https:\/\/ecoshop.ee\/lv\/wp-json\/wp\/v2\/comments?post=6392"}],"version-history":[{"count":0,"href":"https:\/\/ecoshop.ee\/lv\/wp-json\/wp\/v2\/product\/6392\/revisions"}],"wp:featuredmedia":[{"embeddable":true,"href":"https:\/\/ecoshop.ee\/lv\/wp-json\/wp\/v2\/media\/6398"}],"wp:attachment":[{"href":"https:\/\/ecoshop.ee\/lv\/wp-json\/wp\/v2\/media?parent=6392"}],"wp:term":[{"taxonomy":"product_brand","embeddable":true,"href":"https:\/\/ecoshop.ee\/lv\/wp-json\/wp\/v2\/product_brand?post=6392"},{"taxonomy":"product_cat","embeddable":true,"href":"https:\/\/ecoshop.ee\/lv\/wp-json\/wp\/v2\/product_cat?post=6392"},{"taxonomy":"product_tag","embeddable":true,"href":"https:\/\/ecoshop.ee\/lv\/wp-json\/wp\/v2\/product_tag?post=6392"}],"curies":[{"name":"wp","href":"https:\/\/api.w.org\/{rel}","templated":true}]}}