{"id":6468,"date":"2024-07-26T20:50:04","date_gmt":"2024-07-26T17:50:04","guid":{"rendered":"https:\/\/ecoshop.ee\/?post_type=product&#038;p=6468"},"modified":"2026-04-14T00:43:22","modified_gmt":"2026-04-13T21:43:22","slug":"atkartoti-lietojams-klasisks-metala-skuveklis-10-asmeni-4-gab","status":"publish","type":"product","link":"https:\/\/ecoshop.ee\/lv\/raseerijad\/korduvkasutatav-klassikaline-metallist-raseerija-10-tera-4\/","title":{"rendered":"Atk\u0101rtoti lietojams klasisks met\u0101la skuveklis + 10 asme\u0146i"},"content":{"rendered":"<p><span class=\"jCAhz JxVs2d ChMk0b\"><span class=\"ryNqvb\">M\u016bsu atk\u0101rtoti lietojamie un videi draudz\u012bgie met\u0101la skuvek\u013ci ir paredz\u0113ti gan v\u012brie\u0161iem, gan sieviet\u0113m. Tie ir prec\u012bzi izstr\u0101d\u0101ti, lai nodro\u0161in\u0101tu gludu un \u0113rtu sk\u016b\u0161an\u0101s pieredzi bez atkritumiem. <\/span><\/span><span class=\"jCAhz JxVs2d ChMk0b\"><span class=\"ryNqvb\">Katram videi draudz\u012bgajam un dro\u0161ajam skuveklim ir tekstur\u0113ts, gar\u0161 hroma rokturis, kas ir perfekti l\u012bdzsvarots, lai lab\u0101k piek\u013c\u016btu gr\u016bti sasniedzam\u0101m viet\u0101m, nodro\u0161in\u0101tu dro\u0161u sk\u016b\u0161anos un perfekti gludu rezult\u0101tu katru reizi.<br \/>\n<\/span><\/span><\/p>\n<p>&nbsp;<\/p>\n<p><strong><span class=\"jCAhz JxVs2d ChMk0b\"><span class=\"ryNqvb\">Komplekt\u0101 ietilpst:<\/span><\/span><\/strong><\/p>\n<ul>\n<li><span class=\"jCAhz JxVs2d ChMk0b\"><span class=\"ryNqvb\">1 met\u0101la skuveklis<\/span><\/span><\/li>\n<li><span class=\"jCAhz JxVs2d ChMk0b\"><span class=\"ryNqvb\">10 \u017eiletes<\/span><\/span><\/li>\n<li><span class=\"jCAhz JxVs2d ChMk0b\"><span class=\"ryNqvb\">1 d\u0101vanu kaste<\/span><\/span><\/li>\n<\/ul>","protected":false},"excerpt":{"rendered":"<p>Meie korduvkasutatavad ja keskkonnas\u00f5bralikud metallist raseerijad on nii meestele kui naistele. Need on t\u00e4pselt v\u00e4lja t\u00f6\u00f6tatud pakkumaks sujuvat ja mugavat j\u00e4\u00e4tmeteta raseerimiskogemust.&hellip;<\/p>","protected":false},"featured_media":6446,"comment_status":"open","ping_status":"closed","template":"","meta":{"wprm-recipe-roundup-name":"","wprm-recipe-roundup-description":""},"product_brand":[12064],"product_cat":[163,280],"product_tag":[190],"class_list":{"0":"post-6468","1":"product","2":"type-product","3":"status-publish","4":"has-post-thumbnail","6":"product_brand-jungle-culture","7":"product_cat-kodutarbed","8":"product_cat-raseerijad","9":"product_tag-raseerija","11":"first","12":"instock","13":"sale","14":"taxable","15":"shipping-taxable","16":"purchasable","17":"product-type-variable"},"supplier_id":null,"supplier_sku":"","barcode":null,"atum_controlled":true,"out_stock_date":null,"out_stock_threshold":null,"inheritable":true,"inbound_stock":0,"stock_on_hold":0,"sold_today":0,"sales_last_days":0,"reserved_stock":0,"customer_returns":0,"warehouse_damage":0,"lost_in_post":0,"other_logs":0,"out_stock_days":0,"lost_sales":0,"has_location":false,"update_date":"2026-04-13T21:43:23","atum_locations":[],"atum_stock_status":"instock","restock_status":false,"low_stock_amount":"","sales_update_date":"2026-03-07T01:16:01","calc_backorders":null,"aioseo_notices":[],"_links":{"self":[{"href":"https:\/\/ecoshop.ee\/lv\/wp-json\/wp\/v2\/product\/6468","targetHints":{"allow":["GET"]}}],"collection":[{"href":"https:\/\/ecoshop.ee\/lv\/wp-json\/wp\/v2\/product"}],"about":[{"href":"https:\/\/ecoshop.ee\/lv\/wp-json\/wp\/v2\/types\/product"}],"replies":[{"embeddable":true,"href":"https:\/\/ecoshop.ee\/lv\/wp-json\/wp\/v2\/comments?post=6468"}],"version-history":[{"count":0,"href":"https:\/\/ecoshop.ee\/lv\/wp-json\/wp\/v2\/product\/6468\/revisions"}],"wp:featuredmedia":[{"embeddable":true,"href":"https:\/\/ecoshop.ee\/lv\/wp-json\/wp\/v2\/media\/6446"}],"wp:attachment":[{"href":"https:\/\/ecoshop.ee\/lv\/wp-json\/wp\/v2\/media?parent=6468"}],"wp:term":[{"taxonomy":"product_brand","embeddable":true,"href":"https:\/\/ecoshop.ee\/lv\/wp-json\/wp\/v2\/product_brand?post=6468"},{"taxonomy":"product_cat","embeddable":true,"href":"https:\/\/ecoshop.ee\/lv\/wp-json\/wp\/v2\/product_cat?post=6468"},{"taxonomy":"product_tag","embeddable":true,"href":"https:\/\/ecoshop.ee\/lv\/wp-json\/wp\/v2\/product_tag?post=6468"}],"curies":[{"name":"wp","href":"https:\/\/api.w.org\/{rel}","templated":true}]}}