{"id":6488,"date":"2024-07-27T15:13:15","date_gmt":"2024-07-27T12:13:15","guid":{"rendered":"https:\/\/ecoshop.ee\/?post_type=product&#038;p=6488"},"modified":"2026-04-14T00:40:30","modified_gmt":"2026-04-13T21:40:30","slug":"dabigas-ziepes-ar-laimu-un-juras-sali","status":"publish","type":"product","link":"https:\/\/ecoshop.ee\/lv\/hugieenitarbed\/laimi-ja-meresoolaga-looduslik-seep\/","title":{"rendered":"Dab\u012bgas ziepes ar laimu un j\u016bras s\u0101li"},"content":{"rendered":"<p>\u0160\u012bs unik\u0101l\u0101s dab\u012bg\u0101s ziepes ir rad\u012btas, lai atjaunotu, uzmundrin\u0101tu un atsvaidzin\u0101tu j\u016bsu \u0101du un garast\u0101vokli! Laima att\u012bro\u0161\u0101s \u012bpa\u0161\u012bbas atmodina j\u016bsu ma\u0146as un pie\u0161\u0137ir j\u016bsu \u0101dai mirdzumu, savuk\u0101rt j\u016bras s\u0101ls graudi\u0146i no\u0146em sausas un atmiru\u0161\u0101s \u0101das \u0161\u016bnas. M\u016bsu ziepes ir aukst\u0101s spiedes, kas pal\u012bdz saglab\u0101t augu izcelsmes sast\u0101vda\u013cu labv\u0113l\u012bg\u0101s \u012bpa\u0161\u012bbas.<\/p>\n<p>Jungle Culture bezatkritumu dab\u012bg\u0101s ziepes kalpo ilg\u0101k nek\u0101 parast\u0101s ziepes, jo t\u0101m ir zem\u0101ks \u016bdens saturs un augst\u0101ks e\u013c\u013cas saturs. Uzglab\u0101jiet v\u0113s\u0101, saus\u0101 viet\u0101, lai v\u0113l vair\u0101k pagarin\u0101tu ziepju kalpo\u0161anas laiku.<\/p>","protected":false},"excerpt":{"rendered":"<p>See ainulaadne looduslik seep on loodud sinu naha ja meeleolu uuendamiseks, elavdamiseks ja v\u00e4rskendamiseks! Laimi puhastavad omadused \u00e4ratavad su meeled ja j\u00e4tavad&hellip;<\/p>","protected":false},"featured_media":6490,"comment_status":"open","ping_status":"closed","template":"","meta":{"wprm-recipe-roundup-name":"","wprm-recipe-roundup-description":""},"product_brand":[12064],"product_cat":[246],"product_tag":[193],"class_list":{"0":"post-6488","1":"product","2":"type-product","3":"status-publish","4":"has-post-thumbnail","6":"product_brand-jungle-culture","7":"product_cat-hugieenitarbed","8":"product_tag-seep","10":"first","11":"instock","12":"taxable","13":"shipping-taxable","14":"purchasable","15":"product-type-simple"},"supplier_id":9133,"supplier_sku":"","barcode":null,"atum_controlled":true,"out_stock_date":null,"out_stock_threshold":null,"inheritable":false,"inbound_stock":0,"stock_on_hold":0,"sold_today":0,"sales_last_days":0,"reserved_stock":0,"customer_returns":0,"warehouse_damage":0,"lost_in_post":0,"other_logs":0,"out_stock_days":0,"lost_sales":0,"has_location":false,"update_date":"2026-04-13T21:40:31","atum_locations":[],"atum_stock_status":"instock","restock_status":false,"low_stock_amount":"","sales_update_date":"2026-03-07T01:16:10","calc_backorders":null,"aioseo_notices":[],"_links":{"self":[{"href":"https:\/\/ecoshop.ee\/lv\/wp-json\/wp\/v2\/product\/6488","targetHints":{"allow":["GET"]}}],"collection":[{"href":"https:\/\/ecoshop.ee\/lv\/wp-json\/wp\/v2\/product"}],"about":[{"href":"https:\/\/ecoshop.ee\/lv\/wp-json\/wp\/v2\/types\/product"}],"replies":[{"embeddable":true,"href":"https:\/\/ecoshop.ee\/lv\/wp-json\/wp\/v2\/comments?post=6488"}],"version-history":[{"count":0,"href":"https:\/\/ecoshop.ee\/lv\/wp-json\/wp\/v2\/product\/6488\/revisions"}],"wp:featuredmedia":[{"embeddable":true,"href":"https:\/\/ecoshop.ee\/lv\/wp-json\/wp\/v2\/media\/6490"}],"wp:attachment":[{"href":"https:\/\/ecoshop.ee\/lv\/wp-json\/wp\/v2\/media?parent=6488"}],"wp:term":[{"taxonomy":"product_brand","embeddable":true,"href":"https:\/\/ecoshop.ee\/lv\/wp-json\/wp\/v2\/product_brand?post=6488"},{"taxonomy":"product_cat","embeddable":true,"href":"https:\/\/ecoshop.ee\/lv\/wp-json\/wp\/v2\/product_cat?post=6488"},{"taxonomy":"product_tag","embeddable":true,"href":"https:\/\/ecoshop.ee\/lv\/wp-json\/wp\/v2\/product_tag?post=6488"}],"curies":[{"name":"wp","href":"https:\/\/api.w.org\/{rel}","templated":true}]}}