{"id":6491,"date":"2024-07-27T15:22:05","date_gmt":"2024-07-27T12:22:05","guid":{"rendered":"https:\/\/ecoshop.ee\/?post_type=product&#038;p=6491"},"modified":"2026-04-14T00:40:26","modified_gmt":"2026-04-13T21:40:26","slug":"dabigas-pilinga-ziepes-ar-kafiju","status":"publish","type":"product","link":"https:\/\/ecoshop.ee\/lv\/hugieenitarbed\/kohviga-looduslik-kooriv-seep\/","title":{"rendered":"Dab\u012bgas p\u012blinga ziepes ar kafiju"},"content":{"rendered":"<p>Jungle Culture dab\u012bg\u0101s kafijas skrubja ziepes ir pies\u016bcin\u0101tas ar arom\u0101tisk\u0101m, malt\u0101m organisk\u0101m kafijas pupi\u0146\u0101m. Kafija ir svar\u012bgs un bag\u0101t\u012bgs antioksidantu avots, padarot \u0161\u012bs p\u012blinga ziepes efekt\u012bvas \u0101das atdz\u012bvin\u0101\u0161an\u0101 un visp\u0101r\u0113j\u0101s vesel\u012bbas un izskata uzlabo\u0161an\u0101.<\/p>\n<p>M\u016bsu kafijas skrubja ziepes ir paredz\u0113tas, lai maigi no\u0146emtu sausas un atmiru\u0161\u0101s \u0101das \u0161\u016bnas, atmodinot \u0101du un uzlabojot garast\u0101vokli.<\/p>\n<p>Lieliski piem\u0113rots: \u0101das atjauno\u0161anai, dabiskai aknes \u0101rst\u0113\u0161anai, sejas kr\u0101sas uzlabo\u0161anai un asinsrites uzlabo\u0161anai.<\/p>","protected":false},"excerpt":{"rendered":"<p>Jungle Culture&#8217;i looduslikud kohvikoorija seebid on t\u00e4idetud aromaatsete jahvatatud orgaaniliste kohviubadega. Kohv on oluline ja rikkalik antioks\u00fcdantide allikas, mist\u00f5ttu on see kooriv&hellip;<\/p>","protected":false},"featured_media":6492,"comment_status":"open","ping_status":"closed","template":"","meta":{"wprm-recipe-roundup-name":"","wprm-recipe-roundup-description":""},"product_brand":[12064],"product_cat":[246],"product_tag":[193],"class_list":{"0":"post-6491","1":"product","2":"type-product","3":"status-publish","4":"has-post-thumbnail","6":"product_brand-jungle-culture","7":"product_cat-hugieenitarbed","8":"product_tag-seep","10":"first","11":"instock","12":"taxable","13":"shipping-taxable","14":"purchasable","15":"product-type-simple"},"supplier_id":9133,"supplier_sku":"","barcode":null,"atum_controlled":true,"out_stock_date":null,"out_stock_threshold":null,"inheritable":false,"inbound_stock":0,"stock_on_hold":0,"sold_today":0,"sales_last_days":0,"reserved_stock":0,"customer_returns":0,"warehouse_damage":0,"lost_in_post":0,"other_logs":0,"out_stock_days":0,"lost_sales":0,"has_location":false,"update_date":"2026-04-13T21:40:30","atum_locations":[],"atum_stock_status":"instock","restock_status":false,"low_stock_amount":"","sales_update_date":"2026-03-07T01:16:10","calc_backorders":null,"aioseo_notices":[],"_links":{"self":[{"href":"https:\/\/ecoshop.ee\/lv\/wp-json\/wp\/v2\/product\/6491","targetHints":{"allow":["GET"]}}],"collection":[{"href":"https:\/\/ecoshop.ee\/lv\/wp-json\/wp\/v2\/product"}],"about":[{"href":"https:\/\/ecoshop.ee\/lv\/wp-json\/wp\/v2\/types\/product"}],"replies":[{"embeddable":true,"href":"https:\/\/ecoshop.ee\/lv\/wp-json\/wp\/v2\/comments?post=6491"}],"version-history":[{"count":0,"href":"https:\/\/ecoshop.ee\/lv\/wp-json\/wp\/v2\/product\/6491\/revisions"}],"wp:featuredmedia":[{"embeddable":true,"href":"https:\/\/ecoshop.ee\/lv\/wp-json\/wp\/v2\/media\/6492"}],"wp:attachment":[{"href":"https:\/\/ecoshop.ee\/lv\/wp-json\/wp\/v2\/media?parent=6491"}],"wp:term":[{"taxonomy":"product_brand","embeddable":true,"href":"https:\/\/ecoshop.ee\/lv\/wp-json\/wp\/v2\/product_brand?post=6491"},{"taxonomy":"product_cat","embeddable":true,"href":"https:\/\/ecoshop.ee\/lv\/wp-json\/wp\/v2\/product_cat?post=6491"},{"taxonomy":"product_tag","embeddable":true,"href":"https:\/\/ecoshop.ee\/lv\/wp-json\/wp\/v2\/product_tag?post=6491"}],"curies":[{"name":"wp","href":"https:\/\/api.w.org\/{rel}","templated":true}]}}