{"id":6537,"date":"2024-07-27T17:16:12","date_gmt":"2024-07-27T14:16:12","guid":{"rendered":"https:\/\/ecoshop.ee\/?post_type=product&#038;p=6537"},"modified":"2026-04-14T00:40:06","modified_gmt":"2026-04-13T21:40:06","slug":"6-dalu-bambusa-1tp204-zobu-birstes-komplekts","status":"publish","type":"product","link":"https:\/\/ecoshop.ee\/lv\/noud-ja-koogitarbed\/6-osaline-bambusest-noudepesuharjade-komplekt\/","title":{"rendered":"6 da\u013cu bambusa trauku mazg\u0101\u0161anas birstu komplekts"},"content":{"rendered":"<div class=\"flex flex-grow flex-col max-w-full\">\n<div class=\"min-h-[20px] text-message flex w-full flex-col items-end gap-2 whitespace-pre-wrap break-words [.text-message+&amp;]:mt-5 overflow-x-auto\" dir=\"auto\" data-message-author-role=\"assistant\" data-message-id=\"2f9d27a8-d00b-41b1-8da0-ef65a4ed9c7a\">\n<div class=\"flex w-full flex-col gap-1 empty:hidden first:pt-[3px]\">\n<div class=\"markdown prose w-full break-words dark:prose-invert dark\">\n<p>Jungle Culture&#8217;i n\u00f5udepesuharjad on eetiliselt toodetud, kasutades kiiresti kasvavat bambust ja looduslikke sisalkiude.<\/p>\n<p>Meie t\u00e4ielikult \u00f6koloogiline n\u00f5udepesuharjade komplekt on loodud iga puhastust\u00f6\u00f6 jaoks sinu k\u00f6\u00f6gis! Viieosalises komplektis on erinevad looduslikud n\u00f5udepesuharjad ja k\u00fc\u00fcrijad, mis sobivad kangekaelsete plekkidega pottide ja pannide jaoks, lisaks orgaanilisest kanepikiust lapp \u00f5rnade klaasn\u00f5ude jaoks.<\/p>\n<p>Traditsioonilised plastist n\u00f5udepesuharjad tekitavad j\u00e4\u00e4tmeid ja visatakse sageli p\u00e4rast m\u00f5nda kasutuskorda \u00e4ra. Meie n\u00f5udepesuharjad ja null-j\u00e4\u00e4tmega k\u00f6\u00f6gitarvikud on loodud korduvaks kasutamiseks. N\u00f5udepesuharjale saab eraldi osta vahetatavaid harjastega p\u00e4id.<\/p>\n<p>&nbsp;<\/p>\n<\/div>\n<div class=\"flex flex-grow flex-col max-w-full\">\n<div class=\"min-h-[20px] text-message flex w-full flex-col items-end gap-2 whitespace-pre-wrap break-words [.text-message+&amp;]:mt-5 overflow-x-auto\" dir=\"auto\" data-message-author-role=\"assistant\" data-message-id=\"9fba321e-8756-47a7-bb28-983dacdce2fc\">\n<div class=\"flex w-full flex-col gap-1 empty:hidden first:pt-[3px]\">\n<div class=\"markdown prose w-full break-words dark:prose-invert dark\">\n<h3>Komplektis:<\/h3>\n<ul>\n<li>1 x Bambusest palmikiududega null-j\u00e4\u00e4tme k\u00fc\u00fcrimishari<\/li>\n<li>1 x Plastikuvaba bambusest n\u00f5udepesuhari<\/li>\n<li>1 x Kookoskiududest pudelihari<\/li>\n<li>1 x Kookoskiududest \u00f6koloogiline pannihari<\/li>\n<li>1 x Bambusest n\u00f5udepesuharja asenduspea<\/li>\n<li>1 x Kanepi- ja orgaanilisest puuvillast n\u00f5udepesulapp-svamm<\/li>\n<\/ul>\n<\/div>\n<\/div>\n<\/div>\n<\/div>\n<div class=\"mt-1 flex gap-3 empty:hidden -ml-2\">\n<div class=\"items-center justify-start rounded-xl p-1 flex\"><\/div>\n<\/div>\n<\/div>\n<\/div>\n<\/div>\n","protected":false},"excerpt":{"rendered":"<p>Jungle Culture&#8217;i n\u00f5udepesuharjad on eetiliselt toodetud, kasutades kiiresti kasvavat bambust ja looduslikke sisalkiude. Meie t\u00e4ielikult \u00f6koloogiline n\u00f5udepesuharjade komplekt on loodud iga puhastust\u00f6\u00f6&hellip;<\/p>","protected":false},"featured_media":6538,"comment_status":"open","ping_status":"closed","template":"","meta":{"wprm-recipe-roundup-name":"","wprm-recipe-roundup-description":""},"product_brand":[12064],"product_cat":[247],"product_tag":[187],"class_list":{"0":"post-6537","1":"product","2":"type-product","3":"status-publish","4":"has-post-thumbnail","6":"product_brand-jungle-culture","7":"product_cat-noud-ja-koogitarbed","8":"product_tag-noudepesuharjad","10":"first","11":"instock","12":"taxable","13":"shipping-taxable","14":"purchasable","15":"product-type-simple"},"supplier_id":9133,"supplier_sku":"","barcode":null,"atum_controlled":true,"out_stock_date":null,"out_stock_threshold":null,"inheritable":false,"inbound_stock":0,"stock_on_hold":0,"sold_today":0,"sales_last_days":0,"reserved_stock":0,"customer_returns":0,"warehouse_damage":0,"lost_in_post":0,"other_logs":0,"out_stock_days":0,"lost_sales":0,"has_location":false,"update_date":"2026-04-13T21:40:07","atum_locations":[],"atum_stock_status":"instock","restock_status":false,"low_stock_amount":"","sales_update_date":"2026-03-07T01:16:13","calc_backorders":null,"aioseo_notices":[],"_links":{"self":[{"href":"https:\/\/ecoshop.ee\/lv\/wp-json\/wp\/v2\/product\/6537","targetHints":{"allow":["GET"]}}],"collection":[{"href":"https:\/\/ecoshop.ee\/lv\/wp-json\/wp\/v2\/product"}],"about":[{"href":"https:\/\/ecoshop.ee\/lv\/wp-json\/wp\/v2\/types\/product"}],"replies":[{"embeddable":true,"href":"https:\/\/ecoshop.ee\/lv\/wp-json\/wp\/v2\/comments?post=6537"}],"version-history":[{"count":0,"href":"https:\/\/ecoshop.ee\/lv\/wp-json\/wp\/v2\/product\/6537\/revisions"}],"wp:featuredmedia":[{"embeddable":true,"href":"https:\/\/ecoshop.ee\/lv\/wp-json\/wp\/v2\/media\/6538"}],"wp:attachment":[{"href":"https:\/\/ecoshop.ee\/lv\/wp-json\/wp\/v2\/media?parent=6537"}],"wp:term":[{"taxonomy":"product_brand","embeddable":true,"href":"https:\/\/ecoshop.ee\/lv\/wp-json\/wp\/v2\/product_brand?post=6537"},{"taxonomy":"product_cat","embeddable":true,"href":"https:\/\/ecoshop.ee\/lv\/wp-json\/wp\/v2\/product_cat?post=6537"},{"taxonomy":"product_tag","embeddable":true,"href":"https:\/\/ecoshop.ee\/lv\/wp-json\/wp\/v2\/product_tag?post=6537"}],"curies":[{"name":"wp","href":"https:\/\/api.w.org\/{rel}","templated":true}]}}