{"id":6555,"date":"2024-07-27T21:54:00","date_gmt":"2024-07-27T18:54:00","guid":{"rendered":"https:\/\/ecoshop.ee\/?post_type=product&#038;p=6555"},"modified":"2026-04-14T00:49:30","modified_gmt":"2026-04-13T21:49:30","slug":"atkartoti-lietojama-bambusa-zobu-birste-1tp204","status":"publish","type":"product","link":"https:\/\/ecoshop.ee\/lv\/noud-ja-koogitarbed\/korduvkasutatav-bambusest-noudepesuhari\/","title":{"rendered":"Atk\u0101rtoti lietojama bambusa trauku mazg\u0101\u0161anas birste"},"content":{"rendered":"<p>Ergo1TP204 bambusa trauku mazg\u0101\u0161anas birste ar \u0113rtu rokturi un iztur\u012bgiem sizala \u0161\u0137iedras sariem ir ide\u0101ls aizvietot\u0101js parastajai plastmasas trauku mazg\u0101\u0161anas birstei.<\/p>\n<p>M\u016bsu bezatkritumu trauku mazg\u0101\u0161anas birsti var izmantot atk\u0101rtoti, un, kad sari\u0146i galu gal\u0101 nolietojas, vienk\u0101r\u0161i nomainiet galvi\u0146u un turpiniet t\u012br\u012b\u0161anu!<\/p>\n<p>Komplekt\u0101 ietilpst 1 bambusa trauku mazg\u0101\u0161anas birste ar sizala sariem. Varat ieg\u0101d\u0101ties main\u0101mu uzga\u013cu komplektu. <a href=\"https:\/\/ecoshop.ee\/lv\/koogitarbed\/1tp204-rezerves-zobu-birstes-galvinas-4-gab\/\" target=\"_blank\" rel=\"noopener\">pirkt \u0161eit.<\/a><\/p>","protected":false},"excerpt":{"rendered":"<p>Ergonoomilise k\u00e4epideme ja vastupidavate sisalkiududest harjastega bambusest n\u00f5udepesuhari on ideaalne asendus tavalisele plastist n\u00f5udepesuharjale. Meie null-j\u00e4\u00e4tmetega n\u00f5udepesuharja saab kasutada korduvalt ja kui&hellip;<\/p>","protected":false},"featured_media":6557,"comment_status":"open","ping_status":"closed","template":"","meta":{"wprm-recipe-roundup-name":"","wprm-recipe-roundup-description":""},"product_brand":[12064],"product_cat":[247],"product_tag":[187],"class_list":{"0":"post-6555","1":"product","2":"type-product","3":"status-publish","4":"has-post-thumbnail","6":"product_brand-jungle-culture","7":"product_cat-noud-ja-koogitarbed","8":"product_tag-noudepesuharjad","10":"first","11":"instock","12":"taxable","13":"shipping-taxable","14":"purchasable","15":"product-type-simple"},"supplier_id":9133,"supplier_sku":"","barcode":null,"atum_controlled":true,"out_stock_date":null,"out_stock_threshold":null,"inheritable":false,"inbound_stock":0,"stock_on_hold":0,"sold_today":0,"sales_last_days":1,"reserved_stock":0,"customer_returns":0,"warehouse_damage":0,"lost_in_post":0,"other_logs":0,"out_stock_days":0,"lost_sales":0,"has_location":false,"update_date":"2026-04-13T21:49:30","atum_locations":[],"atum_stock_status":"instock","restock_status":false,"low_stock_amount":"","sales_update_date":"2026-04-08T13:40:59","calc_backorders":null,"aioseo_notices":[],"_links":{"self":[{"href":"https:\/\/ecoshop.ee\/lv\/wp-json\/wp\/v2\/product\/6555","targetHints":{"allow":["GET"]}}],"collection":[{"href":"https:\/\/ecoshop.ee\/lv\/wp-json\/wp\/v2\/product"}],"about":[{"href":"https:\/\/ecoshop.ee\/lv\/wp-json\/wp\/v2\/types\/product"}],"replies":[{"embeddable":true,"href":"https:\/\/ecoshop.ee\/lv\/wp-json\/wp\/v2\/comments?post=6555"}],"version-history":[{"count":0,"href":"https:\/\/ecoshop.ee\/lv\/wp-json\/wp\/v2\/product\/6555\/revisions"}],"wp:featuredmedia":[{"embeddable":true,"href":"https:\/\/ecoshop.ee\/lv\/wp-json\/wp\/v2\/media\/6557"}],"wp:attachment":[{"href":"https:\/\/ecoshop.ee\/lv\/wp-json\/wp\/v2\/media?parent=6555"}],"wp:term":[{"taxonomy":"product_brand","embeddable":true,"href":"https:\/\/ecoshop.ee\/lv\/wp-json\/wp\/v2\/product_brand?post=6555"},{"taxonomy":"product_cat","embeddable":true,"href":"https:\/\/ecoshop.ee\/lv\/wp-json\/wp\/v2\/product_cat?post=6555"},{"taxonomy":"product_tag","embeddable":true,"href":"https:\/\/ecoshop.ee\/lv\/wp-json\/wp\/v2\/product_tag?post=6555"}],"curies":[{"name":"wp","href":"https:\/\/api.w.org\/{rel}","templated":true}]}}