{"id":6743,"date":"2024-07-31T17:05:40","date_gmt":"2024-07-31T14:05:40","guid":{"rendered":"https:\/\/ecoshop.ee\/?post_type=product&#038;p=6743"},"modified":"2026-04-02T01:10:45","modified_gmt":"2026-04-01T22:10:45","slug":"bettr-veganas-sokolades-blodinas-ar-mandelu-sviestu-39g","status":"publish","type":"product","link":"https:\/\/ecoshop.ee\/lv\/kommid\/bettr-mandlivoiga-vegan-sokolaadikausid-39g\/","title":{"rendered":"Bett&#039;r veg\u0101nas \u0161okol\u0101des b\u013codi\u0146as ar mande\u013cu sviestu, 39g"},"content":{"rendered":"<p>\u013bauj va\u013cu sav\u0101m ma\u0146\u0101m un izm\u0113\u0123ini neaizmirstamu gar\u0161as pieredzi. Bett&#039;r veg\u0101nisk\u0101s \u0161okol\u0101des b\u013codi\u0146as ar kr\u0113m\u012bgu mande\u013cu-tahini pild\u012bjumu ir mut\u0113 k\u016bsto\u0161i, m\u012bksti na\u0161\u0137i, kas tevi k\u0101rdin\u0101s. \u0160is produkts satur r\u016bp\u012bgi atlas\u012btas biolo\u0123iskas sast\u0101vda\u013cas. Nesatur rafin\u0113tu cukuru vai m\u0101ksl\u012bgas gar\u0161as.<\/p>","protected":false},"excerpt":{"rendered":"<p>Lase enda meeled vabaks ja proovi unustamatut maitseelamust. Bett&#8217;r kreemja mandli-tahinit\u00e4idisega vegan \u0161okolaadikausid on suus sulavad ja pehmed h\u00f5rgutised, mis tekitavad kiusatust.&hellip;<\/p>","protected":false},"featured_media":6745,"comment_status":"open","ping_status":"closed","template":"","meta":{"wprm-recipe-roundup-name":"","wprm-recipe-roundup-description":""},"product_brand":[11995],"product_cat":[240,160,303,302],"product_tag":[296,297],"class_list":{"0":"post-6743","1":"product","2":"type-product","3":"status-publish","4":"has-post-thumbnail","6":"product_brand-bettr","7":"product_cat-allahinnatud","8":"product_cat-kommid","9":"product_cat-mahetooted","10":"product_cat-gluteenivaba","11":"product_tag-gluteenivaba","12":"product_tag-mahe","13":"j79_wcxd_expiry_type-expiry-date","15":"first","16":"instock","17":"sale","18":"taxable","19":"shipping-taxable","20":"purchasable","21":"product-type-simple"},"supplier_id":9165,"supplier_sku":"","barcode":"3800233781236","atum_controlled":true,"out_stock_date":null,"out_stock_threshold":null,"inheritable":false,"inbound_stock":0,"stock_on_hold":0,"sold_today":0,"sales_last_days":0,"reserved_stock":0,"customer_returns":0,"warehouse_damage":0,"lost_in_post":0,"other_logs":0,"out_stock_days":0,"lost_sales":0,"has_location":false,"update_date":"2026-04-06T20:18:52","atum_locations":[],"atum_stock_status":"instock","restock_status":false,"low_stock_amount":"","sales_update_date":"2026-04-06T20:18:52","calc_backorders":null,"aioseo_notices":[],"_links":{"self":[{"href":"https:\/\/ecoshop.ee\/lv\/wp-json\/wp\/v2\/product\/6743","targetHints":{"allow":["GET"]}}],"collection":[{"href":"https:\/\/ecoshop.ee\/lv\/wp-json\/wp\/v2\/product"}],"about":[{"href":"https:\/\/ecoshop.ee\/lv\/wp-json\/wp\/v2\/types\/product"}],"replies":[{"embeddable":true,"href":"https:\/\/ecoshop.ee\/lv\/wp-json\/wp\/v2\/comments?post=6743"}],"version-history":[{"count":0,"href":"https:\/\/ecoshop.ee\/lv\/wp-json\/wp\/v2\/product\/6743\/revisions"}],"wp:featuredmedia":[{"embeddable":true,"href":"https:\/\/ecoshop.ee\/lv\/wp-json\/wp\/v2\/media\/6745"}],"wp:attachment":[{"href":"https:\/\/ecoshop.ee\/lv\/wp-json\/wp\/v2\/media?parent=6743"}],"wp:term":[{"taxonomy":"product_brand","embeddable":true,"href":"https:\/\/ecoshop.ee\/lv\/wp-json\/wp\/v2\/product_brand?post=6743"},{"taxonomy":"product_cat","embeddable":true,"href":"https:\/\/ecoshop.ee\/lv\/wp-json\/wp\/v2\/product_cat?post=6743"},{"taxonomy":"product_tag","embeddable":true,"href":"https:\/\/ecoshop.ee\/lv\/wp-json\/wp\/v2\/product_tag?post=6743"}],"curies":[{"name":"wp","href":"https:\/\/api.w.org\/{rel}","templated":true}]}}