{"id":6892,"date":"2024-08-09T20:49:26","date_gmt":"2024-08-09T17:49:26","guid":{"rendered":"https:\/\/ecoshop.ee\/?post_type=product&#038;p=6892"},"modified":"2026-04-14T00:37:05","modified_gmt":"2026-04-13T21:37:05","slug":"himalaju-roza-sals-dzems-500g","status":"publish","type":"product","link":"https:\/\/ecoshop.ee\/lv\/kupsetussegud-ja-kuivained\/himaalaja-roosa-sool-jame-500g\/","title":{"rendered":"Himalaju roz\u0101 s\u0101ls, rupj\u0101, 500g"},"content":{"rendered":"<p>Dragon Superfoods Himalayan Pink Salt ir unik\u0101ls dab\u012bgs akmens s\u0101ls, kas tiek ieg\u016bts ar rok\u0101m Himalaju kalnu pak\u0101j\u0113. \u0160\u012b s\u0101ls krist\u0101li veidoj\u0101s pirms miljoniem gadu, kad seno j\u016bru s\u0101\u013c\u0101s nogulsnes pac\u0113l\u0101s virspus\u0113. Satur vair\u0101k nek\u0101 95% n\u0101trija hlor\u012bdu, Himalaju s\u0101ls nodro\u0161ina ar\u012b v\u0113rt\u012bgus miner\u0101lus, piem\u0113ram, k\u0101liju, kalciju, magniju, fosforu un dzelzi, kurus organisms viegli uzs\u016bc. Krist\u0101lu kr\u0101sa vari\u0113 no gai\u0161i roz\u0101 l\u012bdz tum\u0161i roz\u0101, pie\u0161\u0137irot jebkuram \u0113dienam vizu\u0101lu skaistumu un \u012bpa\u0161u gar\u0161u.<\/p>\n<p>Lieto\u0161ana: Piem\u0113rots jebkuram \u0113dienam, kur der parast\u0101 s\u0101ls.<\/p>\n<p>Uzglab\u0101t saus\u0101 un v\u0113s\u0101 viet\u0101.<\/p>","protected":false},"excerpt":{"rendered":"<p>Dragon Superfoods Himaalaja roosa sool on ainulaadne looduslik kivisool, mis on kaevandatud k\u00e4sitsi Himaalaja m\u00e4gede jalamil. Selle soola kristallid on kujunenud miljoneid&hellip;<\/p>","protected":false},"featured_media":6893,"comment_status":"open","ping_status":"closed","template":"","meta":{"wprm-recipe-roundup-name":"","wprm-recipe-roundup-description":""},"product_brand":[12065],"product_cat":[323,388,161],"product_tag":[275],"class_list":{"0":"post-6892","1":"product","2":"type-product","3":"status-publish","4":"has-post-thumbnail","6":"product_brand-dragon-superfoods","7":"product_cat-kupsetussegud-ja-kuivained","8":"product_cat-maitseained","9":"product_cat-sahvrikaubad","10":"product_tag-sool","11":"j79_wcxd_expiry_type-expiry-date","13":"first","14":"instock","15":"taxable","16":"shipping-taxable","17":"purchasable","18":"product-type-simple"},"supplier_id":9165,"supplier_sku":"","barcode":null,"atum_controlled":true,"out_stock_date":null,"out_stock_threshold":null,"inheritable":false,"inbound_stock":0,"stock_on_hold":0,"sold_today":0,"sales_last_days":0,"reserved_stock":0,"customer_returns":0,"warehouse_damage":0,"lost_in_post":0,"other_logs":0,"out_stock_days":0,"lost_sales":0,"has_location":false,"update_date":"2026-04-13T21:37:06","atum_locations":[],"atum_stock_status":"instock","restock_status":false,"low_stock_amount":"","sales_update_date":"2026-04-06T20:22:20","calc_backorders":null,"aioseo_notices":[],"_links":{"self":[{"href":"https:\/\/ecoshop.ee\/lv\/wp-json\/wp\/v2\/product\/6892","targetHints":{"allow":["GET"]}}],"collection":[{"href":"https:\/\/ecoshop.ee\/lv\/wp-json\/wp\/v2\/product"}],"about":[{"href":"https:\/\/ecoshop.ee\/lv\/wp-json\/wp\/v2\/types\/product"}],"replies":[{"embeddable":true,"href":"https:\/\/ecoshop.ee\/lv\/wp-json\/wp\/v2\/comments?post=6892"}],"version-history":[{"count":0,"href":"https:\/\/ecoshop.ee\/lv\/wp-json\/wp\/v2\/product\/6892\/revisions"}],"wp:featuredmedia":[{"embeddable":true,"href":"https:\/\/ecoshop.ee\/lv\/wp-json\/wp\/v2\/media\/6893"}],"wp:attachment":[{"href":"https:\/\/ecoshop.ee\/lv\/wp-json\/wp\/v2\/media?parent=6892"}],"wp:term":[{"taxonomy":"product_brand","embeddable":true,"href":"https:\/\/ecoshop.ee\/lv\/wp-json\/wp\/v2\/product_brand?post=6892"},{"taxonomy":"product_cat","embeddable":true,"href":"https:\/\/ecoshop.ee\/lv\/wp-json\/wp\/v2\/product_cat?post=6892"},{"taxonomy":"product_tag","embeddable":true,"href":"https:\/\/ecoshop.ee\/lv\/wp-json\/wp\/v2\/product_tag?post=6892"}],"curies":[{"name":"wp","href":"https:\/\/api.w.org\/{rel}","templated":true}]}}