{"id":6895,"date":"2024-08-09T21:07:15","date_gmt":"2024-08-09T18:07:15","guid":{"rendered":"https:\/\/ecoshop.ee\/?post_type=product&#038;p=6895"},"modified":"2026-05-10T19:34:47","modified_gmt":"2026-05-10T16:34:47","slug":"himalaju-melna-sals-smalka-250-g","status":"publish","type":"product","link":"https:\/\/ecoshop.ee\/lv\/kupsetussegud-ja-kuivained\/himaalaja-must-sool-peen-250g\/","title":{"rendered":"Himalaju meln\u0101 s\u0101ls, smalka, 250 g"},"content":{"rendered":"<p>Dragon Superfoods Himalaju meln\u0101 s\u0101ls ir dab\u012bgs akmens s\u0101ls, kas tiek ieg\u016bts ar rok\u0101m s\u0101ls raktuv\u0113s Himalaju pak\u0101j\u0113. Tas veidoj\u0101s pirms miljoniem gadu, kad Zemes garozas kust\u012bbas un karstas magmas ietekmes rezult\u0101t\u0101 tika paceltas oke\u0101na s\u0101ls nogulsnes. Meln\u0101 Himalaju s\u0101ls satur vair\u0101k nek\u0101 95% n\u0101trija hlor\u012bda un vair\u0101kus svar\u012bgus miner\u0101lus, ko organisms viegli uzs\u016bc jonu form\u0101. Tie ir k\u0101lijs, kalcijs, magnijs, fosfors un dzelzs. S\u0101ls krist\u0101lu kr\u0101sa vari\u0113 no pel\u0113c\u012bgi baltas l\u012bdz melnai un var b\u016bt nedaudz sarkan\u012bga. Tam ir viegla s\u0113ra smar\u017ea.<\/p>\n<p>Ieteicamais lietojums: Pievienot visiem \u0113dieniem, kuros parasti pievienotu s\u0101li.<\/p>\n<p>Uzglab\u0101t saus\u0101 un v\u0113s\u0101 viet\u0101.<\/p>","protected":false},"excerpt":{"rendered":"<p>Dragon Superfoods Himaalaja must sool on looduslik kivisool, mis on k\u00e4sitsi kaevandatud Himaalaja jalamil asuvatest soolakaevandustest. See on tekkinud miljoneid aastaid tagasi&hellip;<\/p>","protected":false},"featured_media":6896,"comment_status":"open","ping_status":"closed","template":"","meta":{"wprm-recipe-roundup-name":"","wprm-recipe-roundup-description":""},"product_brand":[12065],"product_cat":[323,388,161],"product_tag":[275],"class_list":{"0":"post-6895","1":"product","2":"type-product","3":"status-publish","4":"has-post-thumbnail","6":"product_brand-dragon-superfoods","7":"product_cat-kupsetussegud-ja-kuivained","8":"product_cat-maitseained","9":"product_cat-sahvrikaubad","10":"product_tag-sool","11":"j79_wcxd_expiry_type-expiry-date","13":"first","14":"instock","15":"taxable","16":"shipping-taxable","17":"purchasable","18":"product-type-simple"},"supplier_id":9165,"supplier_sku":"","barcode":"3800225473125","atum_controlled":true,"out_stock_date":null,"out_stock_threshold":null,"inheritable":false,"inbound_stock":0,"stock_on_hold":0,"sold_today":0,"sales_last_days":1,"reserved_stock":0,"customer_returns":0,"warehouse_damage":0,"lost_in_post":0,"other_logs":0,"out_stock_days":0,"lost_sales":0,"has_location":false,"update_date":"2026-05-12T12:37:21","atum_locations":[],"atum_stock_status":"instock","restock_status":false,"low_stock_amount":"","sales_update_date":"2026-05-12T12:37:21","calc_backorders":null,"aioseo_notices":[],"_links":{"self":[{"href":"https:\/\/ecoshop.ee\/lv\/wp-json\/wp\/v2\/product\/6895","targetHints":{"allow":["GET"]}}],"collection":[{"href":"https:\/\/ecoshop.ee\/lv\/wp-json\/wp\/v2\/product"}],"about":[{"href":"https:\/\/ecoshop.ee\/lv\/wp-json\/wp\/v2\/types\/product"}],"replies":[{"embeddable":true,"href":"https:\/\/ecoshop.ee\/lv\/wp-json\/wp\/v2\/comments?post=6895"}],"version-history":[{"count":0,"href":"https:\/\/ecoshop.ee\/lv\/wp-json\/wp\/v2\/product\/6895\/revisions"}],"wp:featuredmedia":[{"embeddable":true,"href":"https:\/\/ecoshop.ee\/lv\/wp-json\/wp\/v2\/media\/6896"}],"wp:attachment":[{"href":"https:\/\/ecoshop.ee\/lv\/wp-json\/wp\/v2\/media?parent=6895"}],"wp:term":[{"taxonomy":"product_brand","embeddable":true,"href":"https:\/\/ecoshop.ee\/lv\/wp-json\/wp\/v2\/product_brand?post=6895"},{"taxonomy":"product_cat","embeddable":true,"href":"https:\/\/ecoshop.ee\/lv\/wp-json\/wp\/v2\/product_cat?post=6895"},{"taxonomy":"product_tag","embeddable":true,"href":"https:\/\/ecoshop.ee\/lv\/wp-json\/wp\/v2\/product_tag?post=6895"}],"curies":[{"name":"wp","href":"https:\/\/api.w.org\/{rel}","templated":true}]}}