{"id":6911,"date":"2024-08-10T00:01:48","date_gmt":"2024-08-09T21:01:48","guid":{"rendered":"https:\/\/ecoshop.ee\/?post_type=product&#038;p=6911"},"modified":"2026-05-08T11:44:06","modified_gmt":"2026-05-08T08:44:06","slug":"biologiskas-lobitas-kanepju-seklas-200g","status":"publish","type":"product","link":"https:\/\/ecoshop.ee\/lv\/kupsetussegud-ja-kuivained\/orgaanilised-kooritud-kanepiseemned-200g\/","title":{"rendered":"Biolo\u0123iskas lob\u012btas ka\u0146epju s\u0113klas, 200g"},"content":{"rendered":"<p>Dragon Superfoods organisk\u0101s lob\u012bt\u0101s ka\u0146epju s\u0113klas tiek maigi lob\u012btas zem\u0101 temperat\u016br\u0101, izmantojot \u0137\u012bmisku vielu nesaturo\u0161u procesu, saglab\u0101jot to augsto Omega 3 un E-vitamin saturu. Tas nodro\u0161ina ide\u0101lu Omega 3 un Omega 6 attiec\u012bbu. S\u0113klu maig\u0101 riekstu gar\u0161a pie\u0161\u0137ir lielisku nosl\u0113guma piesk\u0101rienu da\u017e\u0101diem sal\u0101tiem, sm\u016btijiem un pat zup\u0101m.<\/p>\n<p>Ieteicam\u0101 lieto\u0161ana: 30 g dien\u0101.<\/p>\n<p>Uzglab\u0101t v\u0113s\u0101, saus\u0101 viet\u0101.<\/p>","protected":false},"excerpt":{"rendered":"<p>Dragon Superfoods orgaanilised kooritud kanepiseemned on \u00f5rnalt kooritud madalal temperatuuril kemikaalivaba protsessi kaudu, s\u00e4ilitades nende k\u00f5rge Omega 3 ja E-vitamiini sisalduse. Seet\u00f5ttu&hellip;<\/p>","protected":false},"featured_media":6912,"comment_status":"open","ping_status":"closed","template":"","meta":{"wprm-recipe-roundup-name":"","wprm-recipe-roundup-description":""},"product_brand":[12065],"product_cat":[323,161,303],"product_tag":[297,300],"class_list":{"0":"post-6911","1":"product","2":"type-product","3":"status-publish","4":"has-post-thumbnail","6":"product_brand-dragon-superfoods","7":"product_cat-kupsetussegud-ja-kuivained","8":"product_cat-sahvrikaubad","9":"product_cat-mahetooted","10":"product_tag-mahe","11":"product_tag-seemned","12":"j79_wcxd_expiry_type-expiry-date","14":"first","15":"instock","16":"taxable","17":"shipping-taxable","18":"purchasable","19":"product-type-simple"},"supplier_id":9165,"supplier_sku":"","barcode":"3800225473156","atum_controlled":true,"out_stock_date":null,"out_stock_threshold":null,"inheritable":false,"inbound_stock":0,"stock_on_hold":0,"sold_today":0,"sales_last_days":1,"reserved_stock":0,"customer_returns":0,"warehouse_damage":0,"lost_in_post":0,"other_logs":0,"out_stock_days":0,"lost_sales":0,"has_location":false,"update_date":"2026-05-12T12:37:21","atum_locations":[],"atum_stock_status":"instock","restock_status":false,"low_stock_amount":"","sales_update_date":"2026-05-12T12:37:21","calc_backorders":null,"aioseo_notices":[],"_links":{"self":[{"href":"https:\/\/ecoshop.ee\/lv\/wp-json\/wp\/v2\/product\/6911","targetHints":{"allow":["GET"]}}],"collection":[{"href":"https:\/\/ecoshop.ee\/lv\/wp-json\/wp\/v2\/product"}],"about":[{"href":"https:\/\/ecoshop.ee\/lv\/wp-json\/wp\/v2\/types\/product"}],"replies":[{"embeddable":true,"href":"https:\/\/ecoshop.ee\/lv\/wp-json\/wp\/v2\/comments?post=6911"}],"version-history":[{"count":0,"href":"https:\/\/ecoshop.ee\/lv\/wp-json\/wp\/v2\/product\/6911\/revisions"}],"wp:featuredmedia":[{"embeddable":true,"href":"https:\/\/ecoshop.ee\/lv\/wp-json\/wp\/v2\/media\/6912"}],"wp:attachment":[{"href":"https:\/\/ecoshop.ee\/lv\/wp-json\/wp\/v2\/media?parent=6911"}],"wp:term":[{"taxonomy":"product_brand","embeddable":true,"href":"https:\/\/ecoshop.ee\/lv\/wp-json\/wp\/v2\/product_brand?post=6911"},{"taxonomy":"product_cat","embeddable":true,"href":"https:\/\/ecoshop.ee\/lv\/wp-json\/wp\/v2\/product_cat?post=6911"},{"taxonomy":"product_tag","embeddable":true,"href":"https:\/\/ecoshop.ee\/lv\/wp-json\/wp\/v2\/product_tag?post=6911"}],"curies":[{"name":"wp","href":"https:\/\/api.w.org\/{rel}","templated":true}]}}