{"id":6986,"date":"2024-08-11T23:18:32","date_gmt":"2024-08-11T20:18:32","guid":{"rendered":"https:\/\/ecoshop.ee\/?post_type=product&#038;p=6986"},"modified":"2026-05-05T15:59:42","modified_gmt":"2026-05-05T12:59:42","slug":"bettr-bezglutena-veganu-brauniju-cepsanas-maisijums-400g","status":"publish","type":"product","link":"https:\/\/ecoshop.ee\/lv\/kupsetussegud-ja-kuivained\/bettr-gluteenivaba-vegan-brownie-kupsetussegu-400g\/","title":{"rendered":"Bett&#039;r bezglut\u0113na veg\u0101nu brauniju cep\u0161anas mais\u012bjums, 400g"},"content":{"rendered":"<p>\u0100trs, vienk\u0101r\u0161s un bez sirdsapzi\u0146as p\u0101rmetumiem pagatavots fud\u017es, izmantojot m\u016bsu organisko veg\u0101nisko brauniju cep\u0161anas mais\u012bjumu. Izbaudiet savus iecien\u012bt\u0101kos braunijus, kas pagatavoti no super\u0113dienu miltiem un bezglut\u0113na sast\u0101vda\u013c\u0101m.<\/p>\n<p>\u2013 Brauniji ar bag\u0101t\u012bgu kakao gar\u0161u<br \/>\n\u2013 \u0100tri un viegli pagatavot<br \/>\n\u2013 Biolo\u0123isks, veg\u0101ns un bez glut\u0113na<\/p>\n<p>Vai jums pat\u012bk \u0161okol\u0101des konfektes?<\/p>\n<p>Tagad j\u016bs varat pagatavot savu desertu bez raiz\u0113m ar m\u016bsu biolo\u0123isko brauniju cep\u0161anas mais\u012bjumu. \u0100trs, vienk\u0101r\u0161s un bez sirdsapzi\u0146as p\u0101rmetumiem pagatavots na\u0161\u0137is!<\/p>\n<p>Vienk\u0101r\u0161i pievienojiet mais\u012bjumam pienu un e\u013c\u013cu vai izkaus\u0113tu sviestu un v\u0101riet, l\u012bdz gatavs.<\/p>\n<p>V\u0113l lab\u0101k, svaigi no kr\u0101sns ceptie br\u016bni\u0146i ir bez glut\u0113na, bez rafin\u0113ta cukura un biolo\u0123iski.<\/p>\n<p>15 porcijas vien\u0101 iepakojum\u0101.<\/p>","protected":false},"excerpt":{"rendered":"<p>\u0100trs, vienk\u0101r\u0161s un bez sirdsapzi\u0146as p\u0101rmetumiem gatavots fud\u017es, izmantojot m\u016bsu organisko veg\u0101nisko brauniju cep\u0161anas mais\u012bjumu. Izbaudiet savus iecien\u012bt\u0101kos braunijus, kas pagatavoti ar super\u0113dienu miltiem un\u2026<\/p>","protected":false},"featured_media":6987,"comment_status":"open","ping_status":"closed","template":"","meta":{"wprm-recipe-roundup-name":"","wprm-recipe-roundup-description":""},"product_brand":[11995],"product_cat":[323,240,161,303,302],"product_tag":[287,296,297],"class_list":{"0":"post-6986","1":"product","2":"type-product","3":"status-publish","4":"has-post-thumbnail","6":"product_brand-bettr","7":"product_cat-kupsetussegud-ja-kuivained","8":"product_cat-allahinnatud","9":"product_cat-sahvrikaubad","10":"product_cat-mahetooted","11":"product_cat-gluteenivaba","12":"product_tag-brownie-segu","13":"product_tag-gluteenivaba","14":"product_tag-mahe","15":"j79_wcxd_expiry_type-best-before","17":"first","18":"instock","19":"sale","20":"taxable","21":"shipping-taxable","22":"purchasable","23":"product-type-simple"},"supplier_id":9165,"supplier_sku":"","barcode":"3800233687040","atum_controlled":true,"out_stock_date":null,"out_stock_threshold":null,"inheritable":false,"inbound_stock":0,"stock_on_hold":0,"sold_today":0,"sales_last_days":4,"reserved_stock":0,"customer_returns":0,"warehouse_damage":0,"lost_in_post":0,"other_logs":0,"out_stock_days":0,"lost_sales":0,"has_location":false,"update_date":"2026-05-07T13:09:48","atum_locations":[],"atum_stock_status":"instock","restock_status":true,"low_stock_amount":"","sales_update_date":"2026-05-07T13:09:48","calc_backorders":null,"aioseo_notices":[],"_links":{"self":[{"href":"https:\/\/ecoshop.ee\/lv\/wp-json\/wp\/v2\/product\/6986","targetHints":{"allow":["GET"]}}],"collection":[{"href":"https:\/\/ecoshop.ee\/lv\/wp-json\/wp\/v2\/product"}],"about":[{"href":"https:\/\/ecoshop.ee\/lv\/wp-json\/wp\/v2\/types\/product"}],"replies":[{"embeddable":true,"href":"https:\/\/ecoshop.ee\/lv\/wp-json\/wp\/v2\/comments?post=6986"}],"version-history":[{"count":0,"href":"https:\/\/ecoshop.ee\/lv\/wp-json\/wp\/v2\/product\/6986\/revisions"}],"wp:featuredmedia":[{"embeddable":true,"href":"https:\/\/ecoshop.ee\/lv\/wp-json\/wp\/v2\/media\/6987"}],"wp:attachment":[{"href":"https:\/\/ecoshop.ee\/lv\/wp-json\/wp\/v2\/media?parent=6986"}],"wp:term":[{"taxonomy":"product_brand","embeddable":true,"href":"https:\/\/ecoshop.ee\/lv\/wp-json\/wp\/v2\/product_brand?post=6986"},{"taxonomy":"product_cat","embeddable":true,"href":"https:\/\/ecoshop.ee\/lv\/wp-json\/wp\/v2\/product_cat?post=6986"},{"taxonomy":"product_tag","embeddable":true,"href":"https:\/\/ecoshop.ee\/lv\/wp-json\/wp\/v2\/product_tag?post=6986"}],"curies":[{"name":"wp","href":"https:\/\/api.w.org\/{rel}","templated":true}]}}