{"id":7003,"date":"2024-08-13T00:26:11","date_gmt":"2024-08-12T21:26:11","guid":{"rendered":"https:\/\/ecoshop.ee\/?post_type=product&#038;p=7003"},"modified":"2026-03-14T18:15:45","modified_gmt":"2026-03-14T15:15:45","slug":"naughty-nuts-avenu-pilditas-valriekstu-sviesta-blodinas-39g","status":"publish","type":"product","link":"https:\/\/ecoshop.ee\/lv\/kommid\/naughty-nuts-vaarika-taidisega-pahklivoikausid-39g\/","title":{"rendered":"Naughty Nuts ar aven\u0113m pild\u012btas riekstu sviesta b\u013codi\u0146as, 39g"},"content":{"rendered":"<p>Naughty Nuts ar aven\u0113m pild\u012bti riekstu sviesta b\u013codi\u0146i pied\u0101v\u0101 neaizmirstamu gar\u0161as pieredzi ar maz\u0101k cukura. Lieliska uzkoda un baud\u012bjums.<\/p>\n<p>Iegremd\u0113jieties gr\u0113c\u012bgu k\u0101rdin\u0101jumu pasaul\u0113 un izbaudiet neatvair\u0101mi kr\u0113m\u012bgo ave\u0146u-valriekstu pild\u012bjumu. \u0160\u012b mut\u0113 k\u016bsto\u0161\u0101 pieredze pied\u0101v\u0101 t\u012bru sv\u0113tlaimi un perfektu aug\u013cu un saldu gar\u0161u kombin\u0101ciju.<\/p>\n<p>Pat\u012bkami m\u012bksts ave\u0146u-valriekstu pild\u012bjums<br \/>\nKr\u0113m\u012bgs un mut\u0113 k\u016bsto\u0161s<br \/>\n53% maz\u0101k cukura sal\u012bdzin\u0101jum\u0101 ar tradicion\u0101laj\u0101m riekstu sviesta kr\u016bz\u012bt\u0113m<br \/>\nBez palmu e\u013c\u013cas un 100% veg\u0101ns<\/p>","protected":false},"excerpt":{"rendered":"<p>Naughty Nuts vaarika t\u00e4idisega p\u00e4hkliv\u00f5ikausid pakuvad unustamatut maitseelamust, sisaldades v\u00e4hem suhkrut. T\u00e4iuslik suupiste ja nauding. Sukeldu patuse kiusatuse maailma ja koge vastupandamatult&hellip;<\/p>","protected":false},"featured_media":7004,"comment_status":"open","ping_status":"closed","template":"","meta":{"wprm-recipe-roundup-name":"","wprm-recipe-roundup-description":""},"product_brand":[12000],"product_cat":[160,303],"product_tag":[288],"class_list":{"0":"post-7003","1":"product","2":"type-product","3":"status-publish","4":"has-post-thumbnail","6":"product_brand-naughty-nuts","7":"product_cat-kommid","8":"product_cat-mahetooted","9":"product_tag-pahklivoikausid","10":"j79_wcxd_expiry_type-expiry-date","12":"first","13":"instock","14":"taxable","15":"shipping-taxable","16":"purchasable","17":"product-type-simple"},"supplier_id":9165,"supplier_sku":"","barcode":"4260737541634","atum_controlled":true,"out_stock_date":null,"out_stock_threshold":null,"inheritable":false,"inbound_stock":0,"stock_on_hold":0,"sold_today":0,"sales_last_days":0,"reserved_stock":0,"customer_returns":0,"warehouse_damage":0,"lost_in_post":0,"other_logs":0,"out_stock_days":0,"lost_sales":0,"has_location":false,"update_date":"2026-04-06T20:23:10","atum_locations":[],"atum_stock_status":"instock","restock_status":false,"low_stock_amount":"","sales_update_date":"2026-04-06T20:23:10","calc_backorders":null,"aioseo_notices":[],"_links":{"self":[{"href":"https:\/\/ecoshop.ee\/lv\/wp-json\/wp\/v2\/product\/7003","targetHints":{"allow":["GET"]}}],"collection":[{"href":"https:\/\/ecoshop.ee\/lv\/wp-json\/wp\/v2\/product"}],"about":[{"href":"https:\/\/ecoshop.ee\/lv\/wp-json\/wp\/v2\/types\/product"}],"replies":[{"embeddable":true,"href":"https:\/\/ecoshop.ee\/lv\/wp-json\/wp\/v2\/comments?post=7003"}],"version-history":[{"count":0,"href":"https:\/\/ecoshop.ee\/lv\/wp-json\/wp\/v2\/product\/7003\/revisions"}],"wp:featuredmedia":[{"embeddable":true,"href":"https:\/\/ecoshop.ee\/lv\/wp-json\/wp\/v2\/media\/7004"}],"wp:attachment":[{"href":"https:\/\/ecoshop.ee\/lv\/wp-json\/wp\/v2\/media?parent=7003"}],"wp:term":[{"taxonomy":"product_brand","embeddable":true,"href":"https:\/\/ecoshop.ee\/lv\/wp-json\/wp\/v2\/product_brand?post=7003"},{"taxonomy":"product_cat","embeddable":true,"href":"https:\/\/ecoshop.ee\/lv\/wp-json\/wp\/v2\/product_cat?post=7003"},{"taxonomy":"product_tag","embeddable":true,"href":"https:\/\/ecoshop.ee\/lv\/wp-json\/wp\/v2\/product_tag?post=7003"}],"curies":[{"name":"wp","href":"https:\/\/api.w.org\/{rel}","templated":true}]}}