{"id":7017,"date":"2024-08-13T23:40:27","date_gmt":"2024-08-13T20:40:27","guid":{"rendered":"https:\/\/ecoshop.ee\/?post_type=product&#038;p=7017"},"modified":"2026-03-16T13:00:52","modified_gmt":"2026-03-16T10:00:52","slug":"vienkarss-koka-skuveklis-ar-2-asmeniem","status":"publish","type":"product","link":"https:\/\/ecoshop.ee\/lv\/raseerijad\/lihtne-puidust-raseerija-2-tera\/","title":{"rendered":"Vienk\u0101r\u0161s koka skuveklis + 2 asme\u0146i"},"content":{"rendered":"<p>\u0160is vienk\u0101r\u0161ais un videi draudz\u012bgais koka skuveklis ir lieliska izv\u0113le gludai un efekt\u012bvai sk\u016b\u0161anai. Tam ir 2 asme\u0146i, kas nodro\u0161ina prec\u012bzus rezult\u0101tus un ilgsto\u0161u lieto\u0161anu. Atk\u0101rtoti lietojamais skuveklis ir izgatavots no augstas kvalit\u0101tes koka, nodro\u0161inot \u0113rtu un dro\u0161u sk\u016b\u0161an\u0101s pieredzi. Skuveklis ir iepakots vienk\u0101r\u0161\u0101 kartona kast\u012bt\u0113, kas samazina plastmasas pat\u0113ri\u0146u un aizsarg\u0101 vidi. Lieliski piem\u0113rots ikdienas lieto\u0161anai.<\/p>\n<p>Garums: 11 cm<\/p>","protected":false},"excerpt":{"rendered":"<p>See lihtne ja keskkonnas\u00f5bralik puidust raseerija on ideaalne valik sujuvaks ja t\u00f5husaks raseerimiseks. Komplektis on 2 tera, mis tagavad t\u00e4pse tulemuse ja&hellip;<\/p>","protected":false},"featured_media":7018,"comment_status":"open","ping_status":"closed","template":"","meta":{"wprm-recipe-roundup-name":"","wprm-recipe-roundup-description":""},"product_brand":[],"product_cat":[280],"product_tag":[190],"class_list":{"0":"post-7017","1":"product","2":"type-product","3":"status-publish","4":"has-post-thumbnail","6":"product_cat-raseerijad","7":"product_tag-raseerija","9":"first","10":"instock","11":"sale","12":"taxable","13":"shipping-taxable","14":"purchasable","15":"product-type-simple"},"supplier_id":9164,"supplier_sku":"","barcode":null,"atum_controlled":true,"out_stock_date":null,"out_stock_threshold":null,"inheritable":false,"inbound_stock":0,"stock_on_hold":0,"sold_today":0,"sales_last_days":1,"reserved_stock":0,"customer_returns":0,"warehouse_damage":0,"lost_in_post":0,"other_logs":0,"out_stock_days":0,"lost_sales":0,"has_location":false,"update_date":"2026-03-18T17:07:10","atum_locations":[],"atum_stock_status":"instock","restock_status":false,"low_stock_amount":"","sales_update_date":"2026-03-18T17:07:10","calc_backorders":null,"aioseo_notices":[],"_links":{"self":[{"href":"https:\/\/ecoshop.ee\/lv\/wp-json\/wp\/v2\/product\/7017","targetHints":{"allow":["GET"]}}],"collection":[{"href":"https:\/\/ecoshop.ee\/lv\/wp-json\/wp\/v2\/product"}],"about":[{"href":"https:\/\/ecoshop.ee\/lv\/wp-json\/wp\/v2\/types\/product"}],"replies":[{"embeddable":true,"href":"https:\/\/ecoshop.ee\/lv\/wp-json\/wp\/v2\/comments?post=7017"}],"version-history":[{"count":0,"href":"https:\/\/ecoshop.ee\/lv\/wp-json\/wp\/v2\/product\/7017\/revisions"}],"wp:featuredmedia":[{"embeddable":true,"href":"https:\/\/ecoshop.ee\/lv\/wp-json\/wp\/v2\/media\/7018"}],"wp:attachment":[{"href":"https:\/\/ecoshop.ee\/lv\/wp-json\/wp\/v2\/media?parent=7017"}],"wp:term":[{"taxonomy":"product_brand","embeddable":true,"href":"https:\/\/ecoshop.ee\/lv\/wp-json\/wp\/v2\/product_brand?post=7017"},{"taxonomy":"product_cat","embeddable":true,"href":"https:\/\/ecoshop.ee\/lv\/wp-json\/wp\/v2\/product_cat?post=7017"},{"taxonomy":"product_tag","embeddable":true,"href":"https:\/\/ecoshop.ee\/lv\/wp-json\/wp\/v2\/product_tag?post=7017"}],"curies":[{"name":"wp","href":"https:\/\/api.w.org\/{rel}","templated":true}]}}