{"id":7023,"date":"2024-08-14T00:36:25","date_gmt":"2024-08-13T21:36:25","guid":{"rendered":"https:\/\/ecoshop.ee\/?post_type=product&#038;p=7023"},"modified":"2026-02-03T12:17:10","modified_gmt":"2026-02-03T09:17:10","slug":"roobar-sokolade-parklats-zemesriekstu-batonins-30g","status":"publish","type":"product","link":"https:\/\/ecoshop.ee\/lv\/mahetooted\/roobar-sokolaadiga-kaetud-maapahklibatoon-30g\/","title":{"rendered":"Roobar \u0160okol\u0101d\u0113 p\u0101rkl\u0101ts zemesriekstu batoni\u0146\u0161, 30g"},"content":{"rendered":"<p>Ir v\u0113rts pam\u0113\u0123in\u0101t veg\u0101nisko piena \u0161okol\u0101des un zemesriekstu batoni\u0146u Roobar. Izbaudiet gardu saldo date\u013cu un krauk\u0161\u0137\u012bgo grauzd\u0113to zemesriekstu kombin\u0101ciju, kas p\u0101rkl\u0101ta ar maigu \u0161okol\u0101di.<\/p>\n<p>Jaunais Roobar \u0161okol\u0101des un zemesriekstu batoni\u0146\u0161 ir bezglut\u0113na k\u0101rums, kas gatavots no veg\u0101n\u0101m un biolo\u0123isk\u0101m sast\u0101vda\u013c\u0101m. Neatkar\u012bgi no t\u0101, vai tas ir p\u0101rg\u0101jiens, pastaiga vai vienk\u0101r\u0161i ener\u0123ijas atg\u016b\u0161ana p\u0113c garas darba dienas, \u0161is batoni\u0146\u0161 vienm\u0113r ir ide\u0101ls sabiedrotais.<\/p>\n<p>Smalki \u0161okol\u0101des p\u0101rkl\u0101tais veg\u0101ns Roobar pied\u0101v\u0101 maigu \u0161okol\u0101des un zemesriekstu gar\u0161u, kas aizved\u012bs j\u016bsu gar\u0161as k\u0101rpi\u0146as ce\u013cojum\u0101.<\/p>\n<p>- veg\u0101na piena \u0161okol\u0101de<br \/>\n\u2013 biolo\u0123iskas un bezglut\u0113na sast\u0101vda\u013cas<br \/>\n\u2013 saldin\u0101ts ar kokosriekstu cukuru<br \/>\n\u2013 pamatojoties uz saldajiem datumiem<\/p>","protected":false},"excerpt":{"rendered":"<p>Roobar vegan piima\u0161okolaadiga maap\u00e4hklibatoon on v\u00e4\u00e4rt proovimist. Nautides magusate datlite ja kr\u00f5mpsuvate r\u00f6stitud maap\u00e4hklite isu\u00e4ratavat kombinatsiooni, mis on kaetud maheda \u0161okolaadiga. Uus&hellip;<\/p>","protected":false},"featured_media":7024,"comment_status":"open","ping_status":"closed","template":"","meta":{"wprm-recipe-roundup-name":"","wprm-recipe-roundup-description":""},"product_brand":[12010],"product_cat":[240,160,303],"product_tag":[296,297,289],"class_list":{"0":"post-7023","1":"product","2":"type-product","3":"status-publish","4":"has-post-thumbnail","6":"product_brand-roobar","7":"product_cat-allahinnatud","8":"product_cat-kommid","9":"product_cat-mahetooted","10":"product_tag-gluteenivaba","11":"product_tag-mahe","12":"product_tag-toorbatoon","13":"j79_wcxd_expiry_type-expiry-date","15":"first","16":"instock","17":"sale","18":"taxable","19":"shipping-taxable","20":"purchasable","21":"product-type-simple"},"supplier_id":9165,"supplier_sku":"","barcode":"3800233687415","atum_controlled":true,"out_stock_date":null,"out_stock_threshold":null,"inheritable":false,"inbound_stock":0,"stock_on_hold":0,"sold_today":0,"sales_last_days":0,"reserved_stock":0,"customer_returns":0,"warehouse_damage":0,"lost_in_post":0,"other_logs":0,"out_stock_days":0,"lost_sales":0,"has_location":false,"update_date":"2026-04-06T20:23:10","atum_locations":[],"atum_stock_status":"instock","restock_status":false,"low_stock_amount":"","sales_update_date":"2026-04-06T20:23:10","calc_backorders":null,"aioseo_notices":[],"_links":{"self":[{"href":"https:\/\/ecoshop.ee\/lv\/wp-json\/wp\/v2\/product\/7023","targetHints":{"allow":["GET"]}}],"collection":[{"href":"https:\/\/ecoshop.ee\/lv\/wp-json\/wp\/v2\/product"}],"about":[{"href":"https:\/\/ecoshop.ee\/lv\/wp-json\/wp\/v2\/types\/product"}],"replies":[{"embeddable":true,"href":"https:\/\/ecoshop.ee\/lv\/wp-json\/wp\/v2\/comments?post=7023"}],"version-history":[{"count":0,"href":"https:\/\/ecoshop.ee\/lv\/wp-json\/wp\/v2\/product\/7023\/revisions"}],"wp:featuredmedia":[{"embeddable":true,"href":"https:\/\/ecoshop.ee\/lv\/wp-json\/wp\/v2\/media\/7024"}],"wp:attachment":[{"href":"https:\/\/ecoshop.ee\/lv\/wp-json\/wp\/v2\/media?parent=7023"}],"wp:term":[{"taxonomy":"product_brand","embeddable":true,"href":"https:\/\/ecoshop.ee\/lv\/wp-json\/wp\/v2\/product_brand?post=7023"},{"taxonomy":"product_cat","embeddable":true,"href":"https:\/\/ecoshop.ee\/lv\/wp-json\/wp\/v2\/product_cat?post=7023"},{"taxonomy":"product_tag","embeddable":true,"href":"https:\/\/ecoshop.ee\/lv\/wp-json\/wp\/v2\/product_tag?post=7023"}],"curies":[{"name":"wp","href":"https:\/\/api.w.org\/{rel}","templated":true}]}}