{"id":7034,"date":"2024-08-14T13:50:44","date_gmt":"2024-08-14T10:50:44","guid":{"rendered":"https:\/\/ecoshop.ee\/?post_type=product&#038;p=7034"},"modified":"2025-10-27T23:01:55","modified_gmt":"2025-10-27T20:01:55","slug":"augstas-kvalitates-skuvekla-asmeni-5-gab","status":"publish","type":"product","link":"https:\/\/ecoshop.ee\/lv\/raseerimistarvikud\/kvaliteetsed-raseerija-terad-5tk\/","title":{"rendered":"Augstas kvalit\u0101tes skuvek\u013ca asme\u0146i, 5 gab."},"content":{"rendered":"<p>Augstas kvalit\u0101tes skuvek\u013ca asme\u0146i, izgatavoti no zviedru ner\u016bs\u0113jo\u0161\u0101 t\u0113rauda. \u0160ie divpus\u0113jie asme\u0146i nodro\u0161ina \u0101rk\u0101rt\u012bgi gludu un prec\u012bzu sk\u016b\u0161anos. Sader\u012bgi ar visu z\u012bmolu skuvek\u013ciem, nodro\u0161inot ilgsto\u0161u asumu un iztur\u012bbu. Ide\u0101la izv\u0113le tiem, kas ikdienas apr\u016bp\u0113 nov\u0113rt\u0113 kvalit\u0101ti un precizit\u0101ti.<\/p>","protected":false},"excerpt":{"rendered":"<p>Kvaliteetsed raseerija terad, valmistatud Rootsi roostevabast terasest. Need kahepoolsed terad tagavad \u00fclimalt sujuva ja t\u00e4pse raseerimistulemuse. Sobivad k\u00f5ikide br\u00e4ndide raseerijatele, pakkudes pikaajalist&hellip;<\/p>","protected":false},"featured_media":7035,"comment_status":"open","ping_status":"closed","template":"","meta":{"wprm-recipe-roundup-name":"","wprm-recipe-roundup-description":""},"product_brand":[],"product_cat":[281],"product_tag":[191],"class_list":{"0":"post-7034","1":"product","2":"type-product","3":"status-publish","4":"has-post-thumbnail","6":"product_cat-raseerimistarvikud","7":"product_tag-terad","9":"first","10":"instock","11":"taxable","12":"shipping-taxable","13":"purchasable","14":"product-type-simple"},"supplier_id":9163,"supplier_sku":"","barcode":null,"atum_controlled":true,"out_stock_date":null,"out_stock_threshold":null,"inheritable":false,"inbound_stock":0,"stock_on_hold":0,"sold_today":0,"sales_last_days":0,"reserved_stock":0,"customer_returns":0,"warehouse_damage":0,"lost_in_post":0,"other_logs":0,"out_stock_days":0,"lost_sales":0,"has_location":false,"update_date":"2026-03-07T01:16:01","atum_locations":[],"atum_stock_status":"instock","restock_status":false,"low_stock_amount":"","sales_update_date":"2026-03-07T01:16:01","calc_backorders":null,"aioseo_notices":[],"_links":{"self":[{"href":"https:\/\/ecoshop.ee\/lv\/wp-json\/wp\/v2\/product\/7034","targetHints":{"allow":["GET"]}}],"collection":[{"href":"https:\/\/ecoshop.ee\/lv\/wp-json\/wp\/v2\/product"}],"about":[{"href":"https:\/\/ecoshop.ee\/lv\/wp-json\/wp\/v2\/types\/product"}],"replies":[{"embeddable":true,"href":"https:\/\/ecoshop.ee\/lv\/wp-json\/wp\/v2\/comments?post=7034"}],"version-history":[{"count":0,"href":"https:\/\/ecoshop.ee\/lv\/wp-json\/wp\/v2\/product\/7034\/revisions"}],"wp:featuredmedia":[{"embeddable":true,"href":"https:\/\/ecoshop.ee\/lv\/wp-json\/wp\/v2\/media\/7035"}],"wp:attachment":[{"href":"https:\/\/ecoshop.ee\/lv\/wp-json\/wp\/v2\/media?parent=7034"}],"wp:term":[{"taxonomy":"product_brand","embeddable":true,"href":"https:\/\/ecoshop.ee\/lv\/wp-json\/wp\/v2\/product_brand?post=7034"},{"taxonomy":"product_cat","embeddable":true,"href":"https:\/\/ecoshop.ee\/lv\/wp-json\/wp\/v2\/product_cat?post=7034"},{"taxonomy":"product_tag","embeddable":true,"href":"https:\/\/ecoshop.ee\/lv\/wp-json\/wp\/v2\/product_tag?post=7034"}],"curies":[{"name":"wp","href":"https:\/\/api.w.org\/{rel}","templated":true}]}}