{"id":7047,"date":"2024-08-14T15:42:14","date_gmt":"2024-08-14T12:42:14","guid":{"rendered":"https:\/\/ecoshop.ee\/?post_type=product&#038;p=7047"},"modified":"2025-11-13T17:14:29","modified_gmt":"2025-11-13T14:14:29","slug":"elegants-olivkoka-atkartoti-lietojams-skuveklis-ar-10-asmeniem","status":"publish","type":"product","link":"https:\/\/ecoshop.ee\/lv\/raseerijad\/elegantne-oliivipuust-korduvkasutatav-raseerija-10-tera\/","title":{"rendered":"Elegants ol\u012bvkoka atk\u0101rtoti lietojams skuveklis + 10 asme\u0146i"},"content":{"rendered":"<p>Grezns, atk\u0101rtoti lietojams skuveklis, kas izgatavots no ol\u012bvkoka un apstr\u0101d\u0101ts ar augst\u0101k\u0101s kvalit\u0101tes deta\u013c\u0101m. \u0160is elegantais skuveklis nodro\u0161ina gludu un gludu sk\u016b\u0161anos katru reizi. Komplekt\u0101 ietilpst 10 ner\u016bs\u0113jo\u0161\u0101 t\u0113rauda asme\u0146i un neliela t\u012br\u012b\u0161anas birste, lai j\u016bsu skuveklis b\u016btu nevainojam\u0101 st\u0101vokl\u012b. Lieliski piem\u0113rots tiem, kas nov\u0113rt\u0113 kvalit\u0101ti un v\u0113las papildin\u0101t savu kop\u0161anas rut\u012bnu ar patiesi stil\u012bgu un iztur\u012bgu aksesu\u0101ru. Lieliska d\u0101vana vai ieguld\u012bjums j\u016bsu ikdienas kop\u0161an\u0101.<\/p>\n<p>Garums 12 cm<\/p>","protected":false},"excerpt":{"rendered":"<p>Luksuslik korduvkasutatav raseerija, mis on valmistatud oliivipuust ja viimistletud k\u00f5rgeima kvaliteediga detailidega. See elegantne raseerija tagab t\u00e4pse ja sujuva raseerimise iga kord.&hellip;<\/p>","protected":false},"featured_media":7048,"comment_status":"open","ping_status":"closed","template":"","meta":{"wprm-recipe-roundup-name":"","wprm-recipe-roundup-description":""},"product_brand":[],"product_cat":[280],"product_tag":[190],"class_list":{"0":"post-7047","1":"product","2":"type-product","3":"status-publish","4":"has-post-thumbnail","6":"product_cat-raseerijad","7":"product_tag-raseerija","9":"first","10":"instock","11":"sale","12":"taxable","13":"shipping-taxable","14":"purchasable","15":"product-type-simple"},"supplier_id":9163,"supplier_sku":"","barcode":null,"atum_controlled":true,"out_stock_date":null,"out_stock_threshold":null,"inheritable":false,"inbound_stock":0,"stock_on_hold":0,"sold_today":0,"sales_last_days":0,"reserved_stock":0,"customer_returns":0,"warehouse_damage":0,"lost_in_post":0,"other_logs":0,"out_stock_days":0,"lost_sales":0,"has_location":false,"update_date":"2026-03-07T01:16:01","atum_locations":[],"atum_stock_status":"instock","restock_status":false,"low_stock_amount":"","sales_update_date":"2026-03-07T01:16:01","calc_backorders":null,"aioseo_notices":[],"_links":{"self":[{"href":"https:\/\/ecoshop.ee\/lv\/wp-json\/wp\/v2\/product\/7047","targetHints":{"allow":["GET"]}}],"collection":[{"href":"https:\/\/ecoshop.ee\/lv\/wp-json\/wp\/v2\/product"}],"about":[{"href":"https:\/\/ecoshop.ee\/lv\/wp-json\/wp\/v2\/types\/product"}],"replies":[{"embeddable":true,"href":"https:\/\/ecoshop.ee\/lv\/wp-json\/wp\/v2\/comments?post=7047"}],"version-history":[{"count":0,"href":"https:\/\/ecoshop.ee\/lv\/wp-json\/wp\/v2\/product\/7047\/revisions"}],"wp:featuredmedia":[{"embeddable":true,"href":"https:\/\/ecoshop.ee\/lv\/wp-json\/wp\/v2\/media\/7048"}],"wp:attachment":[{"href":"https:\/\/ecoshop.ee\/lv\/wp-json\/wp\/v2\/media?parent=7047"}],"wp:term":[{"taxonomy":"product_brand","embeddable":true,"href":"https:\/\/ecoshop.ee\/lv\/wp-json\/wp\/v2\/product_brand?post=7047"},{"taxonomy":"product_cat","embeddable":true,"href":"https:\/\/ecoshop.ee\/lv\/wp-json\/wp\/v2\/product_cat?post=7047"},{"taxonomy":"product_tag","embeddable":true,"href":"https:\/\/ecoshop.ee\/lv\/wp-json\/wp\/v2\/product_tag?post=7047"}],"curies":[{"name":"wp","href":"https:\/\/api.w.org\/{rel}","templated":true}]}}