{"id":7051,"date":"2024-08-14T18:12:22","date_gmt":"2024-08-14T15:12:22","guid":{"rendered":"https:\/\/ecoshop.ee\/?post_type=product&#038;p=7051"},"modified":"2026-04-06T22:30:58","modified_gmt":"2026-04-06T19:30:58","slug":"elegants-metala-atkartoti-lietojams-skuveklis-ar-10-asmeniem","status":"publish","type":"product","link":"https:\/\/ecoshop.ee\/lv\/raseerijad\/elegantne-metallist-korduvkasutatav-raseerija-10-tera\/","title":{"rendered":"Elegants met\u0101la atk\u0101rtoti lietojams skuveklis + 10 asme\u0146i"},"content":{"rendered":"<p>Augstas kvalit\u0101tes met\u0101la atk\u0101rtoti lietojams skuveklis ar nesl\u012bdo\u0161u dimanta raksta tekst\u016bru. \u0160is skuveklis nodro\u0161ina dro\u0161u satv\u0113rienu un gludu sk\u016b\u0161anos, vienlaikus pied\u0101v\u0101jot greznu un iztur\u012bgu risin\u0101jumu ikdienas kop\u0161anai. Izgatavots no lab\u0101kajiem materi\u0101liem, lai nodro\u0161in\u0101tu ilgsto\u0161u lieto\u0161anu un maksim\u0101lu komfortu. Ide\u0101la izv\u0113le tiem, kas sk\u016b\u0161an\u0101s piederumos nov\u0113rt\u0113 gan funkcionalit\u0101ti, gan stilu.<\/p>\n<p>Garums 10,5 cm<br \/>\nKomplekt\u0101 ietilpst 10 asme\u0146i un t\u012br\u012b\u0161anas birste<br \/>\nIepakots kartona kast\u0113<\/p>","protected":false},"excerpt":{"rendered":"<p>Kvaliteetne metallist korduvkasutatav raseerija, millel on libisemiskindel teemantmustriga tekstuur. See raseerija tagab kindla haarde ja t\u00e4pse raseerimise, pakkudes samal ajal luksuslikku ja&hellip;<\/p>","protected":false},"featured_media":7056,"comment_status":"open","ping_status":"closed","template":"","meta":{"wprm-recipe-roundup-name":"","wprm-recipe-roundup-description":""},"product_brand":[],"product_cat":[280],"product_tag":[190],"class_list":{"0":"post-7051","1":"product","2":"type-product","3":"status-publish","4":"has-post-thumbnail","6":"product_cat-raseerijad","7":"product_tag-raseerija","9":"first","10":"instock","11":"sale","12":"taxable","13":"shipping-taxable","14":"purchasable","15":"product-type-variable"},"supplier_id":null,"supplier_sku":"","barcode":null,"atum_controlled":true,"out_stock_date":null,"out_stock_threshold":null,"inheritable":true,"inbound_stock":0,"stock_on_hold":0,"sold_today":0,"sales_last_days":2,"reserved_stock":0,"customer_returns":0,"warehouse_damage":0,"lost_in_post":0,"other_logs":0,"out_stock_days":0,"lost_sales":0,"has_location":false,"update_date":"2026-04-07T07:40:59","atum_locations":[],"atum_stock_status":"instock","restock_status":false,"low_stock_amount":"","sales_update_date":"2026-03-07T01:16:15","calc_backorders":null,"aioseo_notices":[],"_links":{"self":[{"href":"https:\/\/ecoshop.ee\/lv\/wp-json\/wp\/v2\/product\/7051","targetHints":{"allow":["GET"]}}],"collection":[{"href":"https:\/\/ecoshop.ee\/lv\/wp-json\/wp\/v2\/product"}],"about":[{"href":"https:\/\/ecoshop.ee\/lv\/wp-json\/wp\/v2\/types\/product"}],"replies":[{"embeddable":true,"href":"https:\/\/ecoshop.ee\/lv\/wp-json\/wp\/v2\/comments?post=7051"}],"version-history":[{"count":0,"href":"https:\/\/ecoshop.ee\/lv\/wp-json\/wp\/v2\/product\/7051\/revisions"}],"wp:featuredmedia":[{"embeddable":true,"href":"https:\/\/ecoshop.ee\/lv\/wp-json\/wp\/v2\/media\/7056"}],"wp:attachment":[{"href":"https:\/\/ecoshop.ee\/lv\/wp-json\/wp\/v2\/media?parent=7051"}],"wp:term":[{"taxonomy":"product_brand","embeddable":true,"href":"https:\/\/ecoshop.ee\/lv\/wp-json\/wp\/v2\/product_brand?post=7051"},{"taxonomy":"product_cat","embeddable":true,"href":"https:\/\/ecoshop.ee\/lv\/wp-json\/wp\/v2\/product_cat?post=7051"},{"taxonomy":"product_tag","embeddable":true,"href":"https:\/\/ecoshop.ee\/lv\/wp-json\/wp\/v2\/product_tag?post=7051"}],"curies":[{"name":"wp","href":"https:\/\/api.w.org\/{rel}","templated":true}]}}