{"id":7088,"date":"2024-08-14T20:09:53","date_gmt":"2024-08-14T17:09:53","guid":{"rendered":"https:\/\/ecoshop.ee\/?post_type=product&#038;p=7088"},"modified":"2025-10-27T23:01:55","modified_gmt":"2025-10-27T20:01:55","slug":"mikstu-saru-koka-birste-raseerimi","status":"publish","type":"product","link":"https:\/\/ecoshop.ee\/lv\/raseerimistarvikud\/pehmete-harjastega-puidust-raseerimispintsel\/","title":{"rendered":"M\u012bkstu saru koka birste raseerimi"},"content":{"rendered":"<p>Koka sk\u016b\u0161an\u0101s oti\u0146a ar m\u012bkstiem neilona sariem, kas paredz\u0113ta, lai nodro\u0161in\u0101tu vislab\u0101ko sk\u016b\u0161an\u0101s pieredzi un \u0101das kop\u0161anu. \u0160\u012bs p\u0101rn\u0113s\u0101jam\u0101s oti\u0146as m\u012bkstie sari\u0146i ir ide\u0101li piem\u0113roti gan sk\u016b\u0161an\u0101s kr\u0113ma puto\u0161anai, gan putek\u013cu no\u0146em\u0161anai. Oti\u0146a maigi noloba \u0101du, sagatavojot to int\u012bmai un \u0113rtai sk\u016b\u0161anai. Bl\u012bvi izvietot\u0101 oti\u0146as galvi\u0146a notur un vienm\u0113r\u012bgi sadala putas, pal\u012bdzot m\u012bkstin\u0101t b\u0101rdu un sagatavot \u0101du.<\/p>\n<p>&nbsp;<\/p>\n<p><strong>Ownused:<\/strong><\/p>\n<ul>\n<li>Ide\u0101li piem\u0113rots t\u012br\u012b\u0161anai un putek\u013cu no\u0146em\u0161anai.<\/li>\n<li>Maigi att\u012bra \u0101du.<\/li>\n<li>Augsta kvalit\u0101te un iztur\u012bba.<\/li>\n<li>Veg\u0101ns. Nesatur dz\u012bvnieku spalvas.<\/li>\n<li>Bl\u012bvi iepakot\u0101 birste nodro\u0161ina vienm\u0113r\u012bgas putas un m\u012bkstina b\u0101rdu.<\/li>\n<li>Garums 10,5 cm; platums 3,5 cm<\/li>\n<\/ul>","protected":false},"excerpt":{"rendered":"<p>Nailonist pehmete harjastega puidust raseerimispintsel, mis on loodud pakkuma parimat raseerimiskogemust ja nahahooldust. Selle kaasaskantava pintsli pehmed harjased sobivad ideaalselt nii raseerimiskreemi&hellip;<\/p>","protected":false},"featured_media":7089,"comment_status":"open","ping_status":"closed","template":"","meta":{"wprm-recipe-roundup-name":"","wprm-recipe-roundup-description":""},"product_brand":[],"product_cat":[281],"product_tag":[291],"class_list":{"0":"post-7088","1":"product","2":"type-product","3":"status-publish","4":"has-post-thumbnail","6":"product_cat-raseerimistarvikud","7":"product_tag-raseerimispintsel","9":"first","10":"instock","11":"taxable","12":"shipping-taxable","13":"purchasable","14":"product-type-simple"},"supplier_id":9163,"supplier_sku":"","barcode":null,"atum_controlled":true,"out_stock_date":null,"out_stock_threshold":null,"inheritable":false,"inbound_stock":0,"stock_on_hold":0,"sold_today":0,"sales_last_days":0,"reserved_stock":0,"customer_returns":0,"warehouse_damage":0,"lost_in_post":0,"other_logs":0,"out_stock_days":0,"lost_sales":0,"has_location":false,"update_date":"2026-03-07T01:16:02","atum_locations":[],"atum_stock_status":"instock","restock_status":false,"low_stock_amount":"","sales_update_date":"2026-03-07T01:16:02","calc_backorders":null,"aioseo_notices":[],"_links":{"self":[{"href":"https:\/\/ecoshop.ee\/lv\/wp-json\/wp\/v2\/product\/7088","targetHints":{"allow":["GET"]}}],"collection":[{"href":"https:\/\/ecoshop.ee\/lv\/wp-json\/wp\/v2\/product"}],"about":[{"href":"https:\/\/ecoshop.ee\/lv\/wp-json\/wp\/v2\/types\/product"}],"replies":[{"embeddable":true,"href":"https:\/\/ecoshop.ee\/lv\/wp-json\/wp\/v2\/comments?post=7088"}],"version-history":[{"count":0,"href":"https:\/\/ecoshop.ee\/lv\/wp-json\/wp\/v2\/product\/7088\/revisions"}],"wp:featuredmedia":[{"embeddable":true,"href":"https:\/\/ecoshop.ee\/lv\/wp-json\/wp\/v2\/media\/7089"}],"wp:attachment":[{"href":"https:\/\/ecoshop.ee\/lv\/wp-json\/wp\/v2\/media?parent=7088"}],"wp:term":[{"taxonomy":"product_brand","embeddable":true,"href":"https:\/\/ecoshop.ee\/lv\/wp-json\/wp\/v2\/product_brand?post=7088"},{"taxonomy":"product_cat","embeddable":true,"href":"https:\/\/ecoshop.ee\/lv\/wp-json\/wp\/v2\/product_cat?post=7088"},{"taxonomy":"product_tag","embeddable":true,"href":"https:\/\/ecoshop.ee\/lv\/wp-json\/wp\/v2\/product_tag?post=7088"}],"curies":[{"name":"wp","href":"https:\/\/api.w.org\/{rel}","templated":true}]}}