{"id":7361,"date":"2024-08-20T22:24:29","date_gmt":"2024-08-20T19:24:29","guid":{"rendered":"https:\/\/ecoshop.ee\/?post_type=product&#038;p=7361"},"modified":"2024-11-07T23:19:05","modified_gmt":"2024-11-07T20:19:05","slug":"zilesu-glabasanas-kaste-balta","status":"publish","type":"product","link":"https:\/\/ecoshop.ee\/lv\/raseerimistarvikud\/raseerija-terade-hoiukarp-valge\/","title":{"rendered":"\u017dile\u0161u uzglab\u0101\u0161anas kaste, balta"},"content":{"rendered":"<p>M\u016bsu \u017eile\u0161u uzglab\u0101\u0161anas kaste ir ide\u0101li piem\u0113rota vannas istabas sak\u0101rto\u0161anai un b\u012bstamu lietotu asme\u0146u glab\u0101\u0161anai nepieejam\u0101 viet\u0101.<\/p>\n<p>\u0160ajos iztur\u012bgajos mazajos konteineros \u0113rti var ievietot l\u012bdz pat 100 \u017eilet\u0113m, l\u012bdz esat gatavs tos p\u0101rstr\u0101d\u0101t.<\/p>\n<p>M\u016bsu ner\u016bs\u0113jo\u0161\u0101 t\u0113rauda uzglab\u0101\u0161anas kr\u016bz\u012btes ir rad\u012btas ilgam kalpo\u0161anas laikam, triecieniztur\u012bgas, diskr\u0113tas un kompaktas, t\u0101p\u0113c t\u0101s var pasl\u0113pt vannas istab\u0101 vai \u0146emt l\u012bdzi ce\u013cojumos.<\/p>","protected":false},"excerpt":{"rendered":"<p>Meie raseerija terade hoiukarp on ideaalne vannitoa korrastamiseks ja ohtlike kasutatud terade k\u00e4eulatusest eemal hoidmiseks. Need vastupidavad v\u00e4iksed konteinerid mahutavad mugavalt kuni&hellip;<\/p>","protected":false},"featured_media":7362,"comment_status":"open","ping_status":"closed","template":"","meta":{"wprm-recipe-roundup-name":"","wprm-recipe-roundup-description":""},"product_brand":[],"product_cat":[281],"product_tag":[260],"class_list":{"0":"post-7361","1":"product","2":"type-product","3":"status-publish","4":"has-post-thumbnail","6":"product_cat-raseerimistarvikud","7":"product_tag-karp","9":"first","10":"instock","11":"taxable","12":"shipping-taxable","13":"purchasable","14":"product-type-simple"},"supplier_id":9163,"supplier_sku":"","barcode":null,"atum_controlled":true,"out_stock_date":null,"out_stock_threshold":null,"inheritable":false,"inbound_stock":0,"stock_on_hold":0,"sold_today":0,"sales_last_days":0,"reserved_stock":0,"customer_returns":0,"warehouse_damage":0,"lost_in_post":0,"other_logs":0,"out_stock_days":0,"lost_sales":0,"has_location":false,"update_date":"2026-03-07T01:16:02","atum_locations":[],"atum_stock_status":"instock","restock_status":false,"low_stock_amount":"","sales_update_date":"2026-03-07T01:16:02","calc_backorders":null,"aioseo_notices":[],"_links":{"self":[{"href":"https:\/\/ecoshop.ee\/lv\/wp-json\/wp\/v2\/product\/7361","targetHints":{"allow":["GET"]}}],"collection":[{"href":"https:\/\/ecoshop.ee\/lv\/wp-json\/wp\/v2\/product"}],"about":[{"href":"https:\/\/ecoshop.ee\/lv\/wp-json\/wp\/v2\/types\/product"}],"replies":[{"embeddable":true,"href":"https:\/\/ecoshop.ee\/lv\/wp-json\/wp\/v2\/comments?post=7361"}],"version-history":[{"count":0,"href":"https:\/\/ecoshop.ee\/lv\/wp-json\/wp\/v2\/product\/7361\/revisions"}],"wp:featuredmedia":[{"embeddable":true,"href":"https:\/\/ecoshop.ee\/lv\/wp-json\/wp\/v2\/media\/7362"}],"wp:attachment":[{"href":"https:\/\/ecoshop.ee\/lv\/wp-json\/wp\/v2\/media?parent=7361"}],"wp:term":[{"taxonomy":"product_brand","embeddable":true,"href":"https:\/\/ecoshop.ee\/lv\/wp-json\/wp\/v2\/product_brand?post=7361"},{"taxonomy":"product_cat","embeddable":true,"href":"https:\/\/ecoshop.ee\/lv\/wp-json\/wp\/v2\/product_cat?post=7361"},{"taxonomy":"product_tag","embeddable":true,"href":"https:\/\/ecoshop.ee\/lv\/wp-json\/wp\/v2\/product_tag?post=7361"}],"curies":[{"name":"wp","href":"https:\/\/api.w.org\/{rel}","templated":true}]}}