{"id":7365,"date":"2024-08-20T22:42:17","date_gmt":"2024-08-20T19:42:17","guid":{"rendered":"https:\/\/ecoshop.ee\/?post_type=product&#038;p=7365"},"modified":"2025-08-12T13:46:08","modified_gmt":"2025-08-12T10:46:08","slug":"regulejams-metala-skuveklis-ar-5-asmeniem","status":"publish","type":"product","link":"https:\/\/ecoshop.ee\/lv\/raseerijad\/reguleeritav-metallist-raseerija-5-tera\/","title":{"rendered":"Regul\u0113jams met\u0101la skuveklis + 5 asme\u0146i"},"content":{"rendered":"<p>Regul\u0113jams hrom\u0113ts met\u0101la skuveklis, kas apr\u012bkots ar pieciem asme\u0146iem. Augstas kvalit\u0101tes met\u0101la skuveklis ir hrom\u0113ts, lai nodro\u0161in\u0101tu iztur\u012bbu un stil\u012bgu izskatu. Regul\u0113jamais asmens augstums \u013cauj piel\u0101got sk\u016b\u0161an\u0101s intensit\u0101ti p\u0113c j\u016bsu v\u0113lm\u0113m, nodro\u0161inot gludu un prec\u012bzu sk\u016b\u0161anos katru reizi. Komplekt\u0101 ietilpst pieci nomain\u0101mi asme\u0146i ilgsto\u0161ai lieto\u0161anai un maksim\u0101lam asumam. \u0160is atk\u0101rtoti lietojamais skuveklis var p\u0101rveidot j\u016bsu mati\u0146u no\u0146em\u0161anas pieredzi, pateicoties t\u0101 \u0113rtajam dizainam un iztur\u012bgajai konstrukcijai. Kvalit\u0101tei nav j\u0101b\u016bt d\u0101rgai!<\/p>\n<p>Garums: 10,8 cm<\/p>","protected":false},"excerpt":{"rendered":"<p>Reguleeritav kroomitud metallist raseerija, mis on varustatud viie teraga. Kvaliteetse viimistlusega metallist raseerija on kroomkattega, mis tagab vastupidavuse ja stiilse v\u00e4limuse. Reguleeritav&hellip;<\/p>","protected":false},"featured_media":7366,"comment_status":"open","ping_status":"closed","template":"","meta":{"wprm-recipe-roundup-name":"","wprm-recipe-roundup-description":""},"product_brand":[],"product_cat":[280],"product_tag":[190],"class_list":{"0":"post-7365","1":"product","2":"type-product","3":"status-publish","4":"has-post-thumbnail","6":"product_cat-raseerijad","7":"product_tag-raseerija","9":"first","10":"instock","11":"sale","12":"taxable","13":"shipping-taxable","14":"purchasable","15":"product-type-simple"},"supplier_id":9163,"supplier_sku":"","barcode":null,"atum_controlled":true,"out_stock_date":null,"out_stock_threshold":null,"inheritable":false,"inbound_stock":0,"stock_on_hold":0,"sold_today":0,"sales_last_days":0,"reserved_stock":0,"customer_returns":0,"warehouse_damage":0,"lost_in_post":0,"other_logs":0,"out_stock_days":0,"lost_sales":0,"has_location":false,"update_date":"2026-03-28T20:41:37","atum_locations":[],"atum_stock_status":"instock","restock_status":false,"low_stock_amount":"","sales_update_date":"2026-03-28T20:41:37","calc_backorders":null,"aioseo_notices":[],"_links":{"self":[{"href":"https:\/\/ecoshop.ee\/lv\/wp-json\/wp\/v2\/product\/7365","targetHints":{"allow":["GET"]}}],"collection":[{"href":"https:\/\/ecoshop.ee\/lv\/wp-json\/wp\/v2\/product"}],"about":[{"href":"https:\/\/ecoshop.ee\/lv\/wp-json\/wp\/v2\/types\/product"}],"replies":[{"embeddable":true,"href":"https:\/\/ecoshop.ee\/lv\/wp-json\/wp\/v2\/comments?post=7365"}],"version-history":[{"count":0,"href":"https:\/\/ecoshop.ee\/lv\/wp-json\/wp\/v2\/product\/7365\/revisions"}],"wp:featuredmedia":[{"embeddable":true,"href":"https:\/\/ecoshop.ee\/lv\/wp-json\/wp\/v2\/media\/7366"}],"wp:attachment":[{"href":"https:\/\/ecoshop.ee\/lv\/wp-json\/wp\/v2\/media?parent=7365"}],"wp:term":[{"taxonomy":"product_brand","embeddable":true,"href":"https:\/\/ecoshop.ee\/lv\/wp-json\/wp\/v2\/product_brand?post=7365"},{"taxonomy":"product_cat","embeddable":true,"href":"https:\/\/ecoshop.ee\/lv\/wp-json\/wp\/v2\/product_cat?post=7365"},{"taxonomy":"product_tag","embeddable":true,"href":"https:\/\/ecoshop.ee\/lv\/wp-json\/wp\/v2\/product_tag?post=7365"}],"curies":[{"name":"wp","href":"https:\/\/api.w.org\/{rel}","templated":true}]}}