{"id":7541,"date":"2024-08-24T21:45:29","date_gmt":"2024-08-24T18:45:29","guid":{"rendered":"https:\/\/ecoshop.ee\/?post_type=product&#038;p=7541"},"modified":"2026-04-06T22:30:58","modified_gmt":"2026-04-06T19:30:58","slug":"bambusa-zobu-birste","status":"publish","type":"product","link":"https:\/\/ecoshop.ee\/lv\/hugieenitarbed\/bambusest-hambahari\/","title":{"rendered":"Bambusa zobu birste"},"content":{"rendered":"<p>Eleganta un videi draudz\u012bga bambusa zobu birste, kas \u0113rti iegu\u013c jebkur\u0101 rok\u0101. M\u012bkstie sari\u0146i maigi aizsarg\u0101 smaganas, nov\u0113r\u0161ot asi\u0146o\u0161anu un skr\u0101p\u0113jumus, vienlaikus nodro\u0161inot r\u016bp\u012bgu t\u012br\u012b\u0161anu. \u0160\u012b zobu birste viegli sasniedz visus zobus un mutes kakti\u0146us, nodro\u0161inot pat\u012bkamu un efekt\u012bvu t\u012br\u012b\u0161anu katru reizi. Izgatavota no iztur\u012bga bambusa, 17 cm gara. Pieejama stil\u012bg\u0101s kr\u0101s\u0101s: meln\u0101, balt\u0101 un b\u0113\u0161\u0101. Ide\u0101la izv\u0113le mutes dobuma higi\u0113nas un vesel\u012bbas uztur\u0113\u0161anai. Iepakota pl\u0101n\u0101 kartona kast\u012bt\u0113.<\/p>","protected":false},"excerpt":{"rendered":"<p>Elegantne ja looduss\u00f5bralik bambusest hambahari, mis sobitub mugavalt igasse k\u00e4tte. Pehmed harjased kaitsevad \u00f5rnalt igemeid, v\u00e4ltides veritsemist ja kriimustusi, tagades samal ajal&hellip;<\/p>","protected":false},"featured_media":7545,"comment_status":"open","ping_status":"closed","template":"","meta":{"wprm-recipe-roundup-name":"","wprm-recipe-roundup-description":""},"product_brand":[],"product_cat":[246],"product_tag":[196],"class_list":{"0":"post-7541","1":"product","2":"type-product","3":"status-publish","4":"has-post-thumbnail","6":"product_cat-hugieenitarbed","7":"product_tag-hambahari","9":"first","10":"instock","11":"taxable","12":"shipping-taxable","13":"purchasable","14":"product-type-variable"},"supplier_id":null,"supplier_sku":"","barcode":null,"atum_controlled":true,"out_stock_date":null,"out_stock_threshold":null,"inheritable":false,"inbound_stock":0,"stock_on_hold":0,"sold_today":0,"sales_last_days":1,"reserved_stock":0,"customer_returns":0,"warehouse_damage":0,"lost_in_post":0,"other_logs":0,"out_stock_days":0,"lost_sales":0,"has_location":false,"update_date":"2026-04-07T07:40:59","atum_locations":[],"atum_stock_status":"instock","restock_status":false,"low_stock_amount":"","sales_update_date":"2026-03-07T01:16:03","calc_backorders":null,"aioseo_notices":[],"_links":{"self":[{"href":"https:\/\/ecoshop.ee\/lv\/wp-json\/wp\/v2\/product\/7541","targetHints":{"allow":["GET"]}}],"collection":[{"href":"https:\/\/ecoshop.ee\/lv\/wp-json\/wp\/v2\/product"}],"about":[{"href":"https:\/\/ecoshop.ee\/lv\/wp-json\/wp\/v2\/types\/product"}],"replies":[{"embeddable":true,"href":"https:\/\/ecoshop.ee\/lv\/wp-json\/wp\/v2\/comments?post=7541"}],"version-history":[{"count":0,"href":"https:\/\/ecoshop.ee\/lv\/wp-json\/wp\/v2\/product\/7541\/revisions"}],"wp:featuredmedia":[{"embeddable":true,"href":"https:\/\/ecoshop.ee\/lv\/wp-json\/wp\/v2\/media\/7545"}],"wp:attachment":[{"href":"https:\/\/ecoshop.ee\/lv\/wp-json\/wp\/v2\/media?parent=7541"}],"wp:term":[{"taxonomy":"product_brand","embeddable":true,"href":"https:\/\/ecoshop.ee\/lv\/wp-json\/wp\/v2\/product_brand?post=7541"},{"taxonomy":"product_cat","embeddable":true,"href":"https:\/\/ecoshop.ee\/lv\/wp-json\/wp\/v2\/product_cat?post=7541"},{"taxonomy":"product_tag","embeddable":true,"href":"https:\/\/ecoshop.ee\/lv\/wp-json\/wp\/v2\/product_tag?post=7541"}],"curies":[{"name":"wp","href":"https:\/\/api.w.org\/{rel}","templated":true}]}}