{"id":7604,"date":"2024-08-30T14:54:05","date_gmt":"2024-08-30T11:54:05","guid":{"rendered":"https:\/\/ecoshop.ee\/?post_type=product&#038;p=7604"},"modified":"2024-11-07T23:06:27","modified_gmt":"2024-11-07T20:06:27","slug":"bambusa-matcha-karote-chashaku","status":"publish","type":"product","link":"https:\/\/ecoshop.ee\/lv\/noud-ja-koogitarbed\/bambusest-matcha-lusikas-chashaku\/","title":{"rendered":"Bambusa s\u0113rkoci\u0146u karote (Chashaku)"},"content":{"rendered":"<p>Tradicion\u0101l\u0101 ma\u010das karote jeb \u010da\u0161aku ir roku darbs bambusa karote, kas ir nepiecie\u0161ama ikvienam ma\u010das cien\u012bt\u0101jam. To izmanto, lai prec\u012bzi nom\u0113r\u012btu pareizo ma\u010das pulvera daudzumu, lai pagatavotu perfektu ma\u010das tas\u012bti. \u010ca\u0161aku elegantais un minim\u0101listiskais dizains atspogu\u013co jap\u0101\u0146u t\u0113jas ceremonijas trad\u012bcijas, pie\u0161\u0137irot autentiskumu un mieru katram ma\u010das pagatavo\u0161anas procesam. Ide\u0101la d\u0101vana t\u0113jas cien\u012bt\u0101jiem vai lielisks papildin\u0101jums jebkuram ma\u010das komplektam.<\/p>","protected":false},"excerpt":{"rendered":"<p>Traditsiooniline matcha lusikas ehk chashaku on k\u00e4sit\u00f6\u00f6na valminud bambusest lusikas, mis on h\u00e4davajalik igale matcha armastajale. Selle abil m\u00f5\u00f5detakse t\u00e4pselt \u00f5ige kogus&hellip;<\/p>","protected":false},"featured_media":7605,"comment_status":"open","ping_status":"closed","template":"","meta":{"wprm-recipe-roundup-name":"","wprm-recipe-roundup-description":""},"product_brand":[],"product_cat":[247],"product_tag":[317],"class_list":{"0":"post-7604","1":"product","2":"type-product","3":"status-publish","4":"has-post-thumbnail","6":"product_cat-noud-ja-koogitarbed","7":"product_tag-lusikas","9":"first","10":"instock","11":"taxable","12":"shipping-taxable","13":"purchasable","14":"product-type-simple"},"supplier_id":9163,"supplier_sku":"","barcode":null,"atum_controlled":true,"out_stock_date":null,"out_stock_threshold":null,"inheritable":false,"inbound_stock":0,"stock_on_hold":0,"sold_today":0,"sales_last_days":0,"reserved_stock":0,"customer_returns":0,"warehouse_damage":0,"lost_in_post":0,"other_logs":0,"out_stock_days":0,"lost_sales":0,"has_location":false,"update_date":"2026-03-07T01:16:03","atum_locations":[],"atum_stock_status":"instock","restock_status":false,"low_stock_amount":"","sales_update_date":"2026-03-07T01:16:03","calc_backorders":null,"aioseo_notices":[],"_links":{"self":[{"href":"https:\/\/ecoshop.ee\/lv\/wp-json\/wp\/v2\/product\/7604","targetHints":{"allow":["GET"]}}],"collection":[{"href":"https:\/\/ecoshop.ee\/lv\/wp-json\/wp\/v2\/product"}],"about":[{"href":"https:\/\/ecoshop.ee\/lv\/wp-json\/wp\/v2\/types\/product"}],"replies":[{"embeddable":true,"href":"https:\/\/ecoshop.ee\/lv\/wp-json\/wp\/v2\/comments?post=7604"}],"version-history":[{"count":0,"href":"https:\/\/ecoshop.ee\/lv\/wp-json\/wp\/v2\/product\/7604\/revisions"}],"wp:featuredmedia":[{"embeddable":true,"href":"https:\/\/ecoshop.ee\/lv\/wp-json\/wp\/v2\/media\/7605"}],"wp:attachment":[{"href":"https:\/\/ecoshop.ee\/lv\/wp-json\/wp\/v2\/media?parent=7604"}],"wp:term":[{"taxonomy":"product_brand","embeddable":true,"href":"https:\/\/ecoshop.ee\/lv\/wp-json\/wp\/v2\/product_brand?post=7604"},{"taxonomy":"product_cat","embeddable":true,"href":"https:\/\/ecoshop.ee\/lv\/wp-json\/wp\/v2\/product_cat?post=7604"},{"taxonomy":"product_tag","embeddable":true,"href":"https:\/\/ecoshop.ee\/lv\/wp-json\/wp\/v2\/product_tag?post=7604"}],"curies":[{"name":"wp","href":"https:\/\/api.w.org\/{rel}","templated":true}]}}