{"id":7875,"date":"2024-09-14T17:39:42","date_gmt":"2024-09-14T14:39:42","guid":{"rendered":"https:\/\/ecoshop.ee\/?post_type=product&#038;p=7875"},"modified":"2026-05-08T19:17:53","modified_gmt":"2026-05-08T16:17:53","slug":"veganu-omega-3","status":"publish","type":"product","link":"https:\/\/ecoshop.ee\/lv\/vegan-toidulisandid\/vegan-omega-3\/","title":{"rendered":"Veg\u0101nu Omega-3, N60"},"content":{"rendered":"<p>Vegetology 100% dab\u012bg\u0101 veg\u0101n\u0101 Omega-3 tauksk\u0101bes tiek ieg\u016btas tie\u0161i no mikroa\u013c\u0123\u0113m, kas audz\u0113tas \u012bpa\u0161\u0101 ra\u017eo\u0161anas centr\u0101. T\u0101s satur <strong>300 mg EPA<\/strong> un <strong>500 mg DHA<\/strong> ar pievienotu vitamiin D3, kas nodro\u0161ina visas zivju e\u013c\u013cas sniegt\u0101s omega-3 priek\u0161roc\u012bbas. T\u0101s ra\u017eo\u0161anas metode atst\u0101j zivis oke\u0101nos, atbalstot ilgtsp\u0113j\u012bbu.<\/p>\n<p><strong>Svar\u012bgas priek\u0161roc\u012bbas:<\/strong><\/p>\n<ul>\n<li><strong>Smadze\u0146u vesel\u012bba:<\/strong> Veicina norm\u0101lu smadze\u0146u darb\u012bbu.<\/li>\n<li><strong>Redzes atbalsts:<\/strong> Atbalsta acu vesel\u012bbu.<\/li>\n<li><strong>Sirds vesel\u012bba:<\/strong> Veicina sirds darb\u012bbu noermisk\u0101 funkcijarimist.<\/li>\n<\/ul>\n<p>At\u0161\u0137ir\u012bb\u0101 no vairuma Omega-3 uztura bag\u0101tin\u0101t\u0101ju, kas ra\u017eoti no ziv\u012bm, m\u016bsu Omega-3 tiek ieg\u016btas tie\u0161i no a\u013c\u0123\u0113m \u2013 t\u012br\u0101ka un ilgtsp\u0113j\u012bg\u0101ka alternat\u012bva. Turkl\u0101t Vegetology Omega-3 ir sp\u0113c\u012bg\u0101kas nek\u0101 daudzi uz zivju e\u013c\u013cas b\u0101zes ra\u017eoti produkti!<\/p>\n<p>&nbsp;<\/p>\n<p><iframe title=\"Atkl\u0101jiet a\u013c\u0123u sp\u0113ku: k\u0101p\u0113c @vegetologyuk Omega-3 ir revolucion\u0101rs smadze\u0146u, sirds un Eyes vesel\u012bbai!\" width=\"1160\" height=\"653\" src=\"https:\/\/www.youtube.com\/embed\/nzoS4FpDii8?start=1&#038;feature=oembed\" frameborder=\"0\" allow=\"accelerometer; autoplay; clipboard-write; encrypted-media; gyroscope; picture-in-picture; web-share\" referrerpolicy=\"strict-origin-when-cross-origin\" allowfullscreen><\/iframe><\/p>","protected":false},"excerpt":{"rendered":"<p>Vegetology 100% looduslik vegan Omega-3 on saadud otse mikrovetikatest, mida kasvatatakse spetsiaalses tootmiskeskuses. See sisaldab 300mg EPA-d ja 500mg DHA-d koos lisatud&hellip;<\/p>","protected":false},"featured_media":8005,"comment_status":"open","ping_status":"closed","template":"","meta":{"wprm-recipe-roundup-name":"","wprm-recipe-roundup-description":""},"product_brand":[12063],"product_cat":[318],"product_tag":[319,320,321],"class_list":{"0":"post-7875","1":"product","2":"type-product","3":"status-publish","4":"has-post-thumbnail","6":"product_brand-vegetology","7":"product_cat-vegan-toidulisandid","8":"product_tag-omega-3","9":"product_tag-toidulisand","10":"product_tag-vitamiinid","11":"j79_wcxd_expiry_type-best-before","13":"first","14":"instock","15":"taxable","16":"shipping-taxable","17":"purchasable","18":"product-type-simple"},"supplier_id":9147,"supplier_sku":"","barcode":"5060351380119","atum_controlled":true,"out_stock_date":null,"out_stock_threshold":null,"inheritable":false,"inbound_stock":0,"stock_on_hold":0,"sold_today":0,"sales_last_days":3,"reserved_stock":0,"customer_returns":0,"warehouse_damage":0,"lost_in_post":0,"other_logs":0,"out_stock_days":0,"lost_sales":0,"has_location":false,"update_date":"2026-05-12T10:48:13","atum_locations":[],"atum_stock_status":"instock","restock_status":false,"low_stock_amount":"","sales_update_date":"2026-05-12T10:48:13","calc_backorders":null,"aioseo_notices":[],"_links":{"self":[{"href":"https:\/\/ecoshop.ee\/lv\/wp-json\/wp\/v2\/product\/7875","targetHints":{"allow":["GET"]}}],"collection":[{"href":"https:\/\/ecoshop.ee\/lv\/wp-json\/wp\/v2\/product"}],"about":[{"href":"https:\/\/ecoshop.ee\/lv\/wp-json\/wp\/v2\/types\/product"}],"replies":[{"embeddable":true,"href":"https:\/\/ecoshop.ee\/lv\/wp-json\/wp\/v2\/comments?post=7875"}],"version-history":[{"count":0,"href":"https:\/\/ecoshop.ee\/lv\/wp-json\/wp\/v2\/product\/7875\/revisions"}],"wp:featuredmedia":[{"embeddable":true,"href":"https:\/\/ecoshop.ee\/lv\/wp-json\/wp\/v2\/media\/8005"}],"wp:attachment":[{"href":"https:\/\/ecoshop.ee\/lv\/wp-json\/wp\/v2\/media?parent=7875"}],"wp:term":[{"taxonomy":"product_brand","embeddable":true,"href":"https:\/\/ecoshop.ee\/lv\/wp-json\/wp\/v2\/product_brand?post=7875"},{"taxonomy":"product_cat","embeddable":true,"href":"https:\/\/ecoshop.ee\/lv\/wp-json\/wp\/v2\/product_cat?post=7875"},{"taxonomy":"product_tag","embeddable":true,"href":"https:\/\/ecoshop.ee\/lv\/wp-json\/wp\/v2\/product_tag?post=7875"}],"curies":[{"name":"wp","href":"https:\/\/api.w.org\/{rel}","templated":true}]}}