{"id":8004,"date":"2024-09-18T17:19:32","date_gmt":"2024-09-18T14:19:32","guid":{"rendered":"https:\/\/ecoshop.ee\/?post_type=product&#038;p=8004"},"modified":"2026-05-11T23:17:32","modified_gmt":"2026-05-11T20:17:32","slug":"multivitaminu-veganu-uztura-bagatinatajs-multivitamiin-n60","status":"publish","type":"product","link":"https:\/\/ecoshop.ee\/lv\/vegan-toidulisandid\/multivit-vegan-toidulisand-multivitamiin-n60\/","title":{"rendered":"MultiVit univers\u0101ls uztura bag\u0101tin\u0101t\u0101js, N60"},"content":{"rendered":"<p>Multivitamiin, kur\u0101 ir viss nepiecie\u0161amais j\u016bsu vesel\u012bbas atbalstam.<\/p>\n<p>26 1TP169 Alvas un miner\u0101lvielu + super\u0113dienu komplekss nodro\u0161ina \u0101rk\u0101rt\u012bgi efekt\u012bvu uztura bag\u0101tin\u0101t\u0101ju.<\/p>\n<p>L\u012bdzsvarojiet savu \u0137ermeni un pr\u0101tu ar Vegetology multivitamin, kas satur 26 vitamin superproduktu kompleksu, miner\u0101lvielas un antioksidantus. \u0160\u012b unik\u0101l\u0101 formula ietver ar\u012b aminosk\u0101bju hel\u0101tus, kas nodro\u0161ina lab\u0101ku katras uzturvielas uzs\u016bk\u0161anos un bioaktivit\u0101ti organism\u0101.<\/p>\n<p><strong>Ieguvumi:<\/strong><\/p>\n<ul>\n<li><strong>Metabolisma atbalsts:<\/strong> Norm\u0101la ener\u0123ijas ra\u017eo\u0161ana no vielmai\u0146as.<\/li>\n<li><strong>Im\u016bnsist\u0113mas stiprin\u0101\u0161ana:<\/strong> Norm\u0101lai im\u016bnsist\u0113mas darb\u012bbai.<\/li>\n<li><strong>Regul\u0113 nervu sist\u0113mu:<\/strong> 1TP204 Nervu sist\u0113mas termisk\u0101 darb\u012bba.<\/li>\n<li><strong>Noguruma mazin\u0101\u0161ana:<\/strong> Noguruma un izs\u012bkuma mazin\u0101\u0161ana.<\/li>\n<li><strong>Smadze\u0146u darb\u012bba:<\/strong> Norm\u0101las psiholo\u0123isk\u0101s, kognit\u012bv\u0101s funkcijas un gar\u012bg\u0101 veiktsp\u0113ja.<\/li>\n<li><strong>Elpo\u0161anas atbalsts:<\/strong> \u0160\u016bnu aizsardz\u012bba pret oksidat\u012bvo stresu.<\/li>\n<li><strong>Kaulu un musku\u013cu kop\u0161ana:<\/strong> 1TP204 Kaulu, zobu, \u0101das un matu termiskais st\u0101voklis.<\/li>\n<li><strong>Kolag\u0113na ra\u017eo\u0161ana:<\/strong> Kolag\u0113ns noransform\u0101cija asin\u012bm1TP194Kauliem, skrim\u0161\u013ciem, smagan\u0101m, \u0101dai un zobiem.<\/li>\n<\/ul>\n<p><strong>K\u0101p\u0113c izv\u0113l\u0113ties MultiVit?<\/strong><\/p>\n<p>Papildus 26 vitam\u012bniem un miner\u0101lviel\u0101m MultiVit satur ekskluz\u012bvu superproduktu kompleksu, kas izgatavots no izciliem bot\u0101niskiem elementiem, piem\u0113ram, goji ogu ekstrakta, melle\u0146u ekstrakta, za\u013c\u0101s t\u0113jas ekstrakta, \u0137irbju s\u0113klu ekstrakta un resveratrola (v\u012bnogu ekstrakta). \u0160is unik\u0101lais komplekss izce\u013c lab\u0101ko no \u0161\u012bm apbr\u012bnojamaj\u0101m dabiskaj\u0101m sast\u0101vda\u013c\u0101m, nodro\u0161inot izcilus antioksidantus un ieguvumus vesel\u012bbai.<\/p>","protected":false},"excerpt":{"rendered":"<p>Multivitamiin milles on k\u00f5ik vajalik enda tervise toetamiseks. 26 vitamiini ja mineraali + supertoidu kompleks tagavad \u00e4\u00e4rmiselt t\u00f5husa toidulisandi. Tasakaalusta keha ja&hellip;<\/p>","protected":false},"featured_media":8011,"comment_status":"open","ping_status":"closed","template":"","meta":{"wprm-recipe-roundup-name":"","wprm-recipe-roundup-description":""},"product_brand":[12063],"product_cat":[318],"product_tag":[335,320],"class_list":{"0":"post-8004","1":"product","2":"type-product","3":"status-publish","4":"has-post-thumbnail","6":"product_brand-vegetology","7":"product_cat-vegan-toidulisandid","8":"product_tag-multivitamiin","9":"product_tag-toidulisand","10":"j79_wcxd_expiry_type-best-before","12":"first","13":"instock","14":"taxable","15":"shipping-taxable","16":"purchasable","17":"product-type-simple"},"supplier_id":9147,"supplier_sku":"","barcode":"5060351380157","atum_controlled":true,"out_stock_date":null,"out_stock_threshold":null,"inheritable":false,"inbound_stock":0,"stock_on_hold":0,"sold_today":0,"sales_last_days":4,"reserved_stock":0,"customer_returns":0,"warehouse_damage":0,"lost_in_post":0,"other_logs":0,"out_stock_days":0,"lost_sales":0,"has_location":false,"update_date":"2026-05-12T21:04:38","atum_locations":[],"atum_stock_status":"instock","restock_status":true,"low_stock_amount":"","sales_update_date":"2026-05-12T21:04:38","calc_backorders":null,"aioseo_notices":[],"_links":{"self":[{"href":"https:\/\/ecoshop.ee\/lv\/wp-json\/wp\/v2\/product\/8004","targetHints":{"allow":["GET"]}}],"collection":[{"href":"https:\/\/ecoshop.ee\/lv\/wp-json\/wp\/v2\/product"}],"about":[{"href":"https:\/\/ecoshop.ee\/lv\/wp-json\/wp\/v2\/types\/product"}],"replies":[{"embeddable":true,"href":"https:\/\/ecoshop.ee\/lv\/wp-json\/wp\/v2\/comments?post=8004"}],"version-history":[{"count":0,"href":"https:\/\/ecoshop.ee\/lv\/wp-json\/wp\/v2\/product\/8004\/revisions"}],"wp:featuredmedia":[{"embeddable":true,"href":"https:\/\/ecoshop.ee\/lv\/wp-json\/wp\/v2\/media\/8011"}],"wp:attachment":[{"href":"https:\/\/ecoshop.ee\/lv\/wp-json\/wp\/v2\/media?parent=8004"}],"wp:term":[{"taxonomy":"product_brand","embeddable":true,"href":"https:\/\/ecoshop.ee\/lv\/wp-json\/wp\/v2\/product_brand?post=8004"},{"taxonomy":"product_cat","embeddable":true,"href":"https:\/\/ecoshop.ee\/lv\/wp-json\/wp\/v2\/product_cat?post=8004"},{"taxonomy":"product_tag","embeddable":true,"href":"https:\/\/ecoshop.ee\/lv\/wp-json\/wp\/v2\/product_tag?post=8004"}],"curies":[{"name":"wp","href":"https:\/\/api.w.org\/{rel}","templated":true}]}}