{"id":8027,"date":"2024-09-18T17:57:31","date_gmt":"2024-09-18T14:57:31","guid":{"rendered":"https:\/\/ecoshop.ee\/?post_type=product&#038;p=8027"},"modified":"2026-03-28T16:01:04","modified_gmt":"2026-03-28T13:01:04","slug":"vollagen-vegans-kolagens-n60","status":"publish","type":"product","link":"https:\/\/ecoshop.ee\/lv\/vegan-toidulisandid\/vollagen-vegan-kollageen-n60\/","title":{"rendered":"Vollagen\u00ae veg\u0101ns kolag\u0113ns, N60"},"content":{"rendered":"<p><strong>Kas ir Vollagen\u00ae?<\/strong><\/p>\n<p>Vollagen\u00ae jeb veg\u0101ns kolag\u0113ns ir aminosk\u0101bju komplekss, kas satur t\u0101s pa\u0161as aminosk\u0101bes, kas atrodamas kolag\u0113n\u0101. Kolag\u0113ns ir galvenais struktur\u0101lais prote\u012bns, kas veido m\u016bsu \u0101du, matus, nagus, saites un c\u012bpslas. T\u0101 k\u0101 dz\u012bvnieku kolag\u0113ns organism\u0101 neuzs\u016bcas viegli, tas ir j\u0101hidroliz\u0113, lai atbr\u012bvotu aminosk\u0101bes. Vollagen\u00ae 1000 mg nodro\u0161ina visas \u0161\u012bs aminosk\u0101bes no augu avotiem, padarot to par perfektu veg\u0101nu alternat\u012bvu kolag\u0113nam.<\/p>\n<p><strong>Ieguvumi:<\/strong><\/p>\n<ul>\n<li>Atbalsta \u0101das, matu un nagu vesel\u012bbu.<\/li>\n<li>Pal\u012bdz samazin\u0101t smalk\u0101s grumbas un uzlabo \u0101das elast\u012bbu.<\/li>\n<li>Formula, kas ieg\u016bta no augu izcelsmes avotiem, piem\u0113rota veg\u0101niem un ve\u0123et\u0101rie\u0161iem.<\/li>\n<li>Nodro\u0161ina nepiecie\u0161amo aminohapped vieglai uzs\u016bk\u0161anai.<\/li>\n<\/ul>\n<p><strong>Kolag\u0113na noz\u012bme:<\/strong><\/p>\n<p>Kolag\u0113ns ir viens no organisma galvenajiem struktur\u0101lajiem prote\u012bniem, kas nodro\u0161ina audu iztur\u012bbu un elast\u012bbu. Novecojot, kolag\u0113na ra\u017eo\u0161ana pal\u0113nin\u0101s, izraisot \u0101das \u013cenganumu, grumbas un trauslus matus un nagus. Vollagen\u00ae ir izstr\u0101d\u0101ts, lai sniegtu l\u012bdz\u012bgus ieguvumus k\u0101 kolag\u0113ns, stimul\u0113jot organisma pa\u0161a kolag\u0113na ra\u017eo\u0161anu.<\/p>\n<p><strong>P\u0113t\u012bjuma rezult\u0101tsused:<\/strong><\/p>\n<p>Neatkar\u012bgi pat\u0113r\u0113t\u0101ju testi ir par\u0101d\u012bju\u0161i, ka Vollagen\u00ae lieto\u0161ana 60 dienu laik\u0101 pal\u012bdz nostiprin\u0101t, m\u012bkstin\u0101t un mitrin\u0101t \u0101du, samazin\u0101t smalko l\u012bniju un grumbu redzam\u012bbu, k\u0101 ar\u012b uzlabot nagu vesel\u012bbu un stipr\u012bbu.<\/p>","protected":false},"excerpt":{"rendered":"<p>Mis on Vollagen\u00ae? Vollagen\u00ae ehk vegan kollageen on aminohapete kompleks, mis sisaldab samu aminohappeid, mis on leitud kollageenis. Kollageen on peamine struktuurvalk,&hellip;<\/p>","protected":false},"featured_media":8021,"comment_status":"open","ping_status":"closed","template":"","meta":{"wprm-recipe-roundup-name":"","wprm-recipe-roundup-description":""},"product_brand":[12063],"product_cat":[318],"product_tag":[336,320],"class_list":{"0":"post-8027","1":"product","2":"type-product","3":"status-publish","4":"has-post-thumbnail","6":"product_brand-vegetology","7":"product_cat-vegan-toidulisandid","8":"product_tag-kollageen","9":"product_tag-toidulisand","10":"j79_wcxd_expiry_type-best-before","12":"first","13":"instock","14":"taxable","15":"shipping-taxable","16":"purchasable","17":"product-type-simple"},"supplier_id":9147,"supplier_sku":"","barcode":"5060351380485","atum_controlled":true,"out_stock_date":null,"out_stock_threshold":null,"inheritable":false,"inbound_stock":0,"stock_on_hold":0,"sold_today":0,"sales_last_days":1,"reserved_stock":0,"customer_returns":0,"warehouse_damage":0,"lost_in_post":0,"other_logs":0,"out_stock_days":0,"lost_sales":0,"has_location":false,"update_date":"2026-04-10T14:29:59","atum_locations":[],"atum_stock_status":"instock","restock_status":false,"low_stock_amount":"","sales_update_date":"2026-04-10T14:29:59","calc_backorders":null,"aioseo_notices":[],"_links":{"self":[{"href":"https:\/\/ecoshop.ee\/lv\/wp-json\/wp\/v2\/product\/8027","targetHints":{"allow":["GET"]}}],"collection":[{"href":"https:\/\/ecoshop.ee\/lv\/wp-json\/wp\/v2\/product"}],"about":[{"href":"https:\/\/ecoshop.ee\/lv\/wp-json\/wp\/v2\/types\/product"}],"replies":[{"embeddable":true,"href":"https:\/\/ecoshop.ee\/lv\/wp-json\/wp\/v2\/comments?post=8027"}],"version-history":[{"count":0,"href":"https:\/\/ecoshop.ee\/lv\/wp-json\/wp\/v2\/product\/8027\/revisions"}],"wp:featuredmedia":[{"embeddable":true,"href":"https:\/\/ecoshop.ee\/lv\/wp-json\/wp\/v2\/media\/8021"}],"wp:attachment":[{"href":"https:\/\/ecoshop.ee\/lv\/wp-json\/wp\/v2\/media?parent=8027"}],"wp:term":[{"taxonomy":"product_brand","embeddable":true,"href":"https:\/\/ecoshop.ee\/lv\/wp-json\/wp\/v2\/product_brand?post=8027"},{"taxonomy":"product_cat","embeddable":true,"href":"https:\/\/ecoshop.ee\/lv\/wp-json\/wp\/v2\/product_cat?post=8027"},{"taxonomy":"product_tag","embeddable":true,"href":"https:\/\/ecoshop.ee\/lv\/wp-json\/wp\/v2\/product_tag?post=8027"}],"curies":[{"name":"wp","href":"https:\/\/api.w.org\/{rel}","templated":true}]}}