{"id":8029,"date":"2024-09-18T18:16:11","date_gmt":"2024-09-18T15:16:11","guid":{"rendered":"https:\/\/ecoshop.ee\/?post_type=product&#038;p=8029"},"modified":"2026-05-14T08:32:14","modified_gmt":"2026-05-14T05:32:14","slug":"kaulu-atbalsta-uztura-bagatinatajs-n60","status":"publish","type":"product","link":"https:\/\/ecoshop.ee\/lv\/vegan-toidulisandid\/toidulisand-luude-toetamiseks-n60\/","title":{"rendered":"Uztura bag\u0101tin\u0101t\u0101js kaulu stiprin\u0101\u0161anai, N60"},"content":{"rendered":"<p><strong>Vegetology Kaulu kop\u0161ana <\/strong>\u0160is veg\u0101niskais uztura bag\u0101tin\u0101t\u0101js efekt\u012bvi atbalsta skrim\u0161\u013cu, musku\u013cu un kaulu vesel\u012bbu. Tas satur unik\u0101lu Phytodroitin\u2122 un glikozam\u012bna mais\u012bjumu, k\u0101 ar\u012b t\u0101dus svar\u012bgus vitam\u012bnus un miner\u0101lvielas k\u0101 kalcijs, magnijs un C, D3 un K2 vitam\u012bni. \u0160\u012bs sast\u0101vda\u013cas darbojas kop\u0101, lai pal\u012bdz\u0113tu uztur\u0113t stiprus un vesel\u012bgus kaulus un atbalst\u012btu visp\u0101r\u0113jo labsaj\u016btu.<\/p>\n<p><strong>Ieguvumi:<\/strong><\/p>\n<ul>\n<li><strong>Musku\u013cu un skeleta sist\u0113mas apr\u016bpe:<\/strong> Atbalsta norm\u0101lu kaulu, zobu un musku\u013cu darb\u012bbu, k\u0101 ar\u012b kalcija un fosfora uzs\u016bk\u0161anos.<\/li>\n<li><strong>Metabolisma atbalsts:<\/strong> Veicina normaal ener\u0123ijas metabolismu.<\/li>\n<li><strong>Kolag\u0113na ra\u017eo\u0161ana:<\/strong> Veicina kolag\u0113na veido\u0161anos, atbalstot kaulu, skrim\u0161\u013cu un zobu funkciju.<\/li>\n<\/ul>\n<p><strong>Kas padara kaulu kop\u0161anu \u012bpa\u0161u?<\/strong><\/p>\n<p>Bone Care ir \u012bpa\u0161i izstr\u0101d\u0101ts veg\u0101niem un ve\u0123et\u0101rie\u0161iem, pied\u0101v\u0101jot augu izcelsmes alternat\u012bvu kaulu stiprin\u0101\u0161anai. Unik\u0101lais Phytodroitin\u2122 un glikozam\u012bna mais\u012bjums kop\u0101 ar \u012bpa\u0161i atlas\u012btiem vitam\u012bniem un miner\u0101lviel\u0101m nodro\u0161ina, ka j\u016bsu kauli saglab\u0101jas stipri un veseli. Phytodroitin\u2122 ir augu izcelsmes alternat\u012bva hondroit\u012bnam, savuk\u0101rt glikozam\u012bns tiek ieg\u016bts no ilgtsp\u0113j\u012bga avota \u2013 Aspergillus Niger s\u0113n\u012btes.<\/p>\n<p><strong>K\u0101p\u0113c kaulu vesel\u012bba ir svar\u012bga?<\/strong><\/p>\n<p>Kauli ir m\u016bsu \u0137erme\u0146a pamats, kas aizsarg\u0101 org\u0101nus un nodro\u0161ina kust\u012bbas. Novecojot, kaulu bl\u012bvums samazin\u0101s, palielinot l\u016bzumu un osteoporozes risku. Kaulu kop\u0161ana pal\u012bdz stiprin\u0101t kaulus un uztur\u0113t kaulu bl\u012bvumu, t\u0101d\u0113j\u0101di atbalstot \u0137erme\u0146a integrit\u0101ti un mobilit\u0101ti.<\/p>\n<p><strong>Sast\u0101vda\u013cas:<\/strong><\/p>\n<ul>\n<li>Fitodroit\u012bns\u2122<\/li>\n<li>Glikozam\u012bns<\/li>\n<li>Kalcijs, magnijs, C, D3 un K2 vitam\u012bni<\/li>\n<\/ul>\n<p><strong>Kam tas ir piem\u0113rots?<\/strong><\/p>\n<p>Kaulu kop\u0161anas programma ir paredz\u0113ta cilv\u0113kiem ar akt\u012bvu dz\u012bvesveidu, vec\u0101ka gadag\u0101juma cilv\u0113kiem un tiem, kam ir kaulu, loc\u012btavu vai musku\u013cu probl\u0113mas.<\/p>\n<p>Ieteicams pieaugu\u0161ajiem un b\u0113rniem no 11 gadu vecuma (tabletes izm\u0113ra d\u0113\u013c).<\/p>\n<p>Piem\u0113rots ar\u012b ve\u0123et\u0101rie\u0161iem, veg\u0101niem un cilv\u0113kiem ar aler\u0123ij\u0101m pret ziv\u012bm un j\u016bras velt\u0113m.<\/p>","protected":false},"excerpt":{"rendered":"<p>Vegetology Bone Care vegan toidulisand pakub t\u00f5husat tuge k\u00f5hrede, lihaste ja luude tervisele. See sisaldab unikaalset segu Phytodroitin\u2122-ist ja gl\u00fckoosamiinist koos oluliste&hellip;<\/p>","protected":false},"featured_media":8009,"comment_status":"open","ping_status":"closed","template":"","meta":{"wprm-recipe-roundup-name":"","wprm-recipe-roundup-description":""},"product_brand":[12063],"product_cat":[318],"product_tag":[337,320],"class_list":{"0":"post-8029","1":"product","2":"type-product","3":"status-publish","4":"has-post-thumbnail","6":"product_brand-vegetology","7":"product_cat-vegan-toidulisandid","8":"product_tag-luudele","9":"product_tag-toidulisand","10":"j79_wcxd_expiry_type-best-before","12":"first","13":"instock","14":"taxable","15":"shipping-taxable","16":"purchasable","17":"product-type-simple"},"supplier_id":9147,"supplier_sku":"","barcode":"5060351380164","atum_controlled":true,"out_stock_date":null,"out_stock_threshold":null,"inheritable":false,"inbound_stock":0,"stock_on_hold":0,"sold_today":1,"sales_last_days":1,"reserved_stock":0,"customer_returns":0,"warehouse_damage":0,"lost_in_post":0,"other_logs":0,"out_stock_days":0,"lost_sales":0,"has_location":false,"update_date":"2026-05-14T22:37:11","atum_locations":[],"atum_stock_status":"instock","restock_status":false,"low_stock_amount":"","sales_update_date":"2026-05-14T22:37:11","calc_backorders":null,"aioseo_notices":[],"_links":{"self":[{"href":"https:\/\/ecoshop.ee\/lv\/wp-json\/wp\/v2\/product\/8029","targetHints":{"allow":["GET"]}}],"collection":[{"href":"https:\/\/ecoshop.ee\/lv\/wp-json\/wp\/v2\/product"}],"about":[{"href":"https:\/\/ecoshop.ee\/lv\/wp-json\/wp\/v2\/types\/product"}],"replies":[{"embeddable":true,"href":"https:\/\/ecoshop.ee\/lv\/wp-json\/wp\/v2\/comments?post=8029"}],"version-history":[{"count":0,"href":"https:\/\/ecoshop.ee\/lv\/wp-json\/wp\/v2\/product\/8029\/revisions"}],"wp:featuredmedia":[{"embeddable":true,"href":"https:\/\/ecoshop.ee\/lv\/wp-json\/wp\/v2\/media\/8009"}],"wp:attachment":[{"href":"https:\/\/ecoshop.ee\/lv\/wp-json\/wp\/v2\/media?parent=8029"}],"wp:term":[{"taxonomy":"product_brand","embeddable":true,"href":"https:\/\/ecoshop.ee\/lv\/wp-json\/wp\/v2\/product_brand?post=8029"},{"taxonomy":"product_cat","embeddable":true,"href":"https:\/\/ecoshop.ee\/lv\/wp-json\/wp\/v2\/product_cat?post=8029"},{"taxonomy":"product_tag","embeddable":true,"href":"https:\/\/ecoshop.ee\/lv\/wp-json\/wp\/v2\/product_tag?post=8029"}],"curies":[{"name":"wp","href":"https:\/\/api.w.org\/{rel}","templated":true}]}}