{"id":8031,"date":"2024-09-18T19:08:00","date_gmt":"2024-09-18T16:08:00","guid":{"rendered":"https:\/\/ecoshop.ee\/?post_type=product&#038;p=8031"},"modified":"2026-05-04T22:10:13","modified_gmt":"2026-05-04T19:10:13","slug":"vegans-b12-uztura-bagatinatajs-1000mcg-ilgstosas-darbibas-n60","status":"publish","type":"product","link":"https:\/\/ecoshop.ee\/lv\/vegan-toidulisandid\/vegan-b12-toidulisand-1000mcg-prolongeeritud-n60\/","title":{"rendered":"Veg\u0101ns B12 uztura bag\u0101tin\u0101t\u0101js 1000mcg, ilgsto\u0161as iedarb\u012bbas, N60"},"content":{"rendered":"<p><strong>Palieliniet ener\u0123iju un vielmai\u0146u ar augstas iedarb\u012bbas B12 vitam\u012bnu<\/strong><\/p>\n<p>M\u016bsu veg\u0101niem draudz\u012bgais B12 vitam\u012bns ir zin\u0101tniski izstr\u0101d\u0101ts, lai atbalst\u012btu ener\u0123ijas vielmai\u0146u un mazin\u0101tu nogurumu. Izmantojot \u016bden\u012b \u0161\u0137\u012bsto\u0161o B12 vitam\u012bna formu \u2013 cianokobalam\u012bnu, tas pak\u0101peniski izdal\u0101s 4\u20138 stundu laik\u0101, nodro\u0161inot ilgsto\u0161u ieguvumu.<\/p>\n<p><strong>Galven\u0101s priek\u0161roc\u012bbas:<\/strong><\/p>\n<ul>\n<li><strong>Metabolisma atbalsts:<\/strong> Veicina normaal ener\u0123ijas metabolismu.<\/li>\n<li><strong>Nervu sist\u0113mas regul\u0101cijarimine:<\/strong> Atbalsta norm\u0101lu nervu sist\u0113mas darb\u012bbu.<\/li>\n<li><strong>Smadze\u0146u darbs:<\/strong> Atbalsta psiholo\u0123isk\u0101s funkcijas un koncentr\u0113\u0161an\u0101s sp\u0113jas.<\/li>\n<\/ul>\n<p>B12-vitamin pal\u012bdz organismam ra\u017eot sarkan\u0101s asins \u0161\u016bnas, kas p\u0101rn\u0113s\u0101 sk\u0101bekli uz audiem un org\u0101niem. Tas ir svar\u012bgs ar\u012b kognit\u012bvo smadze\u0146u funkciju un nervu sist\u0113mas atbalst\u012b\u0161an\u0101. T\u0101 k\u0101 organisms pats nevar sara\u017eot B12-vitamin, tas ir j\u0101uz\u0146em ar p\u0101rtiku vai uztura bag\u0101tin\u0101t\u0101jiem.<\/p>\n<p>M\u016bsu B12 vitam\u012bna uztura bag\u0101tin\u0101t\u0101js ir ilgsto\u0161as darb\u012bbas, nodro\u0161inot ilgsto\u0161u B12 vitam\u012bna izdal\u012b\u0161anos 6\u20138 stundu laik\u0101. Ide\u0101li piem\u0113rots veg\u0101niem un ve\u0123et\u0101rie\u0161iem, k\u0101 ar\u012b tiem, kas v\u0113las uzlabot savu visp\u0101r\u0113jo vesel\u012bbu, ener\u0123iju un koncentr\u0113\u0161an\u0101s sp\u0113jas.<\/p>\n<p><strong>Lietojums:<\/strong> Lietojiet vienu tableti dien\u0101 kop\u0101 ar \u0113dienu. Ilgsto\u0161as iedarb\u012bbas formula nodro\u0161ina vienm\u0113r\u012bgu B12 vitam\u012bna l\u012bme\u0146a paaugstin\u0101\u0161anos visas dienas garum\u0101.<\/p>\n<p><strong>K\u0101p\u0113c B12 vitam\u012bns ir svar\u012bgs?<\/strong><\/p>\n<ul>\n<li>Atbalsta sarkano asins\u0137ermen\u012b\u0161u veido\u0161anos<\/li>\n<li>Uzlabo smadze\u0146u darb\u012bbu un koncentr\u0113\u0161an\u0101s sp\u0113jas<\/li>\n<li>Pal\u012bdz mazin\u0101t nogurumu un izs\u012bkumu<\/li>\n<\/ul>","protected":false},"excerpt":{"rendered":"<p>T\u00f5sta Energiat ja Ainevahetust K\u00f5rge Tugevusega B12 Vitamiiniga Meie vegan-s\u00f5bralik Vitamiin B12 on teaduslikult formuleeritud, et toetada energia ainevahetust ja v\u00e4hendada v\u00e4simust.&hellip;<\/p>","protected":false},"featured_media":8007,"comment_status":"open","ping_status":"closed","template":"","meta":{"wprm-recipe-roundup-name":"","wprm-recipe-roundup-description":""},"product_brand":[12063],"product_cat":[318],"product_tag":[338,320],"class_list":{"0":"post-8031","1":"product","2":"type-product","3":"status-publish","4":"has-post-thumbnail","6":"product_brand-vegetology","7":"product_cat-vegan-toidulisandid","8":"product_tag-b12","9":"product_tag-toidulisand","10":"j79_wcxd_expiry_type-best-before","12":"first","13":"instock","14":"taxable","15":"shipping-taxable","16":"purchasable","17":"product-type-simple"},"supplier_id":9147,"supplier_sku":"","barcode":"5060351380232","atum_controlled":true,"out_stock_date":null,"out_stock_threshold":null,"inheritable":false,"inbound_stock":0,"stock_on_hold":0,"sold_today":0,"sales_last_days":2,"reserved_stock":0,"customer_returns":0,"warehouse_damage":0,"lost_in_post":0,"other_logs":0,"out_stock_days":0,"lost_sales":0,"has_location":false,"update_date":"2026-05-08T09:45:59","atum_locations":[],"atum_stock_status":"instock","restock_status":false,"low_stock_amount":"","sales_update_date":"2026-05-08T09:45:59","calc_backorders":null,"aioseo_notices":[],"_links":{"self":[{"href":"https:\/\/ecoshop.ee\/lv\/wp-json\/wp\/v2\/product\/8031","targetHints":{"allow":["GET"]}}],"collection":[{"href":"https:\/\/ecoshop.ee\/lv\/wp-json\/wp\/v2\/product"}],"about":[{"href":"https:\/\/ecoshop.ee\/lv\/wp-json\/wp\/v2\/types\/product"}],"replies":[{"embeddable":true,"href":"https:\/\/ecoshop.ee\/lv\/wp-json\/wp\/v2\/comments?post=8031"}],"version-history":[{"count":0,"href":"https:\/\/ecoshop.ee\/lv\/wp-json\/wp\/v2\/product\/8031\/revisions"}],"wp:featuredmedia":[{"embeddable":true,"href":"https:\/\/ecoshop.ee\/lv\/wp-json\/wp\/v2\/media\/8007"}],"wp:attachment":[{"href":"https:\/\/ecoshop.ee\/lv\/wp-json\/wp\/v2\/media?parent=8031"}],"wp:term":[{"taxonomy":"product_brand","embeddable":true,"href":"https:\/\/ecoshop.ee\/lv\/wp-json\/wp\/v2\/product_brand?post=8031"},{"taxonomy":"product_cat","embeddable":true,"href":"https:\/\/ecoshop.ee\/lv\/wp-json\/wp\/v2\/product_cat?post=8031"},{"taxonomy":"product_tag","embeddable":true,"href":"https:\/\/ecoshop.ee\/lv\/wp-json\/wp\/v2\/product_tag?post=8031"}],"curies":[{"name":"wp","href":"https:\/\/api.w.org\/{rel}","templated":true}]}}