{"id":8033,"date":"2024-09-18T19:21:14","date_gmt":"2024-09-18T16:21:14","guid":{"rendered":"https:\/\/ecoshop.ee\/?post_type=product&#038;p=8033"},"modified":"2026-05-03T18:06:31","modified_gmt":"2026-05-03T15:06:31","slug":"vegans-b12-uztura-bagatinatajs-100mcg-sublingvals-n60","status":"publish","type":"product","link":"https:\/\/ecoshop.ee\/lv\/vegan-toidulisandid\/vegan-b12-toidulisand-100mcg-keelealune-n60\/","title":{"rendered":"Veg\u0101ns B12 uztura bag\u0101tin\u0101t\u0101js 100mcg, sublingv\u0101ls, N60"},"content":{"rendered":"<p>M\u016bsu veg\u0101niem draudz\u012bgais B12 vitam\u012bns, kas lietojams zem m\u0113les un ir \u0101tri iedarb\u012bgs, ir zin\u0101tniski izstr\u0101d\u0101ts, lai atbalst\u012btu ener\u0123iju un vielmai\u0146u un mazin\u0101tu nogurumu. \u0160\u012b vid\u0113ja stipruma tablete ir paredz\u0113ta, lai iz\u0161\u0137\u012bstu zem m\u0113les, nodro\u0161inot B12 vitam\u012bna tie\u0161u pieg\u0101di asinsrit\u0113.<\/p>\n<p><strong>Ieguvumi:<\/strong><\/p>\n<ul>\n<li><strong>Metabolisma atbalsts:<\/strong> Veicina normaal ener\u0123ijas metabolismu.<\/li>\n<li><strong>Nervu sist\u0113mas regul\u0101cijarimine:<\/strong> Atbalsta norm\u0101lu nervu sist\u0113mas darb\u012bbu.<\/li>\n<li><strong>Smadze\u0146u darbs:<\/strong> Atbalsta psiholo\u0123isk\u0101s funkcijas un koncentr\u0113\u0161an\u0101s sp\u0113jas.<\/li>\n<\/ul>\n<p><strong>B12 vitam\u012bns, kas ieg\u016bts ferment\u0101cijas ce\u013c\u0101:<\/strong> M\u016bsu B12 vitam\u012bns tiek ra\u017eots ferment\u0101cijas ce\u013c\u0101, nodro\u0161inot t\u0101du pa\u0161u efektu bez dz\u012bvnieku izcelsmes piedev\u0101m, piem\u0113rots veg\u0101niem.<\/p>\n<p><strong>Kam tas paredz\u0113ts?<\/strong> Piem\u0113rots visu vecumu cilv\u0113kiem, tostarp gr\u016btniec\u0113m, b\u0113rniem un z\u012bdai\u0146iem. Ide\u0101li piem\u0113rots veg\u0101niem, ve\u0123et\u0101rie\u0161iem un cilv\u0113kiem ar zivju un j\u016bras vel\u0161u aler\u0123ij\u0101m.<\/p>\n<p><strong>Lietojums:<\/strong> Katra tablete satur 100 \u00b5g \u0101tras iedarb\u012bbas B12 vitam\u012bna. Novietojiet tableti zem m\u0113les un \u013caujiet tai iz\u0161\u0137\u012bst, lai optim\u0101li uzs\u016bktos tie\u0161i asinsrit\u0113. B12 vitam\u012bns ir \u016bden\u012b \u0161\u0137\u012bsto\u0161s, t\u0101p\u0113c j\u016bsu organisms absorb\u0113 to, kas tam nepiecie\u0161ams, un p\u0101r\u0113jais tiek izvad\u012bts dabiski.<\/p>","protected":false},"excerpt":{"rendered":"<p>Keelealune ja kiiretoimeline, meie vegan-s\u00f5bralik Vitamiin B12 on teaduslikult formuleeritud energia ja ainevahetuse toetamiseks ning v\u00e4simuse v\u00e4hendamiseks. See keskmise tugevusega tablett on&hellip;<\/p>","protected":false},"featured_media":8008,"comment_status":"open","ping_status":"closed","template":"","meta":{"wprm-recipe-roundup-name":"","wprm-recipe-roundup-description":""},"product_brand":[12063],"product_cat":[240,318],"product_tag":[338,320],"class_list":{"0":"post-8033","1":"product","2":"type-product","3":"status-publish","4":"has-post-thumbnail","6":"product_brand-vegetology","7":"product_cat-allahinnatud","8":"product_cat-vegan-toidulisandid","9":"product_tag-b12","10":"product_tag-toidulisand","11":"j79_wcxd_expiry_type-best-before","13":"first","14":"instock","15":"sale","16":"taxable","17":"shipping-taxable","18":"purchasable","19":"product-type-simple"},"supplier_id":9147,"supplier_sku":"","barcode":"5060351380317","atum_controlled":true,"out_stock_date":null,"out_stock_threshold":null,"inheritable":false,"inbound_stock":0,"stock_on_hold":0,"sold_today":0,"sales_last_days":1,"reserved_stock":0,"customer_returns":0,"warehouse_damage":0,"lost_in_post":0,"other_logs":0,"out_stock_days":0,"lost_sales":0,"has_location":false,"update_date":"2026-05-05T13:43:21","atum_locations":[],"atum_stock_status":"instock","restock_status":false,"low_stock_amount":"","sales_update_date":"2026-05-05T13:43:21","calc_backorders":null,"aioseo_notices":[],"_links":{"self":[{"href":"https:\/\/ecoshop.ee\/lv\/wp-json\/wp\/v2\/product\/8033","targetHints":{"allow":["GET"]}}],"collection":[{"href":"https:\/\/ecoshop.ee\/lv\/wp-json\/wp\/v2\/product"}],"about":[{"href":"https:\/\/ecoshop.ee\/lv\/wp-json\/wp\/v2\/types\/product"}],"replies":[{"embeddable":true,"href":"https:\/\/ecoshop.ee\/lv\/wp-json\/wp\/v2\/comments?post=8033"}],"version-history":[{"count":1,"href":"https:\/\/ecoshop.ee\/lv\/wp-json\/wp\/v2\/product\/8033\/revisions"}],"predecessor-version":[{"id":396014,"href":"https:\/\/ecoshop.ee\/lv\/wp-json\/wp\/v2\/product\/8033\/revisions\/396014"}],"wp:featuredmedia":[{"embeddable":true,"href":"https:\/\/ecoshop.ee\/lv\/wp-json\/wp\/v2\/media\/8008"}],"wp:attachment":[{"href":"https:\/\/ecoshop.ee\/lv\/wp-json\/wp\/v2\/media?parent=8033"}],"wp:term":[{"taxonomy":"product_brand","embeddable":true,"href":"https:\/\/ecoshop.ee\/lv\/wp-json\/wp\/v2\/product_brand?post=8033"},{"taxonomy":"product_cat","embeddable":true,"href":"https:\/\/ecoshop.ee\/lv\/wp-json\/wp\/v2\/product_cat?post=8033"},{"taxonomy":"product_tag","embeddable":true,"href":"https:\/\/ecoshop.ee\/lv\/wp-json\/wp\/v2\/product_tag?post=8033"}],"curies":[{"name":"wp","href":"https:\/\/api.w.org\/{rel}","templated":true}]}}