{"id":8036,"date":"2024-09-18T19:48:56","date_gmt":"2024-09-18T16:48:56","guid":{"rendered":"https:\/\/ecoshop.ee\/?post_type=product&#038;p=8036"},"modified":"2026-02-15T03:00:08","modified_gmt":"2026-02-15T00:00:08","slug":"energijas-uztura-bagatinatajs-n60","status":"publish","type":"product","link":"https:\/\/ecoshop.ee\/lv\/vegan-toidulisandid\/energiat-toetav-toidulisand-n60\/","title":{"rendered":"Ener\u0123iju veicino\u0161s uztura bag\u0101tin\u0101t\u0101js, N60"},"content":{"rendered":"<p>Mekl\u0113jat ener\u0123iju bez kofe\u012bna? Active Energy apvieno t\u0101dus svar\u012bgus ener\u0123iju veicino\u0161us vitam\u012bnus k\u0101 B2, B3, B5, B6, B12, C-vitamin, folsk\u0101bi un dzelzi ar adaptog\u0113no augu, rodiolas un \u0161izandras, sp\u0113ku, lai pal\u012bdz\u0113tu c\u012bn\u012bties ar nogurumu un atbalst\u012btu saspringtu darba grafiku un akt\u012bvu dz\u012bvesveidu.<\/p>\n<p><strong>Galven\u0101s priek\u0161roc\u012bbas:<\/strong><\/p>\n<ul>\n<li><strong>Noguruma mazin\u0101\u0161ana:<\/strong> Mazina nogurumu un sniedz ener\u0123iju.<\/li>\n<li><strong>Metabolisma atbalsts:<\/strong> Veicina 1TP204 siltumener\u0123ijas metabolismu.<\/li>\n<li><strong>Im\u016bnsist\u0113mas atbalsts:<\/strong> Pal\u012bdz uztur\u0113t norm\u0101lu im\u016bnsist\u0113mas darb\u012bbu intens\u012bvas fiziskas slodzes laik\u0101 un p\u0113c t\u0101s.<\/li>\n<\/ul>\n<p><strong>Dabiska kofe\u012bna alternat\u012bva:<\/strong> Vegetology Active Energy ir lieliska izv\u0113le tiem, kas v\u0113las izvair\u012bties no kofe\u012bna. Vairs nav j\u0101\u0137eras pie kafijas vai ener\u0123ijas dz\u0113rieniem \u2014 m\u016bsu vitamines nodro\u0161ina dabisku, ilgsto\u0161u ener\u0123iju.<\/p>\n<p><strong>Adaptog\u0113no augu sp\u0113ks:<\/strong> Adaptog\u0113ni augi, piem\u0113ram, rodiola un \u0161izandra, tradicion\u0101laj\u0101 medic\u012bn\u0101 ir paz\u012bstami ar savu sp\u0113ju c\u012bn\u012bties ar nogurumu un atbalst\u012bt organismu stresa laik\u0101. Tie pal\u012bdz saglab\u0101t ener\u0123iju visas dienas garum\u0101 un veicina relaks\u0101ciju vakar\u0101.<\/p>\n<p><strong>Kam tas paredz\u0113ts?<\/strong> Piem\u0113rots visu vecumu cilv\u0113kiem, tostarp veg\u0101niem, ve\u0123et\u0101rie\u0161iem un cilv\u0113kiem ar aler\u0123ij\u0101m pret ziv\u012bm un j\u016bras velt\u0113m. Veicina ener\u0123iju, atbalsta vielmai\u0146u un pal\u012bdz uztur\u0113t pareizu im\u016bnsist\u0113mas darb\u012bbu \u2013 ide\u0101li piem\u0113rots ikdienas lieto\u0161anai, lai c\u012bn\u012btos pret nogurumu.<\/p>\n<p><strong>Sast\u0101vda\u013cas katr\u0101 kapsul\u0101:<\/strong><\/p>\n<ul>\n<li>Ener\u0123ijas ieguvei nepiecie\u0161amie vitam\u012bni un miner\u0101lvielas: B2, B3, B5, B6, B12, C-1TP170, alva, folsk\u0101be un dzelzs.<\/li>\n<li>Adaptog\u0113ni augi: rodiola un \u0161izandra.<\/li>\n<\/ul>","protected":false},"excerpt":{"rendered":"<p>Kas otsid kofeiinivaba energiat? Active Energy \u00fchendab energia saamiseks vajalikud vitamiinid nagu B2, B3, B5, B6, B12, C-vitamiin, foolhape ja raud adaptogeensete&hellip;<\/p>","protected":false},"featured_media":8006,"comment_status":"open","ping_status":"closed","template":"","meta":{"wprm-recipe-roundup-name":"","wprm-recipe-roundup-description":""},"product_brand":[12063],"product_cat":[240,318],"product_tag":[340,320,339],"class_list":{"0":"post-8036","1":"product","2":"type-product","3":"status-publish","4":"has-post-thumbnail","6":"product_brand-vegetology","7":"product_cat-allahinnatud","8":"product_cat-vegan-toidulisandid","9":"product_tag-energia","10":"product_tag-toidulisand","11":"product_tag-vasimusevastane","12":"j79_wcxd_expiry_type-best-before","14":"first","15":"outofstock","16":"sale","17":"taxable","18":"shipping-taxable","19":"purchasable","20":"product-type-simple"},"supplier_id":9147,"supplier_sku":"","barcode":"5060351380218","atum_controlled":true,"out_stock_date":null,"out_stock_threshold":null,"inheritable":false,"inbound_stock":0,"stock_on_hold":0,"sold_today":0,"sales_last_days":0,"reserved_stock":0,"customer_returns":0,"warehouse_damage":0,"lost_in_post":0,"other_logs":0,"out_stock_days":0,"lost_sales":0,"has_location":false,"update_date":"2026-04-10T14:29:59","atum_locations":[],"atum_stock_status":"outofstock","restock_status":false,"low_stock_amount":"","sales_update_date":"2026-04-10T14:29:59","calc_backorders":null,"aioseo_notices":[],"_links":{"self":[{"href":"https:\/\/ecoshop.ee\/lv\/wp-json\/wp\/v2\/product\/8036","targetHints":{"allow":["GET"]}}],"collection":[{"href":"https:\/\/ecoshop.ee\/lv\/wp-json\/wp\/v2\/product"}],"about":[{"href":"https:\/\/ecoshop.ee\/lv\/wp-json\/wp\/v2\/types\/product"}],"replies":[{"embeddable":true,"href":"https:\/\/ecoshop.ee\/lv\/wp-json\/wp\/v2\/comments?post=8036"}],"version-history":[{"count":0,"href":"https:\/\/ecoshop.ee\/lv\/wp-json\/wp\/v2\/product\/8036\/revisions"}],"wp:featuredmedia":[{"embeddable":true,"href":"https:\/\/ecoshop.ee\/lv\/wp-json\/wp\/v2\/media\/8006"}],"wp:attachment":[{"href":"https:\/\/ecoshop.ee\/lv\/wp-json\/wp\/v2\/media?parent=8036"}],"wp:term":[{"taxonomy":"product_brand","embeddable":true,"href":"https:\/\/ecoshop.ee\/lv\/wp-json\/wp\/v2\/product_brand?post=8036"},{"taxonomy":"product_cat","embeddable":true,"href":"https:\/\/ecoshop.ee\/lv\/wp-json\/wp\/v2\/product_cat?post=8036"},{"taxonomy":"product_tag","embeddable":true,"href":"https:\/\/ecoshop.ee\/lv\/wp-json\/wp\/v2\/product_tag?post=8036"}],"curies":[{"name":"wp","href":"https:\/\/api.w.org\/{rel}","templated":true}]}}