{"id":8038,"date":"2024-09-18T20:03:53","date_gmt":"2024-09-18T17:03:53","guid":{"rendered":"https:\/\/ecoshop.ee\/?post_type=product&#038;p=8038"},"modified":"2026-03-31T01:02:53","modified_gmt":"2026-03-30T22:02:53","slug":"vitamin-c-uztura-bagatinatajs-ar-bioflavonoidunoids-n60","status":"publish","type":"product","link":"https:\/\/ecoshop.ee\/lv\/vegan-toidulisandid\/vitamiin-c-toidulisand-koos-bioflavonoididega-n60\/","title":{"rendered":"C vitam\u012bna uztura bag\u0101tin\u0101t\u0101js ar bioflavonoidunoids, N60"},"content":{"rendered":"<p>C vitam\u012bns + citrusaug\u013cu bioflavonoides im\u016bnsist\u0113mas atbalstam<\/p>\n<p><strong>Augstas iedarb\u012bbas 500 mg, saudz\u012bgs ku\u0146\u0123im.<\/strong> M\u016bsu C vitam\u012bns satur 500 mg C-vitamin un 100 mg citrusaug\u013cu bioflavononoide, nodro\u0161inot sp\u0113c\u012bgu antioksidantu kombin\u0101ciju. \u0160\u012b formula ir izstr\u0101d\u0101ta, lai optimiz\u0113tu uzs\u016bk\u0161anos organism\u0101 un sniegtu im\u016bnsist\u0113mai nepiecie\u0161amo atbalstu.<\/p>\n<p><strong>Galven\u0101s priek\u0161roc\u012bbas:<\/strong><\/p>\n<ul>\n<li><strong>Im\u016bnsist\u0113mas atbalsts:<\/strong> Atbalsta im\u016bnsist\u0113mu noermisk\u0101 funkcijarimist intens\u012bvas fiziskas slodzes laik\u0101 un p\u0113c t\u0101s.<\/li>\n<li><strong>Kolag\u0113na ra\u017eo\u0161ana:<\/strong> Veicina kolag\u0113na veido\u0161anos, kas ir svar\u012bgs asins, kaulu, skrim\u0161\u013cu, smaganu, \u0101das un zobu vesel\u012bbai.<\/li>\n<li><strong>Metabolisma atbalsts:<\/strong> Veicina 1TP204 siltumener\u0123ijas metabolismu.<\/li>\n<\/ul>\n<p><strong>Ilgtsp\u0113j\u012bgi ra\u017eots C vitam\u012bns:<\/strong> Mekl\u0113jot videi draudz\u012bgas alternat\u012bvas, m\u0113s r\u016bp\u012bgi atlas\u0101m visu iesp\u0113jamoused. Lai gan dabisk\u0101 viela parasti ir vislab\u0101k\u0101, esam atkl\u0101ju\u0161i, ka C-vitamiin gad\u012bjum\u0101 sint\u0113tisk\u0101 iesp\u0113ja ir visilgtsp\u0113j\u012bg\u0101k\u0101. Izmantojot sintez\u0113tu C-vitamiin, m\u0113s varam ietaup\u012bt lielu daudzumu aug\u013cu un citu pilnv\u0113rt\u012bgu p\u0101rtikas produktu, samazinot atkritumus ra\u017eo\u0161anas proces\u0101.<\/p>\n<p><strong>Vai zin\u0101ji?<\/strong><br \/>\nM\u016bsu organisms nesp\u0113j sara\u017eot C-vitami\u0113nu, t\u0101p\u0113c tas j\u0101uz\u0146em ar uzturu. Lai gan svaigi aug\u013ci un d\u0101rze\u0146i ir lieliski avoti, C-vitami\u0113ns viegli sabr\u016bk, to kars\u0113jot, sasald\u0113jot vai pat vienk\u0101r\u0161i uzglab\u0101jot. Turkl\u0101t organisms nevar uzglab\u0101t C-vitami\u0113nu, t\u0101p\u0113c ir svar\u012bgi regul\u0101ri lietot uztura bag\u0101tin\u0101t\u0101jus.<\/p>","protected":false},"excerpt":{"rendered":"<p>Vitamiin C + Tsitruse Bioflavonoidid Immuuns\u00fcsteemi Toetuseks K\u00f5rge tugevusega 500mg, \u00f5rn k\u00f5hule. Meie Vitamiin C sisaldab 500mg C-vitamiini ja 100mg tsitruse bioflavonoide,&hellip;<\/p>","protected":false},"featured_media":8017,"comment_status":"open","ping_status":"closed","template":"","meta":{"wprm-recipe-roundup-name":"","wprm-recipe-roundup-description":""},"product_brand":[12063],"product_cat":[318],"product_tag":[320,341],"class_list":{"0":"post-8038","1":"product","2":"type-product","3":"status-publish","4":"has-post-thumbnail","6":"product_brand-vegetology","7":"product_cat-vegan-toidulisandid","8":"product_tag-toidulisand","9":"product_tag-vitamiin-c","10":"j79_wcxd_expiry_type-best-before","12":"first","13":"instock","14":"taxable","15":"shipping-taxable","16":"purchasable","17":"product-type-simple"},"supplier_id":9147,"supplier_sku":"","barcode":"5060351380416","atum_controlled":true,"out_stock_date":null,"out_stock_threshold":null,"inheritable":false,"inbound_stock":0,"stock_on_hold":0,"sold_today":0,"sales_last_days":0,"reserved_stock":0,"customer_returns":0,"warehouse_damage":0,"lost_in_post":0,"other_logs":0,"out_stock_days":0,"lost_sales":0,"has_location":false,"update_date":"2026-04-10T14:29:59","atum_locations":[],"atum_stock_status":"instock","restock_status":false,"low_stock_amount":"","sales_update_date":"2026-04-10T14:29:59","calc_backorders":null,"aioseo_notices":[],"_links":{"self":[{"href":"https:\/\/ecoshop.ee\/lv\/wp-json\/wp\/v2\/product\/8038","targetHints":{"allow":["GET"]}}],"collection":[{"href":"https:\/\/ecoshop.ee\/lv\/wp-json\/wp\/v2\/product"}],"about":[{"href":"https:\/\/ecoshop.ee\/lv\/wp-json\/wp\/v2\/types\/product"}],"replies":[{"embeddable":true,"href":"https:\/\/ecoshop.ee\/lv\/wp-json\/wp\/v2\/comments?post=8038"}],"version-history":[{"count":0,"href":"https:\/\/ecoshop.ee\/lv\/wp-json\/wp\/v2\/product\/8038\/revisions"}],"wp:featuredmedia":[{"embeddable":true,"href":"https:\/\/ecoshop.ee\/lv\/wp-json\/wp\/v2\/media\/8017"}],"wp:attachment":[{"href":"https:\/\/ecoshop.ee\/lv\/wp-json\/wp\/v2\/media?parent=8038"}],"wp:term":[{"taxonomy":"product_brand","embeddable":true,"href":"https:\/\/ecoshop.ee\/lv\/wp-json\/wp\/v2\/product_brand?post=8038"},{"taxonomy":"product_cat","embeddable":true,"href":"https:\/\/ecoshop.ee\/lv\/wp-json\/wp\/v2\/product_cat?post=8038"},{"taxonomy":"product_tag","embeddable":true,"href":"https:\/\/ecoshop.ee\/lv\/wp-json\/wp\/v2\/product_tag?post=8038"}],"curies":[{"name":"wp","href":"https:\/\/api.w.org\/{rel}","templated":true}]}}