{"id":8040,"date":"2024-09-18T20:36:34","date_gmt":"2024-09-18T17:36:34","guid":{"rendered":"https:\/\/ecoshop.ee\/?post_type=product&#038;p=8040"},"modified":"2026-04-07T13:38:52","modified_gmt":"2026-04-07T10:38:52","slug":"vegans-omega-3-skidrums-bez-garsas-150ml","status":"publish","type":"product","link":"https:\/\/ecoshop.ee\/lv\/vegan-toidulisandid\/vegan-omega-3-vedelik-maitseta-150ml\/","title":{"rendered":"Veg\u0101ns omega-3 \u0161\u0137idrums, bez gar\u0161as, 150 ml"},"content":{"rendered":"<p><strong>Opti-3\u00ae \u0161\u0137idrums (bez gar\u0161as) \u2013 <\/strong>Veg\u0101nu Omega-3 EPA un DHA<\/p>\n<p>Ieg\u016bts no mikroa\u013c\u0123\u0113m. <strong>300 mg EPA<\/strong> un <strong>500 mg DHA<\/strong> + D3 vitam\u012bns.<\/p>\n<p>M\u016bsu 100% dab\u012bgais Omega-3 ir ra\u017eots tie\u0161i no mikroa\u013c\u0123\u0113m, kas audz\u0113tas specializ\u0113t\u0101 ra\u017eotn\u0113. Tas pied\u0101v\u0101 visas zivju e\u013c\u013cas sniegt\u0101s Omega-3 priek\u0161roc\u012bbas, bez dro\u0161\u012bbas un ilgtsp\u0113j\u012bbas ba\u017e\u0101m, kas saist\u012btas ar zivju izcelsmes avotiem. Nodro\u0161ina lielu EPA un DHA devu, kas ir bioakt\u012bv\u0101s Omega-3 formas, kuras organisms optim\u0101li absorb\u0113. Piem\u0113rots visai \u0123imenei!<\/p>\n<p><strong>Galven\u0101s priek\u0161roc\u012bbas:<\/strong><\/p>\n<ul>\n<li><strong>Smadze\u0146u darbs:<\/strong> DHA pal\u012bdz uztur\u0113t norm\u0101lu smadze\u0146u darb\u012bbu.<\/li>\n<li><strong>Redzes atbalsts:<\/strong> DHA pal\u012bdz uztur\u0113t norm\u0101lu redzi 1TP204.<\/li>\n<li><strong>Sirds vesel\u012bba:<\/strong> EPA un DHA veicina norm\u0101lu sirds darb\u012bbu.<\/li>\n<\/ul>\n<p><strong>Omega-3 no mikroa\u013c\u0123\u0113m:<\/strong><br \/>\nLiel\u0101k\u0101 da\u013ca Omega-3 uztura bag\u0101tin\u0101t\u0101ju ir ieg\u016bti no neilgtsp\u0113j\u012bgas zivju e\u013c\u013cas, kuras pagatavo\u0161anai var b\u016bt nepiecie\u0161amas l\u012bdz pat 50 ziv\u012bm vien\u0101 pudel\u0113, un katr\u0101 kapsul\u0101 no oke\u0101niem non\u0101k toks\u012bni. Paties\u012bb\u0101 zivis Omega-3 ieg\u016bst no bar\u012bbas \u2013 a\u013c\u0123\u0113m \u2013, nevis pa\u0161as t\u0101s ra\u017eo. M\u0113s esam izlaidu\u0161i vid\u0113jo soli un rad\u012bju\u0161i dro\u0161\u0101ku, ilgtsp\u0113j\u012bg\u0101ku alternat\u012bvu no mikroa\u013c\u0123\u0113m, kas audz\u0113tas \u012bpa\u0161os tvertn\u0113s.<\/p>\n<p><strong>Piem\u0113rots b\u0113rniem:<\/strong><br \/>\nOmega-3 \u0161\u0137idrums ir piem\u0113rots visai \u0123imenei. To var lietot ar karoti vai pievienot \u0113dienam. Z\u012bdai\u0146iem un b\u0113rniem l\u012bdz 2 gadu vecumam soovitame 2,5 ml (puse t\u0113jkarotes).<\/p>\n<p><strong>Vai zin\u0101ji?<\/strong><br \/>\nZivis pa\u0161as nera\u017eo Omega-3, t\u0101s ieg\u016bst no bar\u012bbas \u2013 a\u013c\u0123\u0113m. M\u016bsu Omega-3 satur EPA un DHA pareizaj\u0101 form\u0101, kas j\u016bsu organismam ir j\u0101uz\u0146em un j\u0101izmanto \u2013 tie\u0161i t\u0101d\u0101 pa\u0161\u0101 form\u0101, k\u0101da t\u0101 ir ziv\u012bs. T\u0101 ir pat sp\u0113c\u012bg\u0101ka nek\u0101 vairums uz zivju b\u0101zes veidotu uztura bag\u0101tin\u0101t\u0101ju!<\/p>\n<p><strong>Kas ir katr\u0101 pudel\u0113?<\/strong><br \/>\nOl\u012bve\u013c\u013c\u0101 iestr\u0101d\u0101ta, 5 ml dienas deva nodro\u0161ina vismaz 300 mg EPA un 500 mg DHA, k\u0101 ar\u012b 5 \u00b5g (200 SV) augu izcelsmes vitamiin D3. Tas atbilst 835 mg kop\u0113j\u0101 omega-3 daudzuma. Katra 150 ml pudele nodro\u0161ina 1 m\u0113ne\u0161a devu.<\/p>\n<p>&nbsp;<\/p>\n<p><iframe title=\"Atkl\u0101jiet a\u013c\u0123u sp\u0113ku: k\u0101p\u0113c @vegetologyuk Omega-3 ir revolucion\u0101rs smadze\u0146u, sirds un Eyes vesel\u012bbai!\" width=\"1160\" height=\"653\" src=\"https:\/\/www.youtube.com\/embed\/nzoS4FpDii8?start=1&#038;feature=oembed\" frameborder=\"0\" allow=\"accelerometer; autoplay; clipboard-write; encrypted-media; gyroscope; picture-in-picture; web-share\" referrerpolicy=\"strict-origin-when-cross-origin\" allowfullscreen><\/iframe><\/p>","protected":false},"excerpt":{"rendered":"<p>Opti-3\u00ae Vedelik (Maitseta) &#8211; Vegan Omega-3 EPA &amp; DHA Mikrovetikatest saadud. 300mg EPA &amp; 500mg DHA + Vitamiin D3. Meie 100% looduslik&hellip;<\/p>","protected":false},"featured_media":8013,"comment_status":"open","ping_status":"closed","template":"","meta":{"wprm-recipe-roundup-name":"","wprm-recipe-roundup-description":""},"product_brand":[12063],"product_cat":[318],"product_tag":[319,320],"class_list":{"0":"post-8040","1":"product","2":"type-product","3":"status-publish","4":"has-post-thumbnail","6":"product_brand-vegetology","7":"product_cat-vegan-toidulisandid","8":"product_tag-omega-3","9":"product_tag-toidulisand","10":"j79_wcxd_expiry_type-best-before","12":"first","13":"instock","14":"taxable","15":"shipping-taxable","16":"purchasable","17":"product-type-simple"},"supplier_id":9147,"supplier_sku":"","barcode":"5060351380294","atum_controlled":true,"out_stock_date":null,"out_stock_threshold":null,"inheritable":false,"inbound_stock":0,"stock_on_hold":0,"sold_today":0,"sales_last_days":1,"reserved_stock":0,"customer_returns":0,"warehouse_damage":0,"lost_in_post":0,"other_logs":0,"out_stock_days":0,"lost_sales":0,"has_location":false,"update_date":"2026-04-11T10:48:57","atum_locations":[],"atum_stock_status":"instock","restock_status":false,"low_stock_amount":"","sales_update_date":"2026-04-11T10:48:57","calc_backorders":null,"aioseo_notices":[],"_links":{"self":[{"href":"https:\/\/ecoshop.ee\/lv\/wp-json\/wp\/v2\/product\/8040","targetHints":{"allow":["GET"]}}],"collection":[{"href":"https:\/\/ecoshop.ee\/lv\/wp-json\/wp\/v2\/product"}],"about":[{"href":"https:\/\/ecoshop.ee\/lv\/wp-json\/wp\/v2\/types\/product"}],"replies":[{"embeddable":true,"href":"https:\/\/ecoshop.ee\/lv\/wp-json\/wp\/v2\/comments?post=8040"}],"version-history":[{"count":0,"href":"https:\/\/ecoshop.ee\/lv\/wp-json\/wp\/v2\/product\/8040\/revisions"}],"wp:featuredmedia":[{"embeddable":true,"href":"https:\/\/ecoshop.ee\/lv\/wp-json\/wp\/v2\/media\/8013"}],"wp:attachment":[{"href":"https:\/\/ecoshop.ee\/lv\/wp-json\/wp\/v2\/media?parent=8040"}],"wp:term":[{"taxonomy":"product_brand","embeddable":true,"href":"https:\/\/ecoshop.ee\/lv\/wp-json\/wp\/v2\/product_brand?post=8040"},{"taxonomy":"product_cat","embeddable":true,"href":"https:\/\/ecoshop.ee\/lv\/wp-json\/wp\/v2\/product_cat?post=8040"},{"taxonomy":"product_tag","embeddable":true,"href":"https:\/\/ecoshop.ee\/lv\/wp-json\/wp\/v2\/product_tag?post=8040"}],"curies":[{"name":"wp","href":"https:\/\/api.w.org\/{rel}","templated":true}]}}