{"id":8051,"date":"2024-09-18T21:34:26","date_gmt":"2024-09-18T18:34:26","guid":{"rendered":"https:\/\/ecoshop.ee\/?post_type=product&#038;p=8051"},"modified":"2026-05-04T22:10:13","modified_gmt":"2026-05-04T19:10:13","slug":"vitamin-d3-uztura-bagatinatajs-2500sv-n60","status":"publish","type":"product","link":"https:\/\/ecoshop.ee\/lv\/vegan-toidulisandid\/vitamiin-d3-toidulisand-2500iu-n60\/","title":{"rendered":"D3 vitam\u012bna piedeva 2500iu, N60"},"content":{"rendered":"<p><strong>D3 vitam\u012bns. Ieg\u016bts no \u0137\u0113rpjiem. Augstas koncentr\u0101cijas 62,5 \u00b5g (2500 SV)<\/strong><\/p>\n<p>N\u00e4rimi tablete ar veg\u0101nu D3-vitamin. Izbaudiet saules gaismas priek\u0161roc\u012bbas bez tie\u0161iem saules stariem. M\u016bsu ekskluz\u012bvais veg\u0101niskais D3-vitamin ir veidots ar \u0137\u0113rpjiem \u2013 organisku augu avotu, kas nodro\u0161ina optim\u0101lu uzs\u016bk\u0161anos, lai atbalst\u012btu vesel\u012bgus kaulus, musku\u013cus un im\u016bnsist\u0113mas darb\u012bbu.<\/p>\n<p><strong>Galven\u0101s priek\u0161roc\u012bbas:<\/strong><\/p>\n<ul>\n<li><strong>Musku\u013cu un skeleta sist\u0113mas apr\u016bpe:<\/strong> Atbalsta norm\u0101lo kaulu, zobu un musku\u013cu funkciju.<\/li>\n<li><strong>Im\u016bnsist\u0113mas atbalsts:<\/strong> Veicina pareizu im\u016bnsist\u0113mas darb\u012bbu.<\/li>\n<li><strong>Kalcija regul\u0113\u0161ana:<\/strong> Uztur norm\u0101lu kalcija l\u012bmeni asin\u012bs.<\/li>\n<\/ul>\n<p><strong>D3-1TP169 Alva no \u0137\u0113rpjiem:<\/strong><br \/>\nLiel\u0101k\u0101 da\u013ca D-vitamiin uztura bag\u0101tin\u0101t\u0101ju ir dz\u012bvnieku izcelsmes, bie\u017ei vien ieg\u016bti no dz\u012bvnieku \u0101das vai aitas vilnas. M\u0113s nol\u0113m\u0101m rad\u012bt veg\u0101nu alternat\u012bvu. M\u016bsu D3-vitamiin ir ieg\u016bts no \u0137\u0113rpjiem \u2013 unik\u0101la organiska auga, kas ir bag\u0101ts ar bar\u012bbas viel\u0101m un ra\u017eots, neizmantojot kait\u012bgus pestic\u012bdus, \u0161\u0137\u012bdin\u0101t\u0101jus vai ne\u017e\u0113l\u012bgu iztur\u0113\u0161anos pret dz\u012bvniekiem.<\/p>\n<p><strong>Vai zin\u0101ji?<\/strong><br \/>\nDaudzi no mums j\u016btas laim\u012bg\u0101ki un vesel\u012bg\u0101ki, atrodoties saul\u0113. Tas ir saist\u012bts ar D-vitamiin, ko m\u016bsu \u0101da ra\u017eo, pak\u013caujoties UV starojumam.<\/p>","protected":false},"excerpt":{"rendered":"<p>Vitamiin D3. Toodetud samblikest. K\u00f5rge tugevus 62,5\u00b5g (2500iu) N\u00e4rimistablett vegan D3-vitamiiniga. Nautige p\u00e4ikesevalguse eeliseid ilma otsese p\u00e4ikese k\u00e4es viibimiseta. Meie eksklusiivne vegan&hellip;<\/p>","protected":false},"featured_media":8019,"comment_status":"open","ping_status":"closed","template":"","meta":{"wprm-recipe-roundup-name":"","wprm-recipe-roundup-description":""},"product_brand":[12063],"product_cat":[318],"product_tag":[320,342],"class_list":{"0":"post-8051","1":"product","2":"type-product","3":"status-publish","4":"has-post-thumbnail","6":"product_brand-vegetology","7":"product_cat-vegan-toidulisandid","8":"product_tag-toidulisand","9":"product_tag-vitamiin-d3","10":"j79_wcxd_expiry_type-best-before","12":"first","13":"instock","14":"taxable","15":"shipping-taxable","16":"purchasable","17":"product-type-simple"},"supplier_id":9147,"supplier_sku":"","barcode":"5060351380133","atum_controlled":true,"out_stock_date":null,"out_stock_threshold":null,"inheritable":false,"inbound_stock":0,"stock_on_hold":0,"sold_today":0,"sales_last_days":2,"reserved_stock":0,"customer_returns":0,"warehouse_damage":0,"lost_in_post":0,"other_logs":0,"out_stock_days":0,"lost_sales":0,"has_location":false,"update_date":"2026-05-08T09:45:59","atum_locations":[],"atum_stock_status":"instock","restock_status":true,"low_stock_amount":"","sales_update_date":"2026-05-08T09:45:59","calc_backorders":null,"aioseo_notices":[],"_links":{"self":[{"href":"https:\/\/ecoshop.ee\/lv\/wp-json\/wp\/v2\/product\/8051","targetHints":{"allow":["GET"]}}],"collection":[{"href":"https:\/\/ecoshop.ee\/lv\/wp-json\/wp\/v2\/product"}],"about":[{"href":"https:\/\/ecoshop.ee\/lv\/wp-json\/wp\/v2\/types\/product"}],"replies":[{"embeddable":true,"href":"https:\/\/ecoshop.ee\/lv\/wp-json\/wp\/v2\/comments?post=8051"}],"version-history":[{"count":0,"href":"https:\/\/ecoshop.ee\/lv\/wp-json\/wp\/v2\/product\/8051\/revisions"}],"wp:featuredmedia":[{"embeddable":true,"href":"https:\/\/ecoshop.ee\/lv\/wp-json\/wp\/v2\/media\/8019"}],"wp:attachment":[{"href":"https:\/\/ecoshop.ee\/lv\/wp-json\/wp\/v2\/media?parent=8051"}],"wp:term":[{"taxonomy":"product_brand","embeddable":true,"href":"https:\/\/ecoshop.ee\/lv\/wp-json\/wp\/v2\/product_brand?post=8051"},{"taxonomy":"product_cat","embeddable":true,"href":"https:\/\/ecoshop.ee\/lv\/wp-json\/wp\/v2\/product_cat?post=8051"},{"taxonomy":"product_tag","embeddable":true,"href":"https:\/\/ecoshop.ee\/lv\/wp-json\/wp\/v2\/product_tag?post=8051"}],"curies":[{"name":"wp","href":"https:\/\/api.w.org\/{rel}","templated":true}]}}