{"id":8057,"date":"2024-09-18T22:14:18","date_gmt":"2024-09-18T19:14:18","guid":{"rendered":"https:\/\/ecoshop.ee\/?post_type=product&#038;p=8057"},"modified":"2026-05-11T23:17:32","modified_gmt":"2026-05-11T20:17:32","slug":"miega-atbalsta-uztura-bagatinatajs-n60","status":"publish","type":"product","link":"https:\/\/ecoshop.ee\/lv\/vegan-toidulisandid\/und-toetav-toidulisand-n60\/","title":{"rendered":"Miega atbalsta uztura bag\u0101tin\u0101t\u0101js, N60"},"content":{"rendered":"<p><strong>Safr\u0101ns, Ashwagandha, B6 vitam\u012bns, magnijs, cinks, citronu balzams un L-tean\u012bns<\/strong><\/p>\n<p>Atbalstiet savu vesel\u012bgo miegu. Atp\u016btieties dabiski ar m\u016bsu miega atbalsta formulu \u2013 unik\u0101lu 1TP170 k\u0101rbu, miner\u0101lvielu un akt\u012bvo augu kombin\u0101ciju, kas zin\u0101tniski izstr\u0101d\u0101ta, lai pal\u012bdz\u0113tu mazin\u0101t t\u0101das bie\u017ei sastopamas miega probl\u0113mas k\u0101 trauksme un nemiers. T\u0101 ir izstr\u0101d\u0101ta, lai rad\u012btu mieru un veicin\u0101tu relaks\u0101ciju, pal\u012bdzot jums \u0101tri aizmigt un baud\u012bt kvalitat\u012bvu, dzi\u013cu miegu visas nakts garum\u0101, bez miegain\u012bbas blakuspar\u0101d\u012bb\u0101m n\u0101kamaj\u0101 dien\u0101.<\/p>\n<p><strong>Galven\u0101s priek\u0161roc\u012bbas:<\/strong><\/p>\n<ul>\n<li><strong>Hormonu regul\u0101cijarimine:<\/strong> B6 vitam\u012bns veicina hormon\u0101l\u0101s aktivit\u0101tes regul\u0113\u0161anu.<\/li>\n<li><strong>Noguruma mazin\u0101\u0161ana:<\/strong> Magnijs pal\u012bdz mazin\u0101t nogurumu un nesp\u0113ku.<\/li>\n<li><strong>Kognit\u012bvais atbalsts:<\/strong> Cinks atbalsta normal kognit\u012bv\u0101s funkcijas.<\/li>\n<\/ul>\n<p><strong>Videi draudz\u012bgi augu ekstrakti:<\/strong> Visi m\u016bsu augu ekstrakti n\u0101k no ra\u017eotn\u0113m, kur tiek ies\u0113ts vair\u0101k nek\u0101 nov\u0101kts, t\u0101d\u0113j\u0101di nodro\u0161inot m\u016bsu pozit\u012bvo ietekmi uz vidi.<\/p>\n<p><strong>M\u0113r\u0137tiec\u012bga formula:<\/strong> Satur r\u016bp\u012bgi atlas\u012btus vitamines, miner\u0101lvielas un akt\u012bv\u0101s augu izcelsmes sast\u0101vda\u013cas, piem\u0113ram, za\u013c\u0101s t\u0113jas ekstraktu, a\u0161vagandu, citronmelisu un safr\u0101nu. \u0160o vielu kombin\u0101cija pareizaj\u0101s dev\u0101srimine veido vienu kapsulu, kas pal\u012bdz atp\u016bsties \u0137ermenim un pr\u0101tam dienas beig\u0101s un nodro\u0161ina dzi\u013cu, vesel\u012bgu miegu visas nakts garum\u0101.<\/p>\n<p>Piem\u0113rots pieaugu\u0161ajiem un b\u0113rniem no 11 gadu vecuma (tabletes izm\u0113ra d\u0113\u013c).<\/p>","protected":false},"excerpt":{"rendered":"<p>Safran, Ashwagandha, Vit B6, Magneesium, Tsink, Sidrunmeliss &amp; L-teaniin Toeta enda tervislikku und. L\u00f5dvestu loomulikult meie Sleep Support valemiga \u2013 unikaalne kombinatsioon&hellip;<\/p>","protected":false},"featured_media":9650,"comment_status":"open","ping_status":"closed","template":"","meta":{"wprm-recipe-roundup-name":"","wprm-recipe-roundup-description":""},"product_brand":[12063],"product_cat":[240,318],"product_tag":[320,345,344],"class_list":{"0":"post-8057","1":"product","2":"type-product","3":"status-publish","4":"has-post-thumbnail","6":"product_brand-vegetology","7":"product_cat-allahinnatud","8":"product_cat-vegan-toidulisandid","9":"product_tag-toidulisand","10":"product_tag-und-toetav","11":"product_tag-uni","12":"j79_wcxd_expiry_type-best-before","14":"first","15":"instock","16":"sale","17":"taxable","18":"shipping-taxable","19":"purchasable","20":"product-type-simple"},"supplier_id":9147,"supplier_sku":"","barcode":"5060351380461","atum_controlled":true,"out_stock_date":null,"out_stock_threshold":null,"inheritable":false,"inbound_stock":0,"stock_on_hold":0,"sold_today":0,"sales_last_days":1,"reserved_stock":0,"customer_returns":0,"warehouse_damage":0,"lost_in_post":0,"other_logs":0,"out_stock_days":0,"lost_sales":0,"has_location":false,"update_date":"2026-05-12T21:04:38","atum_locations":[],"atum_stock_status":"instock","restock_status":true,"low_stock_amount":"","sales_update_date":"2026-05-12T21:04:38","calc_backorders":null,"aioseo_notices":[],"_links":{"self":[{"href":"https:\/\/ecoshop.ee\/lv\/wp-json\/wp\/v2\/product\/8057","targetHints":{"allow":["GET"]}}],"collection":[{"href":"https:\/\/ecoshop.ee\/lv\/wp-json\/wp\/v2\/product"}],"about":[{"href":"https:\/\/ecoshop.ee\/lv\/wp-json\/wp\/v2\/types\/product"}],"replies":[{"embeddable":true,"href":"https:\/\/ecoshop.ee\/lv\/wp-json\/wp\/v2\/comments?post=8057"}],"version-history":[{"count":1,"href":"https:\/\/ecoshop.ee\/lv\/wp-json\/wp\/v2\/product\/8057\/revisions"}],"predecessor-version":[{"id":396015,"href":"https:\/\/ecoshop.ee\/lv\/wp-json\/wp\/v2\/product\/8057\/revisions\/396015"}],"wp:featuredmedia":[{"embeddable":true,"href":"https:\/\/ecoshop.ee\/lv\/wp-json\/wp\/v2\/media\/9650"}],"wp:attachment":[{"href":"https:\/\/ecoshop.ee\/lv\/wp-json\/wp\/v2\/media?parent=8057"}],"wp:term":[{"taxonomy":"product_brand","embeddable":true,"href":"https:\/\/ecoshop.ee\/lv\/wp-json\/wp\/v2\/product_brand?post=8057"},{"taxonomy":"product_cat","embeddable":true,"href":"https:\/\/ecoshop.ee\/lv\/wp-json\/wp\/v2\/product_cat?post=8057"},{"taxonomy":"product_tag","embeddable":true,"href":"https:\/\/ecoshop.ee\/lv\/wp-json\/wp\/v2\/product_tag?post=8057"}],"curies":[{"name":"wp","href":"https:\/\/api.w.org\/{rel}","templated":true}]}}