{"id":8059,"date":"2024-09-18T22:32:08","date_gmt":"2024-09-18T19:32:08","guid":{"rendered":"https:\/\/ecoshop.ee\/?post_type=product&#038;p=8059"},"modified":"2026-05-11T08:57:21","modified_gmt":"2026-05-11T05:57:21","slug":"menopausi-uztura-bagatinatajs-n60","status":"publish","type":"product","link":"https:\/\/ecoshop.ee\/lv\/vegan-toidulisandid\/menopausi-toidulisand-n60\/","title":{"rendered":"Menopaus uztura bag\u0101tin\u0101t\u0101js, N60"},"content":{"rendered":"<p><strong>Dienas multivitam\u012bni ar 23 vitam\u012bniem un miner\u0101lviel\u0101m, tostarp sojas izoflavoniem, salviju un a\u0161vagandu.<\/strong><\/p>\n<p>L\u012bdz ar m\u016bsu \u0137erme\u0146a izmai\u0146\u0101m main\u0101s ar\u012b m\u016bsu uztura vajadz\u012bbas. Menopausi uztura bag\u0101tin\u0101t\u0101js pied\u0101v\u0101 m\u0113r\u0137tiec\u012bgu atbalstu, kas ir zin\u0101tniski izstr\u0101d\u0101ts, lai nodro\u0161in\u0101tu optim\u0101lu 23 vitam\u012bnu un miner\u0101lvielu l\u012bdzsvaru, k\u0101 ar\u012b sojas izoflavonus un akt\u012bv\u0101s bot\u0101nisk\u0101s vielas. Apvienojot sast\u0101vda\u013cas, kas bie\u017ei vien ir pieejamas tikai atsevi\u0161\u0137i, katra kapsula ir paredz\u0113ta, lai c\u012bn\u012btos pret menopausi un perinopausi daudzaj\u0101m sek\u0101m, piem\u0113ram, garast\u0101vok\u013ca sv\u0101rst\u012bb\u0101m, v\u0101jiem kauliem un zemu ener\u0123ijas l\u012bmeni. Tas ir paredz\u0113ts, lai nodro\u0161in\u0101tu katras uzturvielas optim\u0101lu uzs\u016bk\u0161anos un bioaktivit\u0101ti organism\u0101.<\/p>\n<p><strong>Galven\u0101s priek\u0161roc\u012bbas:<\/strong><\/p>\n<ul>\n<li><strong>Hormonu regul\u0101cijarimine:<\/strong> Pal\u012bdz regul\u0113t hormon\u0101lo aktivit\u0101ti.<\/li>\n<li><strong>Noguruma mazin\u0101\u0161ana:<\/strong> Pal\u012bdz mazin\u0101t nogurumu un nesp\u0113ku.<\/li>\n<li><strong>Musku\u013cu un skeleta sist\u0113mas apr\u016bpe:<\/strong> Atbalsta norm\u0101lu kaulu, zobu, \u0101das, matu, nagu, musku\u013cu un redzes darb\u012bbu.<\/li>\n<\/ul>\n<p><strong>Vai zin\u0101ji?<\/strong><br \/>\nMenopauze ir dabiska f\u0101ze, kad sievietes menstru\u0101lie cikli apst\u0101jas. Menopauze tiek diagnostic\u0113ta p\u0113c 12 sec\u012bgiem m\u0113ne\u0161iem bez menstru\u0101cij\u0101m. Tas parasti notiek vecum\u0101 no 45 l\u012bdz 55 gadiem, ta\u010du var at\u0161\u0137irties.<\/p>\n<p>Vegetology Menopaus ir izstr\u0101d\u0101ju\u0161i m\u016bsu uztura eksperti, pamatojoties uz pla\u0161iem p\u0113t\u012bjumiem un izpratni par \u012bpa\u0161aj\u0101m uztura vajadz\u012bb\u0101m menopaus lieto\u0161anas laik\u0101 un p\u0113c t\u0101s. Uzlabot\u0101 formula satur atlas\u012btus un sabalans\u0113tus vitam\u012bnus un miner\u0101lvielas, k\u0101 ar\u012b sojas izoflavonus un akt\u012bv\u0101s bot\u0101nisk\u0101s vielas, kas nodro\u0161ina m\u0113r\u0137tiec\u012bgu atbalstu.<\/p>\n<p><strong>Katra kapsula satur 26 vitam\u012bnus un miner\u0101lvielas kop\u0101 ar sojas izoflavoniem, salviju un a\u0161vagandu.<\/strong><\/p>\n<p>Nesatur hormonus. M\u016bsu Menopaus uztura bag\u0101tin\u0101t\u0101js ir izstr\u0101d\u0101ts ar p\u0101rbaud\u012bt\u0101m sast\u0101vda\u013c\u0101m, kas pal\u012bdz\u0113s justies ener\u0123isk\u0101kam, koncentr\u0113t\u0101kam, mazin\u0101s stresu un uzlabos garast\u0101vokli.<\/p>","protected":false},"excerpt":{"rendered":"<p>Igap\u00e4evane multivitamiin koos 23 vitamiini ja mineraaliga, sh soja isoflavoonid, salvei ja ashwagandha. Meie keha muutudes muutuvad ka meie toitumisvajadused. Menopausi toidulisand&hellip;<\/p>","protected":false},"featured_media":8010,"comment_status":"open","ping_status":"closed","template":"","meta":{"wprm-recipe-roundup-name":"","wprm-recipe-roundup-description":""},"product_brand":[12063],"product_cat":[318],"product_tag":[346,320],"class_list":{"0":"post-8059","1":"product","2":"type-product","3":"status-publish","4":"has-post-thumbnail","6":"product_brand-vegetology","7":"product_cat-vegan-toidulisandid","8":"product_tag-menopaus","9":"product_tag-toidulisand","10":"j79_wcxd_expiry_type-best-before","12":"first","13":"instock","14":"taxable","15":"shipping-taxable","16":"purchasable","17":"product-type-simple"},"supplier_id":9147,"supplier_sku":"","barcode":"5060351380447","atum_controlled":true,"out_stock_date":null,"out_stock_threshold":null,"inheritable":false,"inbound_stock":0,"stock_on_hold":0,"sold_today":0,"sales_last_days":3,"reserved_stock":0,"customer_returns":0,"warehouse_damage":0,"lost_in_post":0,"other_logs":0,"out_stock_days":0,"lost_sales":0,"has_location":false,"update_date":"2026-05-13T12:28:12","atum_locations":[],"atum_stock_status":"instock","restock_status":false,"low_stock_amount":"","sales_update_date":"2026-05-13T12:28:12","calc_backorders":null,"aioseo_notices":[],"_links":{"self":[{"href":"https:\/\/ecoshop.ee\/lv\/wp-json\/wp\/v2\/product\/8059","targetHints":{"allow":["GET"]}}],"collection":[{"href":"https:\/\/ecoshop.ee\/lv\/wp-json\/wp\/v2\/product"}],"about":[{"href":"https:\/\/ecoshop.ee\/lv\/wp-json\/wp\/v2\/types\/product"}],"replies":[{"embeddable":true,"href":"https:\/\/ecoshop.ee\/lv\/wp-json\/wp\/v2\/comments?post=8059"}],"version-history":[{"count":0,"href":"https:\/\/ecoshop.ee\/lv\/wp-json\/wp\/v2\/product\/8059\/revisions"}],"wp:featuredmedia":[{"embeddable":true,"href":"https:\/\/ecoshop.ee\/lv\/wp-json\/wp\/v2\/media\/8010"}],"wp:attachment":[{"href":"https:\/\/ecoshop.ee\/lv\/wp-json\/wp\/v2\/media?parent=8059"}],"wp:term":[{"taxonomy":"product_brand","embeddable":true,"href":"https:\/\/ecoshop.ee\/lv\/wp-json\/wp\/v2\/product_brand?post=8059"},{"taxonomy":"product_cat","embeddable":true,"href":"https:\/\/ecoshop.ee\/lv\/wp-json\/wp\/v2\/product_cat?post=8059"},{"taxonomy":"product_tag","embeddable":true,"href":"https:\/\/ecoshop.ee\/lv\/wp-json\/wp\/v2\/product_tag?post=8059"}],"curies":[{"name":"wp","href":"https:\/\/api.w.org\/{rel}","templated":true}]}}