{"id":8446,"date":"2024-10-23T18:56:21","date_gmt":"2024-10-23T15:56:21","guid":{"rendered":"https:\/\/ecoshop.ee\/?post_type=product&#038;p=8446"},"modified":"2025-12-25T20:16:13","modified_gmt":"2025-12-25T17:16:13","slug":"clearspring-biologiskie-susi-risi-500g","status":"publish","type":"product","link":"https:\/\/ecoshop.ee\/lv\/sushi-koostisosad\/clearspring-mahe-sushi-riis-500g\/","title":{"rendered":"Clearspring biolo\u0123iskie su\u0161i r\u012bsi, 500g"},"content":{"rendered":"<p>Clearspringi biolo\u0123iskie su\u0161i r\u012bsi ir ide\u0101li piem\u0113roti gardu un perfekti pagatavotu r\u012bsu pagatavo\u0161anai, ko var izmantot Jap\u0101nas slaven\u0101kaj\u0101 \u0113dien\u0101 \u2013 su\u0161i. \u012asgraudu Selenio r\u012bsi ir \u013coti l\u012bdz\u012bgi Japonica r\u012bsiem, ko izmanto jap\u0101\u0146u su\u0161i. Biolo\u0123iski audz\u0113ti Pjemontas re\u0123ion\u0101 It\u0101lij\u0101, kur audz\u0113 ar\u012b slavenos risotto r\u012bsus.<\/p>\n<p>P\u0113c nogatavin\u0101\u0161anas r\u012bsi tiek perfekti nopul\u0113ti viet\u0113j\u0101 dzirnav\u0101s ar nosaukumu Trino. Lai ieg\u016btu baltos r\u012bsus, sl\u0101\u0146i zem s\u0113nalas tiek no\u0146emti, atst\u0101jot galvenok\u0101rt cieti saturo\u0161o endospermu.<\/p>\n<p><strong>Sagatavo\u0161ana:<\/strong><\/p>\n<p>Noskalojiet 1 gl\u0101zi (250 g) su\u0161i r\u012bsu aukst\u0101 \u016bden\u012b un nok\u0101siet. Ievietojiet r\u012bsus katli\u0146\u0101 ar 1\u00bc gl\u0101z\u0113m (310 ml) auksta \u016bdens. M\u0113rc\u0113jiet 30 min\u016btes. Uzkars\u0113jiet l\u012bdz v\u0101r\u012b\u0161an\u0101s temperat\u016brai, p\u0101rkl\u0101jiet un samaziniet siltumu l\u012bdz minimumam. V\u0101riet uz l\u0113nas uguns 10\u201312 min\u016btes vai l\u012bdz viss \u016bdens ir uzs\u016bcies. No\u0146emiet no uguns un \u013caujiet nost\u0101v\u0113ties, p\u0101rkl\u0101tam, 10 min\u016btes.<\/p>","protected":false},"excerpt":{"rendered":"<p>Clearspringi mahe sushi riis on ideaalne maitsva ja t\u00e4iuslikult k\u00fcpsetatud riisi valmistamiseks, mida saab kasutada Jaapani kuulsaimas roas, sushis. L\u00fchiteraline Selenio riis&hellip;<\/p>","protected":false},"featured_media":8448,"comment_status":"open","ping_status":"closed","template":"","meta":{"wprm-recipe-roundup-name":"","wprm-recipe-roundup-description":""},"product_brand":[12018],"product_cat":[348,303],"product_tag":[297,354,350],"class_list":{"0":"post-8446","1":"product","2":"type-product","3":"status-publish","4":"has-post-thumbnail","6":"product_brand-clearspring","7":"product_cat-sushi-koostisosad","8":"product_cat-mahetooted","9":"product_tag-mahe","10":"product_tag-riis","11":"product_tag-sushi","12":"j79_wcxd_expiry_type-best-before","14":"first","15":"instock","16":"taxable","17":"shipping-taxable","18":"purchasable","19":"product-type-simple"},"supplier_id":9160,"supplier_sku":"","barcode":"5021554986362","atum_controlled":true,"out_stock_date":null,"out_stock_threshold":null,"inheritable":false,"inbound_stock":0,"stock_on_hold":0,"sold_today":0,"sales_last_days":0,"reserved_stock":0,"customer_returns":0,"warehouse_damage":0,"lost_in_post":0,"other_logs":0,"out_stock_days":0,"lost_sales":0,"has_location":false,"update_date":"2026-03-07T01:16:11","atum_locations":[],"atum_stock_status":"instock","restock_status":false,"low_stock_amount":"","sales_update_date":"2026-03-07T01:16:11","calc_backorders":null,"aioseo_notices":[],"_links":{"self":[{"href":"https:\/\/ecoshop.ee\/lv\/wp-json\/wp\/v2\/product\/8446","targetHints":{"allow":["GET"]}}],"collection":[{"href":"https:\/\/ecoshop.ee\/lv\/wp-json\/wp\/v2\/product"}],"about":[{"href":"https:\/\/ecoshop.ee\/lv\/wp-json\/wp\/v2\/types\/product"}],"replies":[{"embeddable":true,"href":"https:\/\/ecoshop.ee\/lv\/wp-json\/wp\/v2\/comments?post=8446"}],"version-history":[{"count":0,"href":"https:\/\/ecoshop.ee\/lv\/wp-json\/wp\/v2\/product\/8446\/revisions"}],"wp:featuredmedia":[{"embeddable":true,"href":"https:\/\/ecoshop.ee\/lv\/wp-json\/wp\/v2\/media\/8448"}],"wp:attachment":[{"href":"https:\/\/ecoshop.ee\/lv\/wp-json\/wp\/v2\/media?parent=8446"}],"wp:term":[{"taxonomy":"product_brand","embeddable":true,"href":"https:\/\/ecoshop.ee\/lv\/wp-json\/wp\/v2\/product_brand?post=8446"},{"taxonomy":"product_cat","embeddable":true,"href":"https:\/\/ecoshop.ee\/lv\/wp-json\/wp\/v2\/product_cat?post=8446"},{"taxonomy":"product_tag","embeddable":true,"href":"https:\/\/ecoshop.ee\/lv\/wp-json\/wp\/v2\/product_tag?post=8446"}],"curies":[{"name":"wp","href":"https:\/\/api.w.org\/{rel}","templated":true}]}}