{"id":8498,"date":"2024-10-23T21:04:47","date_gmt":"2024-10-23T18:04:47","guid":{"rendered":"https:\/\/ecoshop.ee\/?post_type=product&#038;p=8498"},"modified":"2025-12-25T20:16:13","modified_gmt":"2025-12-25T17:16:13","slug":"japanu-biologiska-sojas-merce-yemon-tamari-500-ml","status":"publish","type":"product","link":"https:\/\/ecoshop.ee\/lv\/piimad-ja-maarded\/jaapani-mahe-yaemon-tamari-sojakaste-500ml\/","title":{"rendered":"Jap\u0101\u0146u biolo\u0123isk\u0101 sojas m\u0113rce &quot;Yaemon Tamari&quot;, 500ml"},"content":{"rendered":"<div class=\"flex max-w-full flex-col flex-grow\">\n<div class=\"min-h-8 text-message flex w-full flex-col items-end gap-2 whitespace-normal break-words [.text-message+&amp;]:mt-5\" dir=\"auto\" data-message-author-role=\"assistant\" data-message-id=\"b748a299-81a4-4e3b-ac46-868b66d1de19\" data-message-model-slug=\"gpt-4o\">\n<div class=\"flex w-full flex-col gap-1 empty:hidden first:pt-[3px]\">\n<div class=\"markdown prose w-full break-words dark:prose-invert dark\">\n<p>Clearspringi orgaaniline Tamari on gluteenivaba ja topeltkange sojakaste, mis on valmistatud mahep\u00f5llumajanduslikest tervetest sojaseemnetest. Kasutades iga pudeli jaoks kaks korda rohkem sojaseemneid kui tavalistes sojakastmetes saavutatakse sujuvam ja tasakaalustatum maitse. See on valmistatud 500 aastat vana retsepti j\u00e4rgi ning naturaalselt fermenteeritud ja laagerdunud seedripuust t\u00fcnnides kahe suve jooksul. Clearspringi Tamari sojakaste on auhinnatud rikkaliku, kompleksse ja kontsentreeritud, kuid mitte \u00fclekaaluka maitse poolest. Ideaalne kastmeks, sushi ja sashimi kaaslaseks ning suurep\u00e4rane lisand salatikastmetele, marinaadidele, kastmetele, vokiroogadele ja k\u00fcpsetatud k\u00f6\u00f6giviljadele.<\/p>\n<ul>\n<li>Rikkalik ja t\u00e4idlane maitse<\/li>\n<li>Gluteenivaba, piimavaba, laktoosivaba ja vegan<\/li>\n<\/ul>\n<p>Clearspringi Tamari on k\u00f5rge kvaliteediga ja autentse Jaapani maitse saavutamiseks parim valik.<\/p>\n<\/div>\n<\/div>\n<\/div>\n<\/div>\n","protected":false},"excerpt":{"rendered":"<p>Clearspringi Organic Tamari ir bezglut\u0113na, divk\u0101r\u0161as koncentr\u0101cijas sojas m\u0113rce, kas pagatavota no biolo\u0123isk\u0101m vesel\u0101m sojas pupi\u0146\u0101m. Katr\u0101 pudel\u0113 tiek izmantots divreiz vair\u0101k sojas pupi\u0146u\u2026<\/p>","protected":false},"featured_media":8501,"comment_status":"open","ping_status":"closed","template":"","meta":{"wprm-recipe-roundup-name":"","wprm-recipe-roundup-description":""},"product_brand":[],"product_cat":[325,303,302],"product_tag":[296,297,353,359,360],"class_list":{"0":"post-8498","1":"product","2":"type-product","3":"status-publish","4":"has-post-thumbnail","6":"product_cat-piimad-ja-maarded","7":"product_cat-mahetooted","8":"product_cat-gluteenivaba","9":"product_tag-gluteenivaba","10":"product_tag-mahe","11":"product_tag-sojakaste","12":"product_tag-tamari","13":"product_tag-yaemon","14":"j79_wcxd_expiry_type-expiry-date","16":"first","17":"instock","18":"taxable","19":"shipping-taxable","20":"purchasable","21":"product-type-simple"},"supplier_id":9160,"supplier_sku":"","barcode":"5021554002222","atum_controlled":true,"out_stock_date":null,"out_stock_threshold":null,"inheritable":false,"inbound_stock":0,"stock_on_hold":0,"sold_today":0,"sales_last_days":0,"reserved_stock":0,"customer_returns":0,"warehouse_damage":0,"lost_in_post":0,"other_logs":0,"out_stock_days":0,"lost_sales":0,"has_location":false,"update_date":"2026-03-07T01:16:11","atum_locations":[],"atum_stock_status":"instock","restock_status":false,"low_stock_amount":"","sales_update_date":"2026-03-07T01:16:11","calc_backorders":null,"aioseo_notices":[],"_links":{"self":[{"href":"https:\/\/ecoshop.ee\/lv\/wp-json\/wp\/v2\/product\/8498","targetHints":{"allow":["GET"]}}],"collection":[{"href":"https:\/\/ecoshop.ee\/lv\/wp-json\/wp\/v2\/product"}],"about":[{"href":"https:\/\/ecoshop.ee\/lv\/wp-json\/wp\/v2\/types\/product"}],"replies":[{"embeddable":true,"href":"https:\/\/ecoshop.ee\/lv\/wp-json\/wp\/v2\/comments?post=8498"}],"version-history":[{"count":0,"href":"https:\/\/ecoshop.ee\/lv\/wp-json\/wp\/v2\/product\/8498\/revisions"}],"wp:featuredmedia":[{"embeddable":true,"href":"https:\/\/ecoshop.ee\/lv\/wp-json\/wp\/v2\/media\/8501"}],"wp:attachment":[{"href":"https:\/\/ecoshop.ee\/lv\/wp-json\/wp\/v2\/media?parent=8498"}],"wp:term":[{"taxonomy":"product_brand","embeddable":true,"href":"https:\/\/ecoshop.ee\/lv\/wp-json\/wp\/v2\/product_brand?post=8498"},{"taxonomy":"product_cat","embeddable":true,"href":"https:\/\/ecoshop.ee\/lv\/wp-json\/wp\/v2\/product_cat?post=8498"},{"taxonomy":"product_tag","embeddable":true,"href":"https:\/\/ecoshop.ee\/lv\/wp-json\/wp\/v2\/product_tag?post=8498"}],"curies":[{"name":"wp","href":"https:\/\/api.w.org\/{rel}","templated":true}]}}