{"id":8502,"date":"2024-10-23T21:12:17","date_gmt":"2024-10-23T18:12:17","guid":{"rendered":"https:\/\/ecoshop.ee\/?post_type=product&#038;p=8502"},"modified":"2025-12-25T20:16:13","modified_gmt":"2025-12-25T17:16:13","slug":"japanu-biologiska-sojas-merce-yaemon-tamari-150-ml","status":"publish","type":"product","link":"https:\/\/ecoshop.ee\/lv\/piimad-ja-maarded\/jaapani-mahe-yaemon-tamari-sojakaste-150ml\/","title":{"rendered":"Jap\u0101\u0146u biolo\u0123isk\u0101 sojas m\u0113rce &quot;Yaemon Tamari&quot;, 150ml"},"content":{"rendered":"<p>Clearspringi Organic Tamari ir bezglut\u0113na, divk\u0101r\u0161as koncentr\u0101cijas sojas m\u0113rce, kas pagatavota no biolo\u0123isk\u0101m vesel\u0101m sojas pupi\u0146\u0101m. Izmantojot divreiz vair\u0101k sojas pupi\u0146u vien\u0101 pudel\u0113 sal\u012bdzin\u0101jum\u0101 ar parastaj\u0101m sojas m\u0113rc\u0113m, t\u0101 ieg\u016bst maig\u0101ku un sabalans\u0113t\u0101ku gar\u0161u. T\u0101 ir pagatavota p\u0113c 500 gadus vecas receptes un tiek dabiski ferment\u0113ta un divas vasaras iztur\u0113ta ciedra muc\u0101s. Clearspringi Tamari sojas m\u0113rce ir ieguvusi godalgotu v\u0113rt\u0113jumu par savu bag\u0101t\u012bgo, komplekso un koncentr\u0113to, tom\u0113r ne p\u0101r\u0101k uzb\u0101z\u012bgo gar\u0161u. Lieliski piem\u0113rota k\u0101 m\u0113rce, k\u0101 piedeva su\u0161i un sa\u0161imi, k\u0101 ar\u012b lieliska piedeva sal\u0101tu m\u0113rc\u0113m, marin\u0101d\u0113m, m\u0113rc\u0113m, vokpann\u0101 ceptiem \u0113dieniem un v\u0101r\u012btiem d\u0101rze\u0146iem.<\/p>\n<ul>\n<li>Bag\u0101t\u012bga un pilnv\u0113rt\u012bga gar\u0161a<\/li>\n<li>Bez glut\u0113na, bez piena produktiem, bez laktozes un veg\u0101ns<\/li>\n<\/ul>\n<p>Clearspringi Tamari ir lab\u0101k\u0101 izv\u0113le, ja mekl\u0113jat augstu kvalit\u0101ti un autentisku jap\u0101\u0146u gar\u0161u.<\/p>","protected":false},"excerpt":{"rendered":"<p>Clearspringi Organic Tamari ir bezglut\u0113na, divk\u0101r\u0161as koncentr\u0101cijas sojas m\u0113rce, kas pagatavota no biolo\u0123isk\u0101m vesel\u0101m sojas pupi\u0146\u0101m. Katr\u0101 pudel\u0113 tiek izmantots divreiz vair\u0101k sojas pupi\u0146u\u2026<\/p>","protected":false},"featured_media":8503,"comment_status":"open","ping_status":"closed","template":"","meta":{"wprm-recipe-roundup-name":"","wprm-recipe-roundup-description":""},"product_brand":[],"product_cat":[325,303,302],"product_tag":[296,297,353,359],"class_list":{"0":"post-8502","1":"product","2":"type-product","3":"status-publish","4":"has-post-thumbnail","6":"product_cat-piimad-ja-maarded","7":"product_cat-mahetooted","8":"product_cat-gluteenivaba","9":"product_tag-gluteenivaba","10":"product_tag-mahe","11":"product_tag-sojakaste","12":"product_tag-tamari","13":"j79_wcxd_expiry_type-expiry-date","15":"first","16":"instock","17":"taxable","18":"shipping-taxable","19":"purchasable","20":"product-type-simple"},"supplier_id":9160,"supplier_sku":"","barcode":"5021554984931","atum_controlled":true,"out_stock_date":null,"out_stock_threshold":null,"inheritable":false,"inbound_stock":0,"stock_on_hold":0,"sold_today":0,"sales_last_days":0,"reserved_stock":0,"customer_returns":0,"warehouse_damage":0,"lost_in_post":0,"other_logs":0,"out_stock_days":0,"lost_sales":0,"has_location":false,"update_date":"2026-03-07T01:16:11","atum_locations":[],"atum_stock_status":"instock","restock_status":false,"low_stock_amount":"","sales_update_date":"2026-03-07T01:16:11","calc_backorders":null,"aioseo_notices":[],"_links":{"self":[{"href":"https:\/\/ecoshop.ee\/lv\/wp-json\/wp\/v2\/product\/8502","targetHints":{"allow":["GET"]}}],"collection":[{"href":"https:\/\/ecoshop.ee\/lv\/wp-json\/wp\/v2\/product"}],"about":[{"href":"https:\/\/ecoshop.ee\/lv\/wp-json\/wp\/v2\/types\/product"}],"replies":[{"embeddable":true,"href":"https:\/\/ecoshop.ee\/lv\/wp-json\/wp\/v2\/comments?post=8502"}],"version-history":[{"count":0,"href":"https:\/\/ecoshop.ee\/lv\/wp-json\/wp\/v2\/product\/8502\/revisions"}],"wp:featuredmedia":[{"embeddable":true,"href":"https:\/\/ecoshop.ee\/lv\/wp-json\/wp\/v2\/media\/8503"}],"wp:attachment":[{"href":"https:\/\/ecoshop.ee\/lv\/wp-json\/wp\/v2\/media?parent=8502"}],"wp:term":[{"taxonomy":"product_brand","embeddable":true,"href":"https:\/\/ecoshop.ee\/lv\/wp-json\/wp\/v2\/product_brand?post=8502"},{"taxonomy":"product_cat","embeddable":true,"href":"https:\/\/ecoshop.ee\/lv\/wp-json\/wp\/v2\/product_cat?post=8502"},{"taxonomy":"product_tag","embeddable":true,"href":"https:\/\/ecoshop.ee\/lv\/wp-json\/wp\/v2\/product_tag?post=8502"}],"curies":[{"name":"wp","href":"https:\/\/api.w.org\/{rel}","templated":true}]}}