{"id":8506,"date":"2024-10-23T21:33:56","date_gmt":"2024-10-23T18:33:56","guid":{"rendered":"https:\/\/ecoshop.ee\/?post_type=product&#038;p=8506"},"modified":"2025-12-25T20:16:14","modified_gmt":"2025-12-25T17:16:14","slug":"biologiska-japanu-sojas-merce-shoyu-500-ml","status":"publish","type":"product","link":"https:\/\/ecoshop.ee\/lv\/piimad-ja-maarded\/mahe-jaapani-shoyu-sojakaste-500ml\/","title":{"rendered":"Biolo\u0123isk\u0101 jap\u0101\u0146u sojas m\u0113rce &quot;Shoyu&quot;, 500ml"},"content":{"rendered":"<p>\u0160\u012b godalgot\u0101 sojas m\u0113rce izce\u013cas starp vairuma tirg\u016b pieejamo produktu. T\u0101 ir augst\u0101k\u0101s kvalit\u0101tes, ko m\u016bsu meistars gatavo p\u0113c tradicion\u0101las receptes. M\u0113rce satur biolo\u0123iskas veselas sojas pupi\u0146as, nevis sojas izol\u0101tus, un grauzd\u0113tus pilngraudu kvie\u0161us, kas l\u0113ni tiek iztur\u0113ti ciedra muc\u0101s, izmantojot dabisko ferment\u0101cijas procesu.<\/p>","protected":false},"excerpt":{"rendered":"<p>See auhinnatud sojakaste eristub selgelt enamikust turul olevatest toodetest. See on parima kvaliteediga, valmistatud meie k\u00e4sit\u00f6\u00f6meistri poolt traditsioonilise retsepti j\u00e4rgi. Kaste sisaldab&hellip;<\/p>","protected":false},"featured_media":8510,"comment_status":"open","ping_status":"closed","template":"","meta":{"wprm-recipe-roundup-name":"","wprm-recipe-roundup-description":""},"product_brand":[],"product_cat":[325,303],"product_tag":[362,297,361,353],"class_list":{"0":"post-8506","1":"product","2":"type-product","3":"status-publish","4":"has-post-thumbnail","6":"product_cat-piimad-ja-maarded","7":"product_cat-mahetooted","8":"product_tag-clearspring","9":"product_tag-mahe","10":"product_tag-shoyu","11":"product_tag-sojakaste","12":"j79_wcxd_expiry_type-expiry-date","14":"first","15":"instock","16":"taxable","17":"shipping-taxable","18":"purchasable","19":"product-type-simple"},"supplier_id":9160,"supplier_sku":"","barcode":"5021554002192","atum_controlled":true,"out_stock_date":null,"out_stock_threshold":null,"inheritable":false,"inbound_stock":0,"stock_on_hold":0,"sold_today":0,"sales_last_days":0,"reserved_stock":0,"customer_returns":0,"warehouse_damage":0,"lost_in_post":0,"other_logs":0,"out_stock_days":0,"lost_sales":0,"has_location":false,"update_date":"2026-03-07T01:16:11","atum_locations":[],"atum_stock_status":"instock","restock_status":false,"low_stock_amount":"","sales_update_date":"2026-03-07T01:16:11","calc_backorders":null,"aioseo_notices":[],"_links":{"self":[{"href":"https:\/\/ecoshop.ee\/lv\/wp-json\/wp\/v2\/product\/8506","targetHints":{"allow":["GET"]}}],"collection":[{"href":"https:\/\/ecoshop.ee\/lv\/wp-json\/wp\/v2\/product"}],"about":[{"href":"https:\/\/ecoshop.ee\/lv\/wp-json\/wp\/v2\/types\/product"}],"replies":[{"embeddable":true,"href":"https:\/\/ecoshop.ee\/lv\/wp-json\/wp\/v2\/comments?post=8506"}],"version-history":[{"count":0,"href":"https:\/\/ecoshop.ee\/lv\/wp-json\/wp\/v2\/product\/8506\/revisions"}],"wp:featuredmedia":[{"embeddable":true,"href":"https:\/\/ecoshop.ee\/lv\/wp-json\/wp\/v2\/media\/8510"}],"wp:attachment":[{"href":"https:\/\/ecoshop.ee\/lv\/wp-json\/wp\/v2\/media?parent=8506"}],"wp:term":[{"taxonomy":"product_brand","embeddable":true,"href":"https:\/\/ecoshop.ee\/lv\/wp-json\/wp\/v2\/product_brand?post=8506"},{"taxonomy":"product_cat","embeddable":true,"href":"https:\/\/ecoshop.ee\/lv\/wp-json\/wp\/v2\/product_cat?post=8506"},{"taxonomy":"product_tag","embeddable":true,"href":"https:\/\/ecoshop.ee\/lv\/wp-json\/wp\/v2\/product_tag?post=8506"}],"curies":[{"name":"wp","href":"https:\/\/api.w.org\/{rel}","templated":true}]}}