{"id":8517,"date":"2024-10-24T00:02:34","date_gmt":"2024-10-23T21:02:34","guid":{"rendered":"https:\/\/ecoshop.ee\/?post_type=product&#038;p=8517"},"modified":"2025-12-25T20:16:14","modified_gmt":"2025-12-25T17:16:14","slug":"bezglutena-brunie-risi-ar-pilngraudu-makaroniem-kinoa-un-amarantu","status":"publish","type":"product","link":"https:\/\/ecoshop.ee\/lv\/pastad-ja-nuudlid\/gluteenivaba-pruuni-riisi-taisterapasta-kinoa-ja-amarantiga\/","title":{"rendered":"Bezglut\u0113na br\u016bnie r\u012bsi ar pilngraudu makaroniem, ar kinoa un amarantu, 250g"},"content":{"rendered":"<p>Clearspringi biolo\u0123isk\u0101 pilngraudu penne pasta ir gatavota no br\u016bno r\u012bsu miltu un dabiski bezglut\u0113na seno graudu kinoa un amaranta mais\u012bjuma, k\u0101 ar\u012b no biolo\u0123iskas Eiropas kukur\u016bzas. \u0160\u012b maigi aromatiz\u0113t\u0101 penne pasta ir ra\u017eota It\u0101lij\u0101 otr\u0101s paaudzes dzirnavnieku \u0123imen\u0113s, un tai ir stingra tekst\u016bra, kas lieliski sader ar j\u016bsu iecien\u012bt\u0101kaj\u0101m m\u0113rc\u0113m.<\/p>\n<ul>\n<li>Bez glut\u0113na<\/li>\n<li>\u0160\u0137iedrvielu avots<\/li>\n<li>Zems tauku saturs<\/li>\n<li>Zems s\u0101ls saturs<\/li>\n<li>Bez \u0122MO<\/li>\n<\/ul>\n<p><strong>Sagatavo\u0161ana:<\/strong><\/p>\n<p>Uzv\u0101riet daudz \u016bdens ar \u0161\u0137ipsni\u0146u s\u0101ls. Pievienojiet 80 g makaronu uz porciju. V\u0101riet 7 min\u016btes, lai ieg\u016btu perfektu \u201cal dente\u201d konsistenci, ik pa laikam apmaisot. M\u012bkst\u0101kiem makaroniem v\u0101riet v\u0113l vienu min\u016bti. Nok\u0101siet caur sietu un nekav\u0113joties pasniedziet ar savu iecien\u012bt\u0101ko m\u0113rci.<\/p>\n<p>Porcija1TP185Ieteikums: Br\u016bno r\u012bsu pasta ar kinoa un amarantu ir ide\u0101li piem\u0113rota ar\u012b k\u0101 sal\u0101tu b\u0101ze. P\u0113c pagatavo\u0161anas noskalojiet zem auksta teko\u0161a \u016bdens un sajauciet ar svaig\u0101m sast\u0101vda\u013c\u0101m un izv\u0113l\u0113to m\u0113rci.**<\/p>","protected":false},"excerpt":{"rendered":"<p>Clearspringi mahe penne t\u00e4isterapasta on valmistatud pruuni riisijahu ja looduslikult gluteenivabade iidsete teraviljade kinoa ja amarandi segust ning mahedast Euroopa maisist. Valmistatud&hellip;<\/p>","protected":false},"featured_media":8519,"comment_status":"open","ping_status":"closed","template":"","meta":{"wprm-recipe-roundup-name":"","wprm-recipe-roundup-description":""},"product_brand":[],"product_cat":[363,303,302],"product_tag":[296,297,365,364,366],"class_list":{"0":"post-8517","1":"product","2":"type-product","3":"status-publish","4":"has-post-thumbnail","6":"product_cat-pastad-ja-nuudlid","7":"product_cat-mahetooted","8":"product_cat-gluteenivaba","9":"product_tag-gluteenivaba","10":"product_tag-mahe","11":"product_tag-pasta","12":"product_tag-penne","13":"product_tag-taisterapasta","14":"j79_wcxd_expiry_type-expiry-date","16":"first","17":"outofstock","18":"taxable","19":"shipping-taxable","20":"purchasable","21":"product-type-simple"},"supplier_id":9160,"supplier_sku":"","barcode":"5021554003557","atum_controlled":true,"out_stock_date":"2025-09-20 00:09:51","out_stock_threshold":null,"inheritable":false,"inbound_stock":0,"stock_on_hold":0,"sold_today":0,"sales_last_days":0,"reserved_stock":0,"customer_returns":0,"warehouse_damage":0,"lost_in_post":0,"other_logs":0,"out_stock_days":168,"lost_sales":0,"has_location":false,"update_date":"2026-03-07T01:16:11","atum_locations":[],"atum_stock_status":"outofstock","restock_status":false,"low_stock_amount":"","sales_update_date":"2026-03-07T01:16:11","calc_backorders":null,"aioseo_notices":[],"_links":{"self":[{"href":"https:\/\/ecoshop.ee\/lv\/wp-json\/wp\/v2\/product\/8517","targetHints":{"allow":["GET"]}}],"collection":[{"href":"https:\/\/ecoshop.ee\/lv\/wp-json\/wp\/v2\/product"}],"about":[{"href":"https:\/\/ecoshop.ee\/lv\/wp-json\/wp\/v2\/types\/product"}],"replies":[{"embeddable":true,"href":"https:\/\/ecoshop.ee\/lv\/wp-json\/wp\/v2\/comments?post=8517"}],"version-history":[{"count":0,"href":"https:\/\/ecoshop.ee\/lv\/wp-json\/wp\/v2\/product\/8517\/revisions"}],"wp:featuredmedia":[{"embeddable":true,"href":"https:\/\/ecoshop.ee\/lv\/wp-json\/wp\/v2\/media\/8519"}],"wp:attachment":[{"href":"https:\/\/ecoshop.ee\/lv\/wp-json\/wp\/v2\/media?parent=8517"}],"wp:term":[{"taxonomy":"product_brand","embeddable":true,"href":"https:\/\/ecoshop.ee\/lv\/wp-json\/wp\/v2\/product_brand?post=8517"},{"taxonomy":"product_cat","embeddable":true,"href":"https:\/\/ecoshop.ee\/lv\/wp-json\/wp\/v2\/product_cat?post=8517"},{"taxonomy":"product_tag","embeddable":true,"href":"https:\/\/ecoshop.ee\/lv\/wp-json\/wp\/v2\/product_tag?post=8517"}],"curies":[{"name":"wp","href":"https:\/\/api.w.org\/{rel}","templated":true}]}}