{"id":8546,"date":"2024-10-24T21:23:58","date_gmt":"2024-10-24T18:23:58","guid":{"rendered":"https:\/\/ecoshop.ee\/?post_type=product&#038;p=8546"},"modified":"2025-12-25T20:12:41","modified_gmt":"2025-12-25T17:12:41","slug":"maigas-balto-kviesu-penne-rigate-500g","status":"publish","type":"product","link":"https:\/\/ecoshop.ee\/lv\/pastad-ja-nuudlid\/mahe-taistera-penne-rigate-500g\/","title":{"rendered":"Biolo\u0123iskie pilngraudu penne rigate, 500g"},"content":{"rendered":"<div class=\"flex max-w-full flex-col flex-grow\">\n<div class=\"min-h-8 text-message flex w-full flex-col items-end gap-2 whitespace-normal break-words [.text-message+&amp;]:mt-5\" dir=\"auto\" data-message-author-role=\"assistant\" data-message-id=\"4b2d289e-9491-4108-990c-46b44b831355\" data-message-model-slug=\"gpt-4o\">\n<div class=\"flex w-full flex-col gap-1 empty:hidden first:pt-[3px]\">\n<div class=\"markdown prose w-full break-words dark:prose-invert dark\">\n<p>Lori mahe t\u00e4istera Penne Rigate on valmistatud 100% mahep\u00f5llumajanduslikust t\u00e4isterajahust, pakkudes rikkalikku maitset ja kindlat tekstuuri. See penne on toitaineterikas ja suurep\u00e4rane kiudainete allikas, sobides h\u00e4sti erinevate kastmete ja roogade juurde. Naudi seda tervislikku ja maitsek\u00fcllast pastat nii igap\u00e4evastel einetel kui ka erilistel puhkudel. Keetmisaeg 6-8 min.<\/p>\n<ul>\n<li>T\u00e4istera<\/li>\n<li>Kiudaineterikas<\/li>\n<li>Orgaaniline<\/li>\n<li>Suurep\u00e4rane tekstuur ja maitse<\/li>\n<\/ul>\n<\/div>\n<\/div>\n<\/div>\n<\/div>\n<div class=\"mb-2 flex gap-3 empty:hidden -ml-2\"><\/div>\n","protected":false},"excerpt":{"rendered":"<p>Lori mahe t\u00e4istera Penne Rigate on valmistatud 100% mahep\u00f5llumajanduslikust t\u00e4isterajahust, pakkudes rikkalikku maitset ja kindlat tekstuuri. See penne on toitaineterikas ja suurep\u00e4rane&hellip;<\/p>","protected":false},"featured_media":8549,"comment_status":"open","ping_status":"closed","template":"","meta":{"wprm-recipe-roundup-name":"","wprm-recipe-roundup-description":""},"product_brand":[],"product_cat":[363,303],"product_tag":[297,365,364,374,366],"class_list":{"0":"post-8546","1":"product","2":"type-product","3":"status-publish","4":"has-post-thumbnail","6":"product_cat-pastad-ja-nuudlid","7":"product_cat-mahetooted","8":"product_tag-mahe","9":"product_tag-pasta","10":"product_tag-penne","11":"product_tag-taistera","12":"product_tag-taisterapasta","13":"j79_wcxd_expiry_type-expiry-date","15":"first","16":"instock","17":"taxable","18":"shipping-taxable","19":"purchasable","20":"product-type-simple"},"supplier_id":9160,"supplier_sku":"","barcode":"8020340014194","atum_controlled":true,"out_stock_date":null,"out_stock_threshold":null,"inheritable":false,"inbound_stock":0,"stock_on_hold":0,"sold_today":0,"sales_last_days":0,"reserved_stock":0,"customer_returns":0,"warehouse_damage":0,"lost_in_post":0,"other_logs":0,"out_stock_days":0,"lost_sales":0,"has_location":false,"update_date":"2026-03-07T01:16:11","atum_locations":[],"atum_stock_status":"instock","restock_status":false,"low_stock_amount":"","sales_update_date":"2026-03-07T01:16:11","calc_backorders":null,"aioseo_notices":[],"_links":{"self":[{"href":"https:\/\/ecoshop.ee\/lv\/wp-json\/wp\/v2\/product\/8546","targetHints":{"allow":["GET"]}}],"collection":[{"href":"https:\/\/ecoshop.ee\/lv\/wp-json\/wp\/v2\/product"}],"about":[{"href":"https:\/\/ecoshop.ee\/lv\/wp-json\/wp\/v2\/types\/product"}],"replies":[{"embeddable":true,"href":"https:\/\/ecoshop.ee\/lv\/wp-json\/wp\/v2\/comments?post=8546"}],"version-history":[{"count":0,"href":"https:\/\/ecoshop.ee\/lv\/wp-json\/wp\/v2\/product\/8546\/revisions"}],"wp:featuredmedia":[{"embeddable":true,"href":"https:\/\/ecoshop.ee\/lv\/wp-json\/wp\/v2\/media\/8549"}],"wp:attachment":[{"href":"https:\/\/ecoshop.ee\/lv\/wp-json\/wp\/v2\/media?parent=8546"}],"wp:term":[{"taxonomy":"product_brand","embeddable":true,"href":"https:\/\/ecoshop.ee\/lv\/wp-json\/wp\/v2\/product_brand?post=8546"},{"taxonomy":"product_cat","embeddable":true,"href":"https:\/\/ecoshop.ee\/lv\/wp-json\/wp\/v2\/product_cat?post=8546"},{"taxonomy":"product_tag","embeddable":true,"href":"https:\/\/ecoshop.ee\/lv\/wp-json\/wp\/v2\/product_tag?post=8546"}],"curies":[{"name":"wp","href":"https:\/\/api.w.org\/{rel}","templated":true}]}}