{"id":8559,"date":"2024-10-24T22:00:41","date_gmt":"2024-10-24T19:00:41","guid":{"rendered":"https:\/\/ecoshop.ee\/?post_type=product&#038;p=8559"},"modified":"2025-12-25T20:12:41","modified_gmt":"2025-12-25T17:12:41","slug":"biologiskie-mannas-kruasani-500g","status":"publish","type":"product","link":"https:\/\/ecoshop.ee\/lv\/pastad-ja-nuudlid\/mahe-kovanisumanna-sarvekesed-500g\/","title":{"rendered":"Biolo\u0123iskie cieto kvie\u0161u mannas kruas\u0101ni, 500g"},"content":{"rendered":"<p>Biolo\u0123isko cieto kvie\u0161u mannas makaronu kruas\u0101ni ir gatavoti no 100% biolo\u0123isk\u0101s cieto kvie\u0161u mannas, pied\u0101v\u0101jot bag\u0101t\u012bgu gar\u0161u un stingru tekst\u016bru. \u0160ie klasiskie kruas\u0101ni lieliski sader ar da\u017e\u0101d\u0101m m\u0113rc\u0113m un \u0113dieniem, saglab\u0101jot savu formu un \u201cal dente\u201d tekst\u016bru. Ide\u0101la izv\u0113le gardai un vesel\u012bgai malt\u012btei visai \u0123imenei. Gatavo\u0161anas laiks: 6\u20138 min\u016btes. Uzglab\u0101t v\u0113s\u0101 un saus\u0101 viet\u0101.<\/p>","protected":false},"excerpt":{"rendered":"<p>Mahe k\u00f5vanisumanna pasta sarvekesed on valmistatud 100% mahep\u00f5llumajanduslikust k\u00f5vanisumannast, pakkudes rikkalikku maitset ja kindlat tekstuuri. Need klassikalised sarvekesed sobivad suurep\u00e4raselt erinevate kastmete&hellip;<\/p>","protected":false},"featured_media":8555,"comment_status":"open","ping_status":"closed","template":"","meta":{"wprm-recipe-roundup-name":"","wprm-recipe-roundup-description":""},"product_brand":[],"product_cat":[363,303],"product_tag":[297,365,375],"class_list":{"0":"post-8559","1":"product","2":"type-product","3":"status-publish","4":"has-post-thumbnail","6":"product_cat-pastad-ja-nuudlid","7":"product_cat-mahetooted","8":"product_tag-mahe","9":"product_tag-pasta","10":"product_tag-sarvekesed","11":"j79_wcxd_expiry_type-expiry-date","13":"first","14":"instock","15":"taxable","16":"shipping-taxable","17":"purchasable","18":"product-type-simple"},"supplier_id":9160,"supplier_sku":"","barcode":"8020340005383","atum_controlled":true,"out_stock_date":null,"out_stock_threshold":null,"inheritable":false,"inbound_stock":0,"stock_on_hold":0,"sold_today":0,"sales_last_days":0,"reserved_stock":0,"customer_returns":0,"warehouse_damage":0,"lost_in_post":0,"other_logs":0,"out_stock_days":0,"lost_sales":0,"has_location":false,"update_date":"2026-03-07T01:16:11","atum_locations":[],"atum_stock_status":"instock","restock_status":false,"low_stock_amount":"","sales_update_date":"2026-03-07T01:16:11","calc_backorders":null,"aioseo_notices":[],"_links":{"self":[{"href":"https:\/\/ecoshop.ee\/lv\/wp-json\/wp\/v2\/product\/8559","targetHints":{"allow":["GET"]}}],"collection":[{"href":"https:\/\/ecoshop.ee\/lv\/wp-json\/wp\/v2\/product"}],"about":[{"href":"https:\/\/ecoshop.ee\/lv\/wp-json\/wp\/v2\/types\/product"}],"replies":[{"embeddable":true,"href":"https:\/\/ecoshop.ee\/lv\/wp-json\/wp\/v2\/comments?post=8559"}],"version-history":[{"count":0,"href":"https:\/\/ecoshop.ee\/lv\/wp-json\/wp\/v2\/product\/8559\/revisions"}],"wp:featuredmedia":[{"embeddable":true,"href":"https:\/\/ecoshop.ee\/lv\/wp-json\/wp\/v2\/media\/8555"}],"wp:attachment":[{"href":"https:\/\/ecoshop.ee\/lv\/wp-json\/wp\/v2\/media?parent=8559"}],"wp:term":[{"taxonomy":"product_brand","embeddable":true,"href":"https:\/\/ecoshop.ee\/lv\/wp-json\/wp\/v2\/product_brand?post=8559"},{"taxonomy":"product_cat","embeddable":true,"href":"https:\/\/ecoshop.ee\/lv\/wp-json\/wp\/v2\/product_cat?post=8559"},{"taxonomy":"product_tag","embeddable":true,"href":"https:\/\/ecoshop.ee\/lv\/wp-json\/wp\/v2\/product_tag?post=8559"}],"curies":[{"name":"wp","href":"https:\/\/api.w.org\/{rel}","templated":true}]}}